{"id":1691,"date":"2025-08-04T13:07:02","date_gmt":"2025-08-04T13:07:02","guid":{"rendered":"https:\/\/rebranding-africa.com\/?page_id=1691"},"modified":"2025-10-24T12:24:29","modified_gmt":"2025-10-24T12:24:29","slug":"politique-de-confidentialite","status":"publish","type":"page","link":"https:\/\/rebranding-africa.com\/en\/politique-de-confidentialite\/","title":{"rendered":"Politique de confidentialit\u00e9"},"content":{"rendered":"<div data-elementor-type=\"wp-page\" data-elementor-id=\"1691\" class=\"elementor elementor-1691\" data-elementor-post-type=\"page\">\n\t\t\t\t<div class=\"elementor-element elementor-element-3e34d36 hero e-flex e-con-boxed e-con e-parent\" data-id=\"3e34d36\" data-element_type=\"container\" data-e-type=\"container\" data-settings=\"{&quot;background_background&quot;:&quot;classic&quot;}\">\n\t\t\t\t\t<div class=\"e-con-inner\">\n\t\t<div class=\"elementor-element elementor-element-fc4e69f e-con-full e-flex e-con e-child\" data-id=\"fc4e69f\" data-element_type=\"container\" data-e-type=\"container\">\n\t\t<div class=\"elementor-element elementor-element-0c33614 e-con-full e-flex e-con e-child\" data-id=\"0c33614\" data-element_type=\"container\" data-e-type=\"container\">\n\t\t\t\t<div class=\"elementor-element elementor-element-0bedb85 elementor-widget elementor-widget-heading\" data-id=\"0bedb85\" data-element_type=\"widget\" data-e-type=\"widget\" data-widget_type=\"heading.default\">\n\t\t\t\t\t<h1 class=\"elementor-heading-title elementor-size-default\">Politique de confidentialit\u00e9<\/h1>\t\t\t\t<\/div>\n\t\t\t\t<\/div>\n\t\t\t\t<\/div>\n\t\t<div class=\"elementor-element elementor-element-a21f2e9 e-con-full e-flex e-con e-child\" data-id=\"a21f2e9\" data-element_type=\"container\" data-e-type=\"container\">\n\t\t\t\t<div class=\"elementor-element elementor-element-b3ab2d0 elementor-widget elementor-widget-image\" data-id=\"b3ab2d0\" data-element_type=\"widget\" data-e-type=\"widget\" data-widget_type=\"image.default\">\n\t\t\t\t\t\t\t\t\t\t\t\t\t\t\t<img fetchpriority=\"high\" decoding=\"async\" width=\"461\" height=\"308\" src=\"https:\/\/rebranding-africa.com\/wp-content\/uploads\/2025\/09\/image11.png\" class=\"attachment-large size-large wp-image-4167\" alt=\"\" srcset=\"https:\/\/rebranding-africa.com\/wp-content\/uploads\/2025\/09\/image11.png 461w, https:\/\/rebranding-africa.com\/wp-content\/uploads\/2025\/09\/image11-300x200.png 300w, https:\/\/rebranding-africa.com\/wp-content\/uploads\/2025\/09\/image11-200x134.png 200w\" sizes=\"(max-width: 461px) 100vw, 461px\" \/>\t\t\t\t\t\t\t\t\t\t\t\t\t\t\t<\/div>\n\t\t\t\t<\/div>\n\t\t\t\t\t<\/div>\n\t\t\t\t<\/div>\n\t\t<div class=\"elementor-element elementor-element-87cc177 section-1 e-flex e-con-boxed e-con e-parent\" data-id=\"87cc177\" data-element_type=\"container\" data-e-type=\"container\" data-settings=\"{&quot;background_background&quot;:&quot;classic&quot;}\">\n\t\t\t\t\t<div class=\"e-con-inner\">\n\t\t\t\t<div class=\"elementor-element elementor-element-813b55a text-section-1 elementor-widget elementor-widget-text-editor\" data-id=\"813b55a\" data-element_type=\"widget\" data-e-type=\"widget\" data-widget_type=\"text-editor.default\">\n\t\t\t\t\t\t\t\t\t<p><strong>Derni\u00e8re mise \u00e0 jour : 1<sup>er<\/sup> octobre 2025<\/strong><\/p><p>La pr\u00e9sente politique de confidentialit\u00e9 d\u00e9crit la mani\u00e8re dont l\u2019ASBL Rebranding Africa Forum (ci-apr\u00e8s \u00ab RAF \u00bb, \u00ab nous \u00bb ou \u00ab notre \u00bb) collecte, utilise, prot\u00e8ge et partage vos donn\u00e9es personnelles lorsque vous visitez notre site web ou interagissez avec nos services en ligne.<\/p>\t\t\t\t\t\t\t\t<\/div>\n\t\t\t\t<div class=\"elementor-element elementor-element-a573ae8 titre-section-1 elementor-widget elementor-widget-heading\" data-id=\"a573ae8\" data-element_type=\"widget\" data-e-type=\"widget\" data-widget_type=\"heading.default\">\n\t\t\t\t\t<h2 class=\"elementor-heading-title elementor-size-default\">1. Identit\u00e9 du responsable de traitement<\/h2>\t\t\t\t<\/div>\n\t\t\t\t<div class=\"elementor-element elementor-element-75276b1 text-section-1 elementor-widget elementor-widget-text-editor\" data-id=\"75276b1\" data-element_type=\"widget\" data-e-type=\"widget\" data-widget_type=\"text-editor.default\">\n\t\t\t\t\t\t\t\t\t<p><strong>Le responsable du traitement des donn\u00e9es est :<\/strong><\/p><p>Rebranding Africa Forum ASBL<\/p><p><strong>Adresse<\/strong> : Rue des Colonies 11, 1000 Bruxelles<\/p><p><strong>E-mail<\/strong> : contact@rebrandingafrica.com<\/p>\t\t\t\t\t\t\t\t<\/div>\n\t\t\t\t<div class=\"elementor-element elementor-element-9c0da99 titre-section-1 elementor-widget elementor-widget-heading\" data-id=\"9c0da99\" data-element_type=\"widget\" data-e-type=\"widget\" data-widget_type=\"heading.default\">\n\t\t\t\t\t<h2 class=\"elementor-heading-title elementor-size-default\">2. Quelles donn\u00e9es collectons-nous ?<\/h2>\t\t\t\t<\/div>\n\t\t\t\t<div class=\"elementor-element elementor-element-b772157 text-section-1 elementor-widget elementor-widget-text-editor\" data-id=\"b772157\" data-element_type=\"widget\" data-e-type=\"widget\" data-widget_type=\"text-editor.default\">\n\t\t\t\t\t\t\t\t\t<p><strong>Selon l\u2019usage que vous faites du site, nous pouvons collecter :<\/strong><\/p><ul><li>Donn\u00e9es d\u2019identification : nom, pr\u00e9nom, fonction, organisation<\/li><li>Donn\u00e9es de contact : adresse e-mail, num\u00e9ro de t\u00e9l\u00e9phone, pays<\/li><li>Donn\u00e9es professionnelles : type de m\u00e9dia, secteur d\u2019activit\u00e9, participation \u00e0 des \u00e9v\u00e9nements<\/li><li>Donn\u00e9es techniques : adresse IP, type de navigateur, syst\u00e8me d\u2019exploitation<\/li><li>Donn\u00e9es envoy\u00e9es via formulaires (inscription, demande de partenariat, contact, etc.)<\/li><li>Pi\u00e8ces jointes transmises (ex. : CV, logos, justificatifs)<\/li><\/ul>\t\t\t\t\t\t\t\t<\/div>\n\t\t\t\t<div class=\"elementor-element elementor-element-7544f4d titre-section-1 elementor-widget elementor-widget-heading\" data-id=\"7544f4d\" data-element_type=\"widget\" data-e-type=\"widget\" data-widget_type=\"heading.default\">\n\t\t\t\t\t<h2 class=\"elementor-heading-title elementor-size-default\">3. Pourquoi collectons-nous ces donn\u00e9es ?<\/h2>\t\t\t\t<\/div>\n\t\t\t\t<div class=\"elementor-element elementor-element-5274520 text-section-1 elementor-widget elementor-widget-text-editor\" data-id=\"5274520\" data-element_type=\"widget\" data-e-type=\"widget\" data-widget_type=\"text-editor.default\">\n\t\t\t\t\t\t\t\t\t<p><strong>Les donn\u00e9es collect\u00e9es nous permettent de :<\/strong><\/p><ul><li>G\u00e9rer l\u2019acc\u00e8s aux \u00e9v\u00e9nements (inscriptions, accr\u00e9ditations presse, demandes partenaires)<\/li><li>R\u00e9pondre \u00e0 vos demandes via nos formulaires de contact<\/li><li>Envoyer des communications li\u00e9es \u00e0 nos \u00e9v\u00e9nements ou projets<\/li><li>Am\u00e9liorer l\u2019exp\u00e9rience utilisateur sur notre site<\/li><li>Produire des statistiques d\u2019usage anonymis\u00e9es<\/li><\/ul>\t\t\t\t\t\t\t\t<\/div>\n\t\t\t\t<div class=\"elementor-element elementor-element-1c523d6 titre-section-1 elementor-widget elementor-widget-heading\" data-id=\"1c523d6\" data-element_type=\"widget\" data-e-type=\"widget\" data-widget_type=\"heading.default\">\n\t\t\t\t\t<h2 class=\"elementor-heading-title elementor-size-default\">4. Base l\u00e9gale du traitement<\/h2>\t\t\t\t<\/div>\n\t\t\t\t<div class=\"elementor-element elementor-element-6ff6d28 text-section-1 elementor-widget elementor-widget-text-editor\" data-id=\"6ff6d28\" data-element_type=\"widget\" data-e-type=\"widget\" data-widget_type=\"text-editor.default\">\n\t\t\t\t\t\t\t\t\t<p><strong>Les traitements sont effectu\u00e9s selon les bases juridiques suivantes :<\/strong><\/p><ul><li>Votre consentement (pour l\u2019inscription \u00e0 la newsletter ou \u00e0 un \u00e9v\u00e9nement)<\/li><li>L\u2019int\u00e9r\u00eat l\u00e9gitime de l\u2019ASBL \u00e0 promouvoir ses activit\u00e9s<\/li><li>L\u2019ex\u00e9cution d\u2019un contrat ou d\u2019une demande que vous avez formul\u00e9e<\/li><\/ul>\t\t\t\t\t\t\t\t<\/div>\n\t\t\t\t<div class=\"elementor-element elementor-element-df68cd6 titre-section-1 elementor-widget elementor-widget-heading\" data-id=\"df68cd6\" data-element_type=\"widget\" data-e-type=\"widget\" data-widget_type=\"heading.default\">\n\t\t\t\t\t<h2 class=\"elementor-heading-title elementor-size-default\">5. Dur\u00e9e de conservation des donn\u00e9es<\/h2>\t\t\t\t<\/div>\n\t\t\t\t<div class=\"elementor-element elementor-element-a80de87 text-section-1 elementor-widget elementor-widget-text-editor\" data-id=\"a80de87\" data-element_type=\"widget\" data-e-type=\"widget\" data-widget_type=\"text-editor.default\">\n\t\t\t\t\t\t\t\t\t<p><strong>Vos donn\u00e9es personnelles sont conserv\u00e9es :<\/strong><\/p><p>Pour une dur\u00e9e de 3 ans \u00e0 compter du dernier contact ou de la derni\u00e8re interaction avec notre site ou nos services\u00a0<br \/>Ou plus longtemps si une obligation l\u00e9gale ou contractuelle l\u2019exige<\/p>\t\t\t\t\t\t\t\t<\/div>\n\t\t\t\t<div class=\"elementor-element elementor-element-0fca3dc titre-section-1 elementor-widget elementor-widget-heading\" data-id=\"0fca3dc\" data-element_type=\"widget\" data-e-type=\"widget\" data-widget_type=\"heading.default\">\n\t\t\t\t\t<h2 class=\"elementor-heading-title elementor-size-default\">6. Acc\u00e8s et partage des donn\u00e9es<\/h2>\t\t\t\t<\/div>\n\t\t\t\t<div class=\"elementor-element elementor-element-332a3eb text-section-1 elementor-widget elementor-widget-text-editor\" data-id=\"332a3eb\" data-element_type=\"widget\" data-e-type=\"widget\" data-widget_type=\"text-editor.default\">\n\t\t\t\t\t\t\t\t\t<p><strong>Vos donn\u00e9es sont accessibles uniquement :<\/strong><\/p><ul><li>Aux membres de l\u2019\u00e9quipe du RAF, ses sous-traitants (prestataires web, h\u00e9bergeurs, etc.)<\/li><li>Aux autorit\u00e9s comp\u00e9tentes, si une obligation l\u00e9gale l\u2019impose<\/li><li>Aucune donn\u00e9e personnelle n\u2019est vendue ni c\u00e9d\u00e9e \u00e0 des tiers \u00e0 des fins commerciales.<\/li><\/ul>\t\t\t\t\t\t\t\t<\/div>\n\t\t\t\t<div class=\"elementor-element elementor-element-0b69d6a titre-section-1 elementor-widget elementor-widget-heading\" data-id=\"0b69d6a\" data-element_type=\"widget\" data-e-type=\"widget\" data-widget_type=\"heading.default\">\n\t\t\t\t\t<h2 class=\"elementor-heading-title elementor-size-default\">7. H\u00e9bergement et s\u00e9curit\u00e9<\/h2>\t\t\t\t<\/div>\n\t\t\t\t<div class=\"elementor-element elementor-element-1e289a9 text-section-1 elementor-widget elementor-widget-text-editor\" data-id=\"1e289a9\" data-element_type=\"widget\" data-e-type=\"widget\" data-widget_type=\"text-editor.default\">\n\t\t\t\t\t\t\t\t\t<p>Vos donn\u00e9es sont h\u00e9berg\u00e9es dans l\u2019Union europ\u00e9enne. Des mesures de s\u00e9curit\u00e9 techniques et organisationnelles appropri\u00e9es sont mises en place pour garantir la confidentialit\u00e9 et l\u2019int\u00e9grit\u00e9 de vos donn\u00e9es.<\/p>\t\t\t\t\t\t\t\t<\/div>\n\t\t\t\t<div class=\"elementor-element elementor-element-75ba81f titre-section-1 elementor-widget elementor-widget-heading\" data-id=\"75ba81f\" data-element_type=\"widget\" data-e-type=\"widget\" data-widget_type=\"heading.default\">\n\t\t\t\t\t<h2 class=\"elementor-heading-title elementor-size-default\">8. Cookies<\/h2>\t\t\t\t<\/div>\n\t\t\t\t<div class=\"elementor-element elementor-element-1c3bbd9 text-section-1 elementor-widget elementor-widget-text-editor\" data-id=\"1c3bbd9\" data-element_type=\"widget\" data-e-type=\"widget\" data-widget_type=\"text-editor.default\">\n\t\t\t\t\t\t\t\t\t<p>Notre site utilise des cookies \u00e0 des fins de navigation, d\u2019analyse de fr\u00e9quentation, et d\u2019am\u00e9lioration des services. Vous pouvez g\u00e9rer vos pr\u00e9f\u00e9rences via notre bandeau cookies ou votre navigateur.<\/p>\t\t\t\t\t\t\t\t<\/div>\n\t\t\t\t<div class=\"elementor-element elementor-element-5334db3 titre-section-1 elementor-widget elementor-widget-heading\" data-id=\"5334db3\" data-element_type=\"widget\" data-e-type=\"widget\" data-widget_type=\"heading.default\">\n\t\t\t\t\t<h2 class=\"elementor-heading-title elementor-size-default\">9. Vos droits<\/h2>\t\t\t\t<\/div>\n\t\t\t\t<div class=\"elementor-element elementor-element-dd331b6 text-section-1 elementor-widget elementor-widget-text-editor\" data-id=\"dd331b6\" data-element_type=\"widget\" data-e-type=\"widget\" data-widget_type=\"text-editor.default\">\n\t\t\t\t\t\t\t\t\t<p><strong>Conform\u00e9ment au RGPD, vous disposez des droits suivants :<\/strong><\/p><ul><li>Droit d\u2019acc\u00e8s \u00e0 vos donn\u00e9es<\/li><li>Droit de rectification ou d\u2019effacement<\/li><li>Droit \u00e0 la limitation du traitement<\/li><li>Droit d\u2019opposition<\/li><li>Droit \u00e0 la portabilit\u00e9 des donn\u00e9es<\/li><li>Droit de retirer votre consentement \u00e0 tout moment<\/li><li>Pour exercer vos droits, veuillez nous \u00e9crire \u00e0 : contact@rebrandingafrica.com<\/li><\/ul>\t\t\t\t\t\t\t\t<\/div>\n\t\t\t\t<div class=\"elementor-element elementor-element-7eabc50 titre-section-1 elementor-widget elementor-widget-heading\" data-id=\"7eabc50\" data-element_type=\"widget\" data-e-type=\"widget\" data-widget_type=\"heading.default\">\n\t\t\t\t\t<h2 class=\"elementor-heading-title elementor-size-default\">10. Modification de la politique<\/h2>\t\t\t\t<\/div>\n\t\t\t\t<div class=\"elementor-element elementor-element-94e9275 text-section-1 elementor-widget elementor-widget-text-editor\" data-id=\"94e9275\" data-element_type=\"widget\" data-e-type=\"widget\" data-widget_type=\"text-editor.default\">\n\t\t\t\t\t\t\t\t\t<p>La pr\u00e9sente politique peut \u00eatre mise \u00e0 jour \u00e0 tout moment. La derni\u00e8re version est disponible sur notre site web.<\/p>\t\t\t\t\t\t\t\t<\/div>\n\t\t\t\t\t<\/div>\n\t\t\t\t<\/div>\n\t\t\t\t<\/div>","protected":false},"excerpt":{"rendered":"<p>Derni\u00e8re mise \u00e0 jour : 1er octobre 2025 La pr\u00e9sente politique de confidentialit\u00e9 d\u00e9crit la mani\u00e8re dont l\u2019ASBL Rebranding Africa Forum (ci-apr\u00e8s \u00ab RAF \u00bb, \u00ab nous \u00bb ou \u00ab notre \u00bb) collecte, utilise, prot\u00e8ge et partage vos donn\u00e9es personnelles lorsque vous visitez notre site web ou interagissez avec nos services en ligne. 1. Identit\u00e9 [&hellip;]<\/p>","protected":false},"author":1,"featured_media":0,"parent":0,"menu_order":0,"comment_status":"closed","ping_status":"closed","template":"","meta":{"_acf_changed":false,"footnotes":""},"class_list":["post-1691","page","type-page","status-publish","hentry"],"acf":[],"yoast_head":"<!-- This site is optimized with the Yoast SEO plugin v27.2 - https:\/\/yoast.com\/product\/yoast-seo-wordpress\/ -->\n<title>Politique de confidentialit\u00e9 - REBRANDING AFRICA FORUM<\/title>\n<meta name=\"robots\" content=\"index, follow, max-snippet:-1, max-image-preview:large, max-video-preview:-1\" \/>\n<link rel=\"canonical\" href=\"https:\/\/rebranding-africa.com\/en\/politique-de-confidentialite\/\" \/>\n<meta property=\"og:locale\" content=\"en_GB\" \/>\n<meta property=\"og:type\" content=\"article\" \/>\n<meta property=\"og:title\" content=\"Politique de confidentialit\u00e9 - REBRANDING AFRICA FORUM\" \/>\n<meta property=\"og:description\" content=\"Derni\u00e8re mise \u00e0 jour : 1er octobre 2025 La pr\u00e9sente politique de confidentialit\u00e9 d\u00e9crit la mani\u00e8re dont l\u2019ASBL Rebranding Africa Forum (ci-apr\u00e8s \u00ab RAF \u00bb, \u00ab nous \u00bb ou \u00ab notre \u00bb) collecte, utilise, prot\u00e8ge et partage vos donn\u00e9es personnelles lorsque vous visitez notre site web ou interagissez avec nos services en ligne. 1. Identit\u00e9 [&hellip;]\" \/>\n<meta property=\"og:url\" content=\"https:\/\/rebranding-africa.com\/en\/politique-de-confidentialite\/\" \/>\n<meta property=\"og:site_name\" content=\"REBRANDING AFRICA FORUM\" \/>\n<meta property=\"article:modified_time\" content=\"2025-10-24T12:24:29+00:00\" \/>\n<meta property=\"og:image\" content=\"https:\/\/rebranding-africa.com\/wp-content\/uploads\/2025\/09\/image11.png\" \/>\n\t<meta property=\"og:image:width\" content=\"461\" \/>\n\t<meta property=\"og:image:height\" content=\"308\" \/>\n\t<meta property=\"og:image:type\" content=\"image\/png\" \/>\n<meta name=\"twitter:card\" content=\"summary_large_image\" \/>\n<meta name=\"twitter:label1\" content=\"Estimated reading time\" \/>\n\t<meta name=\"twitter:data1\" content=\"3 minutes\" \/>\n<script type=\"application\/ld+json\" class=\"yoast-schema-graph\">{\"@context\":\"https:\/\/schema.org\",\"@graph\":[{\"@type\":\"WebPage\",\"@id\":\"https:\/\/rebranding-africa.com\/politique-de-confidentialite\/\",\"url\":\"https:\/\/rebranding-africa.com\/politique-de-confidentialite\/\",\"name\":\"Politique de confidentialit\u00e9 - REBRANDING AFRICA FORUM\",\"isPartOf\":{\"@id\":\"https:\/\/rebranding-africa.com\/#website\"},\"primaryImageOfPage\":{\"@id\":\"https:\/\/rebranding-africa.com\/politique-de-confidentialite\/#primaryimage\"},\"image\":{\"@id\":\"https:\/\/rebranding-africa.com\/politique-de-confidentialite\/#primaryimage\"},\"thumbnailUrl\":\"https:\/\/rebranding-africa.com\/wp-content\/uploads\/2025\/09\/image11.png\",\"datePublished\":\"2025-08-04T13:07:02+00:00\",\"dateModified\":\"2025-10-24T12:24:29+00:00\",\"breadcrumb\":{\"@id\":\"https:\/\/rebranding-africa.com\/politique-de-confidentialite\/#breadcrumb\"},\"inLanguage\":\"en-GB\",\"potentialAction\":[{\"@type\":\"ReadAction\",\"target\":[\"https:\/\/rebranding-africa.com\/politique-de-confidentialite\/\"]}]},{\"@type\":\"ImageObject\",\"inLanguage\":\"en-GB\",\"@id\":\"https:\/\/rebranding-africa.com\/politique-de-confidentialite\/#primaryimage\",\"url\":\"https:\/\/rebranding-africa.com\/wp-content\/uploads\/2025\/09\/image11.png\",\"contentUrl\":\"https:\/\/rebranding-africa.com\/wp-content\/uploads\/2025\/09\/image11.png\"},{\"@type\":\"BreadcrumbList\",\"@id\":\"https:\/\/rebranding-africa.com\/politique-de-confidentialite\/#breadcrumb\",\"itemListElement\":[{\"@type\":\"ListItem\",\"position\":1,\"name\":\"Accueil\",\"item\":\"https:\/\/rebranding-africa.com\/\"},{\"@type\":\"ListItem\",\"position\":2,\"name\":\"Politique de confidentialit\u00e9\"}]},{\"@type\":\"WebSite\",\"@id\":\"https:\/\/rebranding-africa.com\/#website\",\"url\":\"https:\/\/rebranding-africa.com\/\",\"name\":\"REBRANDING AFRICA FORUM\",\"description\":\"\",\"publisher\":{\"@id\":\"https:\/\/rebranding-africa.com\/#organization\"},\"potentialAction\":[{\"@type\":\"SearchAction\",\"target\":{\"@type\":\"EntryPoint\",\"urlTemplate\":\"https:\/\/rebranding-africa.com\/?s={search_term_string}\"},\"query-input\":{\"@type\":\"PropertyValueSpecification\",\"valueRequired\":true,\"valueName\":\"search_term_string\"}}],\"inLanguage\":\"en-GB\"},{\"@type\":\"Organization\",\"@id\":\"https:\/\/rebranding-africa.com\/#organization\",\"name\":\"REBRANDING AFRICA FORUM\",\"url\":\"https:\/\/rebranding-africa.com\/\",\"logo\":{\"@type\":\"ImageObject\",\"inLanguage\":\"en-GB\",\"@id\":\"https:\/\/rebranding-africa.com\/#\/schema\/logo\/image\/\",\"url\":\"https:\/\/rebranding-africa.com\/wp-content\/uploads\/2025\/07\/Logo.webp\",\"contentUrl\":\"https:\/\/rebranding-africa.com\/wp-content\/uploads\/2025\/07\/Logo.webp\",\"width\":340,\"height\":149,\"caption\":\"REBRANDING AFRICA FORUM\"},\"image\":{\"@id\":\"https:\/\/rebranding-africa.com\/#\/schema\/logo\/image\/\"}}]}<\/script>\n<!-- \/ Yoast SEO plugin. -->","yoast_head_json":{"title":"Politique de confidentialit\u00e9 - REBRANDING AFRICA FORUM","robots":{"index":"index","follow":"follow","max-snippet":"max-snippet:-1","max-image-preview":"max-image-preview:large","max-video-preview":"max-video-preview:-1"},"canonical":"https:\/\/rebranding-africa.com\/en\/politique-de-confidentialite\/","og_locale":"en_GB","og_type":"article","og_title":"Politique de confidentialit\u00e9 - REBRANDING AFRICA FORUM","og_description":"Derni\u00e8re mise \u00e0 jour : 1er octobre 2025 La pr\u00e9sente politique de confidentialit\u00e9 d\u00e9crit la mani\u00e8re dont l\u2019ASBL Rebranding Africa Forum (ci-apr\u00e8s \u00ab RAF \u00bb, \u00ab nous \u00bb ou \u00ab notre \u00bb) collecte, utilise, prot\u00e8ge et partage vos donn\u00e9es personnelles lorsque vous visitez notre site web ou interagissez avec nos services en ligne. 1. Identit\u00e9 [&hellip;]","og_url":"https:\/\/rebranding-africa.com\/en\/politique-de-confidentialite\/","og_site_name":"REBRANDING AFRICA FORUM","article_modified_time":"2025-10-24T12:24:29+00:00","og_image":[{"width":461,"height":308,"url":"https:\/\/rebranding-africa.com\/wp-content\/uploads\/2025\/09\/image11.png","type":"image\/png"}],"twitter_card":"summary_large_image","twitter_misc":{"Estimated reading time":"3 minutes"},"schema":{"@context":"https:\/\/schema.org","@graph":[{"@type":"WebPage","@id":"https:\/\/rebranding-africa.com\/politique-de-confidentialite\/","url":"https:\/\/rebranding-africa.com\/politique-de-confidentialite\/","name":"Politique de confidentialit\u00e9 - REBRANDING AFRICA FORUM","isPartOf":{"@id":"https:\/\/rebranding-africa.com\/#website"},"primaryImageOfPage":{"@id":"https:\/\/rebranding-africa.com\/politique-de-confidentialite\/#primaryimage"},"image":{"@id":"https:\/\/rebranding-africa.com\/politique-de-confidentialite\/#primaryimage"},"thumbnailUrl":"https:\/\/rebranding-africa.com\/wp-content\/uploads\/2025\/09\/image11.png","datePublished":"2025-08-04T13:07:02+00:00","dateModified":"2025-10-24T12:24:29+00:00","breadcrumb":{"@id":"https:\/\/rebranding-africa.com\/politique-de-confidentialite\/#breadcrumb"},"inLanguage":"en-GB","potentialAction":[{"@type":"ReadAction","target":["https:\/\/rebranding-africa.com\/politique-de-confidentialite\/"]}]},{"@type":"ImageObject","inLanguage":"en-GB","@id":"https:\/\/rebranding-africa.com\/politique-de-confidentialite\/#primaryimage","url":"https:\/\/rebranding-africa.com\/wp-content\/uploads\/2025\/09\/image11.png","contentUrl":"https:\/\/rebranding-africa.com\/wp-content\/uploads\/2025\/09\/image11.png"},{"@type":"BreadcrumbList","@id":"https:\/\/rebranding-africa.com\/politique-de-confidentialite\/#breadcrumb","itemListElement":[{"@type":"ListItem","position":1,"name":"Accueil","item":"https:\/\/rebranding-africa.com\/"},{"@type":"ListItem","position":2,"name":"Politique de confidentialit\u00e9"}]},{"@type":"WebSite","@id":"https:\/\/rebranding-africa.com\/#website","url":"https:\/\/rebranding-africa.com\/","name":"REBRANDING AFRICA FORUM","description":"","publisher":{"@id":"https:\/\/rebranding-africa.com\/#organization"},"potentialAction":[{"@type":"SearchAction","target":{"@type":"EntryPoint","urlTemplate":"https:\/\/rebranding-africa.com\/?s={search_term_string}"},"query-input":{"@type":"PropertyValueSpecification","valueRequired":true,"valueName":"search_term_string"}}],"inLanguage":"en-GB"},{"@type":"Organization","@id":"https:\/\/rebranding-africa.com\/#organization","name":"REBRANDING AFRICA FORUM","url":"https:\/\/rebranding-africa.com\/","logo":{"@type":"ImageObject","inLanguage":"en-GB","@id":"https:\/\/rebranding-africa.com\/#\/schema\/logo\/image\/","url":"https:\/\/rebranding-africa.com\/wp-content\/uploads\/2025\/07\/Logo.webp","contentUrl":"https:\/\/rebranding-africa.com\/wp-content\/uploads\/2025\/07\/Logo.webp","width":340,"height":149,"caption":"REBRANDING AFRICA FORUM"},"image":{"@id":"https:\/\/rebranding-africa.com\/#\/schema\/logo\/image\/"}}]}},"_links":{"self":[{"href":"https:\/\/rebranding-africa.com\/en\/wp-json\/wp\/v2\/pages\/1691","targetHints":{"allow":["GET"]}}],"collection":[{"href":"https:\/\/rebranding-africa.com\/en\/wp-json\/wp\/v2\/pages"}],"about":[{"href":"https:\/\/rebranding-africa.com\/en\/wp-json\/wp\/v2\/types\/page"}],"author":[{"embeddable":true,"href":"https:\/\/rebranding-africa.com\/en\/wp-json\/wp\/v2\/users\/1"}],"replies":[{"embeddable":true,"href":"https:\/\/rebranding-africa.com\/en\/wp-json\/wp\/v2\/comments?post=1691"}],"version-history":[{"count":25,"href":"https:\/\/rebranding-africa.com\/en\/wp-json\/wp\/v2\/pages\/1691\/revisions"}],"predecessor-version":[{"id":6721,"href":"https:\/\/rebranding-africa.com\/en\/wp-json\/wp\/v2\/pages\/1691\/revisions\/6721"}],"wp:attachment":[{"href":"https:\/\/rebranding-africa.com\/en\/wp-json\/wp\/v2\/media?parent=1691"}],"curies":[{"name":"wp","href":"https:\/\/api.w.org\/{rel}","templated":true}]}}