{"id":2184,"date":"2025-08-08T07:02:05","date_gmt":"2025-08-08T07:02:05","guid":{"rendered":"https:\/\/rebranding-africa.com\/?page_id=2184"},"modified":"2025-12-17T12:21:43","modified_gmt":"2025-12-17T12:21:43","slug":"accreditation-media","status":"publish","type":"page","link":"https:\/\/rebranding-africa.com\/en\/accreditation-media\/","title":{"rendered":"Accr\u00e9ditation M\u00e9dia"},"content":{"rendered":"<div data-elementor-type=\"wp-page\" data-elementor-id=\"2184\" class=\"elementor elementor-2184\" data-elementor-post-type=\"page\">\n\t\t\t\t<div class=\"elementor-element elementor-element-9efa1ad hero e-flex e-con-boxed e-con e-parent\" data-id=\"9efa1ad\" data-element_type=\"container\" data-e-type=\"container\" data-settings=\"{&quot;background_background&quot;:&quot;classic&quot;}\">\n\t\t\t\t\t<div class=\"e-con-inner\">\n\t\t<div class=\"elementor-element elementor-element-f000eae e-con-full e-flex e-con e-child\" data-id=\"f000eae\" data-element_type=\"container\" data-e-type=\"container\">\n\t\t<div class=\"elementor-element elementor-element-a9fd749 e-con-full e-flex e-con e-child\" data-id=\"a9fd749\" data-element_type=\"container\" data-e-type=\"container\">\n\t\t\t\t<div class=\"elementor-element elementor-element-b4d6fb9 elementor-widget elementor-widget-heading\" data-id=\"b4d6fb9\" data-element_type=\"widget\" data-e-type=\"widget\" data-widget_type=\"heading.default\">\n\t\t\t\t\t<h1 class=\"elementor-heading-title elementor-size-default\">Accr\u00e9ditation M\u00e9dia<\/h1>\t\t\t\t<\/div>\n\t\t\t\t<\/div>\n\t\t\t\t<\/div>\n\t\t<div class=\"elementor-element elementor-element-c554c56 e-con-full e-flex e-con e-child\" data-id=\"c554c56\" data-element_type=\"container\" data-e-type=\"container\">\n\t\t\t\t<div class=\"elementor-element elementor-element-cc8e141 elementor-widget elementor-widget-image\" data-id=\"cc8e141\" data-element_type=\"widget\" data-e-type=\"widget\" data-widget_type=\"image.default\">\n\t\t\t\t\t\t\t\t\t\t\t\t\t\t\t<img fetchpriority=\"high\" decoding=\"async\" width=\"461\" height=\"308\" src=\"https:\/\/rebranding-africa.com\/wp-content\/uploads\/2025\/09\/image11.png\" class=\"attachment-large size-large wp-image-4167\" alt=\"\" srcset=\"https:\/\/rebranding-africa.com\/wp-content\/uploads\/2025\/09\/image11.png 461w, https:\/\/rebranding-africa.com\/wp-content\/uploads\/2025\/09\/image11-300x200.png 300w, https:\/\/rebranding-africa.com\/wp-content\/uploads\/2025\/09\/image11-200x134.png 200w\" sizes=\"(max-width: 461px) 100vw, 461px\" \/>\t\t\t\t\t\t\t\t\t\t\t\t\t\t\t<\/div>\n\t\t\t\t<\/div>\n\t\t\t\t\t<\/div>\n\t\t\t\t<\/div>\n\t\t<div class=\"elementor-element elementor-element-8814808 section-3 e-flex e-con-boxed e-con e-parent\" data-id=\"8814808\" data-element_type=\"container\" data-e-type=\"container\" data-settings=\"{&quot;background_background&quot;:&quot;classic&quot;}\">\n\t\t\t\t\t<div class=\"e-con-inner\">\n\t\t<div class=\"elementor-element elementor-element-fc615fc e-con-full e-flex e-con e-child\" data-id=\"fc615fc\" data-element_type=\"container\" data-e-type=\"container\">\n\t\t\t\t<div class=\"elementor-element elementor-element-ec2c806 titre-section-1 animated-slow elementor-invisible elementor-widget elementor-widget-heading\" data-id=\"ec2c806\" data-element_type=\"widget\" data-e-type=\"widget\" data-settings=\"{&quot;_animation&quot;:&quot;fadeInUp&quot;}\" data-widget_type=\"heading.default\">\n\t\t\t\t\t<h2 class=\"elementor-heading-title elementor-size-default\">Accr\u00e9ditation <em class=\"gradient-text\">M\u00e9dia <\/em><\/h2>\t\t\t\t<\/div>\n\t\t\t\t<div class=\"elementor-element elementor-element-d826270 text-section-1 animated-slow elementor-invisible elementor-widget elementor-widget-text-editor\" data-id=\"d826270\" data-element_type=\"widget\" data-e-type=\"widget\" data-settings=\"{&quot;_animation&quot;:&quot;fadeInUp&quot;}\" data-widget_type=\"text-editor.default\">\n\t\t\t\t\t\t\t\t\t<p>Le Rebranding Africa Forum offre aux professionnels des m\u00e9dias un acc\u00e8s privil\u00e9gi\u00e9 pour couvrir l\u2019\u00e9v\u00e9nement.<\/p><p>Compl\u00e9tez le formulaire ci-dessous pour soumettre\u00a0votre demande d\u2019accr\u00e9ditation et b\u00e9n\u00e9ficier d\u2019un acc\u00e8s aux espaces presse et aux sessions officielles.\u00a0<\/p>\t\t\t\t\t\t\t\t<\/div>\n\t\t\t\t<div class=\"elementor-element elementor-element-be1b464 elementor-button-align-stretch elementor-widget elementor-widget-form\" data-id=\"be1b464\" data-element_type=\"widget\" data-e-type=\"widget\" data-settings=\"{&quot;step_next_label&quot;:&quot;Suivant&quot;,&quot;step_previous_label&quot;:&quot;Pr\\u00e9c\\u00e9dent&quot;,&quot;button_width&quot;:&quot;100&quot;,&quot;step_type&quot;:&quot;number_text&quot;,&quot;step_icon_shape&quot;:&quot;circle&quot;}\" data-widget_type=\"form.default\">\n\t\t\t\t\t\t\t<form class=\"elementor-form\" method=\"post\" name=\"Nouveau formulaire\" aria-label=\"Nouveau formulaire\" action=\"\">\r\n\t\t\t<input type=\"hidden\" name=\"post_id\" value=\"2184\"\/>\r\n\t\t\t<input type=\"hidden\" name=\"form_id\" value=\"be1b464\"\/>\r\n\t\t\t<input type=\"hidden\" name=\"referer_title\" value=\"Accr\u00e9ditation M\u00e9dia - REBRANDING AFRICA FORUM\" \/>\r\n\r\n\t\t\t\t\t\t\t<input type=\"hidden\" name=\"queried_id\" value=\"2184\"\/>\r\n\t\t\t\r\n\t\t\t<div class=\"elementor-form-fields-wrapper elementor-labels-above\">\r\n\t\t\t\t\t\t\t\t<div class=\"elementor-field-type-text elementor-field-group elementor-column elementor-field-group-name elementor-col-50 elementor-field-required\">\r\n\t\t\t\t\t\t\t\t\t\t\t\t<label for=\"form-field-name\" class=\"elementor-field-label\">\r\n\t\t\t\t\t\t\t\tNom et pr\u00e9nom\t\t\t\t\t\t\t<\/label>\r\n\t\t\t\t\t\t\t\t\t\t\t\t\t\t<input size=\"1\" type=\"text\" name=\"form_fields[name]\" id=\"form-field-name\" class=\"elementor-field elementor-size-sm  elementor-field-textual\" placeholder=\"Nom\" required=\"required\">\r\n\t\t\t\t\t\t\t\t\t\t\t<\/div>\r\n\t\t\t\t\t\t\t\t<div class=\"elementor-field-type-text elementor-field-group elementor-column elementor-field-group-field_782d7db elementor-col-50 elementor-field-required\">\r\n\t\t\t\t\t\t\t\t\t\t\t\t<label for=\"form-field-field_782d7db\" class=\"elementor-field-label\">\r\n\t\t\t\t\t\t\t\tFonction \/ Titre\t\t\t\t\t\t\t<\/label>\r\n\t\t\t\t\t\t\t\t\t\t\t\t\t\t<input size=\"1\" type=\"text\" name=\"form_fields[field_782d7db]\" id=\"form-field-field_782d7db\" class=\"elementor-field elementor-size-sm  elementor-field-textual\" placeholder=\"Fonction \/ Titre\" required=\"required\">\r\n\t\t\t\t\t\t\t\t\t\t\t<\/div>\r\n\t\t\t\t\t\t\t\t<div class=\"elementor-field-type-text elementor-field-group elementor-column elementor-field-group-field_2c260fa elementor-col-50 elementor-field-required\">\r\n\t\t\t\t\t\t\t\t\t\t\t\t<label for=\"form-field-field_2c260fa\" class=\"elementor-field-label\">\r\n\t\t\t\t\t\t\t\tNom du m\u00e9dia \/ Organisation\t\t\t\t\t\t\t<\/label>\r\n\t\t\t\t\t\t\t\t\t\t\t\t\t\t<input size=\"1\" type=\"text\" name=\"form_fields[field_2c260fa]\" id=\"form-field-field_2c260fa\" class=\"elementor-field elementor-size-sm  elementor-field-textual\" placeholder=\"Nom du m\u00e9dia \/ Organisation\" required=\"required\">\r\n\t\t\t\t\t\t\t\t\t\t\t<\/div>\r\n\t\t\t\t\t\t\t\t<div class=\"elementor-field-type-email elementor-field-group elementor-column elementor-field-group-email elementor-col-50 elementor-field-required\">\r\n\t\t\t\t\t\t\t\t\t\t\t\t<label for=\"form-field-email\" class=\"elementor-field-label\">\r\n\t\t\t\t\t\t\t\tE-mail\t\t\t\t\t\t\t<\/label>\r\n\t\t\t\t\t\t\t\t\t\t\t\t\t\t<input size=\"1\" type=\"email\" name=\"form_fields[email]\" id=\"form-field-email\" class=\"elementor-field elementor-size-sm  elementor-field-textual\" placeholder=\"E-mail\" required=\"required\">\r\n\t\t\t\t\t\t\t\t\t\t\t<\/div>\r\n\t\t\t\t\t\t\t\t<div class=\"elementor-field-type-textarea elementor-field-group elementor-column elementor-field-group-message elementor-col-100\">\r\n\t\t\t\t\t\t\t\t\t\t\t\t<label for=\"form-field-message\" class=\"elementor-field-label\">\r\n\t\t\t\t\t\t\t\tDescription du m\u00e9dia\t\t\t\t\t\t\t<\/label>\r\n\t\t\t\t\t\t<textarea class=\"elementor-field-textual elementor-field  elementor-size-sm\" name=\"form_fields[message]\" id=\"form-field-message\" rows=\"4\" placeholder=\"Description du m\u00e9dia\"><\/textarea>\t\t\t\t<\/div>\r\n\t\t\t\t\t\t\t\t<div class=\"elementor-field-type-tel elementor-field-group elementor-column elementor-field-group-field_b0da01b elementor-col-50 elementor-field-required\">\r\n\t\t\t\t\t\t\t\t\t\t\t\t<label for=\"form-field-field_b0da01b\" class=\"elementor-field-label\">\r\n\t\t\t\t\t\t\t\tNum\u00e9ro de t\u00e9l\u00e9phone \t\t\t\t\t\t\t<\/label>\r\n\t\t\t\t\t\t\t\t<input size=\"1\" type=\"tel\" name=\"form_fields[field_b0da01b]\" id=\"form-field-field_b0da01b\" class=\"elementor-field elementor-size-sm  elementor-field-textual\" placeholder=\"Num\u00e9ro de t\u00e9l\u00e9phone (avec pr\u00e9fixe internationale)\" required=\"required\" pattern=\"[0-9()#&amp;+*-=.]+\" title=\"Seuls les caract\u00e8res de num\u00e9ros de t\u00e9l\u00e9phone (#, -, *, etc.) sont accept\u00e9s.\">\r\n\r\n\t\t\t\t\t\t<\/div>\r\n\t\t\t\t\t\t\t\t<div class=\"elementor-field-type-url elementor-field-group elementor-column elementor-field-group-field_e03ba5f elementor-col-50\">\r\n\t\t\t\t\t\t\t\t\t\t\t\t<label for=\"form-field-field_e03ba5f\" class=\"elementor-field-label\">\r\n\t\t\t\t\t\t\t\tPage web du m\u00e9dia \/ R\u00e9seaux sociaux officiels \t\t\t\t\t\t\t<\/label>\r\n\t\t\t\t\t\t\t\t\t\t\t\t\t\t<input size=\"1\" type=\"url\" name=\"form_fields[field_e03ba5f]\" id=\"form-field-field_e03ba5f\" class=\"elementor-field elementor-size-sm  elementor-field-textual\" placeholder=\"Page web du m\u00e9dia \/ R\u00e9seaux sociaux officiels \">\r\n\t\t\t\t\t\t\t\t\t\t\t<\/div>\r\n\t\t\t\t\t\t\t\t<div class=\"elementor-field-type-select elementor-field-group elementor-column elementor-field-group-field_273cd43 elementor-col-50 elementor-field-required\">\r\n\t\t\t\t\t\t\t\t\t\t\t\t<label for=\"form-field-field_273cd43\" class=\"elementor-field-label\">\r\n\t\t\t\t\t\t\t\tType de demande\t\t\t\t\t\t\t<\/label>\r\n\t\t\t\t\t\t\t\t<div class=\"elementor-field elementor-select-wrapper remove-before\">\r\n\t\t\t<div class=\"select-caret-down-wrapper\">\r\n\t\t\t\t<svg aria-hidden=\"true\" class=\"e-font-icon-svg e-eicon-caret-down\" viewbox=\"0 0 571.4 571.4\" xmlns=\"http:\/\/www.w3.org\/2000\/svg\"><path d=\"M571 393Q571 407 561 418L311 668Q300 679 286 679T261 668L11 418Q0 407 0 393T11 368 36 357H536Q550 357 561 368T571 393Z\"><\/path><\/svg>\t\t\t<\/div>\r\n\t\t\t<select name=\"form_fields[field_273cd43]\" id=\"form-field-field_273cd43\" class=\"elementor-field-textual elementor-size-sm\" required=\"required\">\r\n\t\t\t\t\t\t\t\t\t<option value=\"Accr\u00e9ditation simple\">Accr\u00e9ditation simple<\/option>\r\n\t\t\t\t\t\t\t\t\t<option value=\"Demande de partenariat m\u00e9dia\">Demande de partenariat m\u00e9dia<\/option>\r\n\t\t\t\t\t\t\t<\/select>\r\n\t\t<\/div>\r\n\t\t\t\t\t\t<\/div>\r\n\t\t\t\t\t\t\t\t<div class=\"elementor-field-type-upload elementor-field-group elementor-column elementor-field-group-field_cdf3154 elementor-col-50 elementor-field-required\">\r\n\t\t\t\t\t\t\t\t\t\t\t\t<label for=\"form-field-field_cdf3154\" class=\"elementor-field-label\">\r\n\t\t\t\t\t\t\t\tPi\u00e8ce jointe \t\t\t\t\t\t\t<\/label>\r\n\t\t\t\t\t\t\t\t<input type=\"file\" name=\"form_fields[field_cdf3154]\" id=\"form-field-field_cdf3154\" class=\"elementor-field elementor-size-sm  elementor-upload-field\" required=\"required\" data-maxsize=\"10\" data-maxsize-message=\"Ce fichier d\u00e9passe la taille maximale autoris\u00e9e.\">\r\n\r\n\t\t\t\t\t\t<\/div>\r\n\t\t\t\t\t\t\t\t<div class=\"elementor-field-type-textarea elementor-field-group elementor-column elementor-field-group-field_e4204e3 elementor-col-100\">\r\n\t\t\t\t\t\t\t\t\t\t\t\t<label for=\"form-field-field_e4204e3\" class=\"elementor-field-label\">\r\n\t\t\t\t\t\t\t\tMessage \t\t\t\t\t\t\t<\/label>\r\n\t\t\t\t\t\t<textarea class=\"elementor-field-textual elementor-field  elementor-size-sm\" name=\"form_fields[field_e4204e3]\" id=\"form-field-field_e4204e3\" rows=\"4\" placeholder=\"Maximum 200 mots\"><\/textarea>\t\t\t\t<\/div>\r\n\t\t\t\t\t\t\t\t<div class=\"elementor-field-group elementor-column elementor-field-type-submit elementor-col-100 e-form__buttons\">\r\n\t\t\t\t\t<button class=\"elementor-button elementor-size-sm\" type=\"submit\">\r\n\t\t\t\t\t\t<span class=\"elementor-button-content-wrapper\">\r\n\t\t\t\t\t\t\t\t\t\t\t\t\t\t\t\t\t\t\t\t\t\t<span class=\"elementor-button-text\">Envoyer<\/span>\r\n\t\t\t\t\t\t\t\t\t\t\t\t\t<\/span>\r\n\t\t\t\t\t<\/button>\r\n\t\t\t\t<\/div>\r\n\t\t\t<\/div>\r\n\t\t<input type=\"hidden\" name=\"trp-form-language\" value=\"en\"\/><\/form>\r\n\t\t\t\t\t\t<\/div>\n\t\t\t\t<\/div>\n\t\t\t\t\t<\/div>\n\t\t\t\t<\/div>\n\t\t\t\t<\/div>","protected":false},"excerpt":{"rendered":"<p>Accr\u00e9ditation M\u00e9dia Le Rebranding Africa Forum offre aux professionnels des m\u00e9dias un acc\u00e8s privil\u00e9gi\u00e9 pour couvrir l\u2019\u00e9v\u00e9nement. Compl\u00e9tez le formulaire ci-dessous pour soumettre\u00a0votre demande d\u2019accr\u00e9ditation et b\u00e9n\u00e9ficier d\u2019un acc\u00e8s aux espaces presse et aux sessions officielles.\u00a0<\/p>","protected":false},"author":1,"featured_media":0,"parent":0,"menu_order":0,"comment_status":"closed","ping_status":"closed","template":"","meta":{"_acf_changed":false,"footnotes":""},"class_list":["post-2184","page","type-page","status-publish","hentry"],"acf":[],"yoast_head":"<!-- This site is optimized with the Yoast SEO plugin v27.2 - https:\/\/yoast.com\/product\/yoast-seo-wordpress\/ -->\n<title>Accr\u00e9ditation M\u00e9dia - REBRANDING AFRICA FORUM<\/title>\n<meta name=\"robots\" content=\"index, follow, max-snippet:-1, max-image-preview:large, max-video-preview:-1\" \/>\n<link rel=\"canonical\" href=\"https:\/\/rebranding-africa.com\/en\/accreditation-media\/\" \/>\n<meta property=\"og:locale\" content=\"en_GB\" \/>\n<meta property=\"og:type\" content=\"article\" \/>\n<meta property=\"og:title\" content=\"Accr\u00e9ditation M\u00e9dia - REBRANDING AFRICA FORUM\" \/>\n<meta property=\"og:description\" content=\"Accr\u00e9ditation M\u00e9dia Le Rebranding Africa Forum offre aux professionnels des m\u00e9dias un acc\u00e8s privil\u00e9gi\u00e9 pour couvrir l\u2019\u00e9v\u00e9nement. Compl\u00e9tez le formulaire ci-dessous pour soumettre\u00a0votre demande d\u2019accr\u00e9ditation et b\u00e9n\u00e9ficier d\u2019un acc\u00e8s aux espaces presse et aux sessions officielles.\u00a0\" \/>\n<meta property=\"og:url\" content=\"https:\/\/rebranding-africa.com\/en\/accreditation-media\/\" \/>\n<meta property=\"og:site_name\" content=\"REBRANDING AFRICA FORUM\" \/>\n<meta property=\"article:modified_time\" content=\"2025-12-17T12:21:43+00:00\" \/>\n<meta property=\"og:image\" content=\"https:\/\/rebranding-africa.com\/wp-content\/uploads\/2025\/09\/image11.png\" \/>\n\t<meta property=\"og:image:width\" content=\"461\" \/>\n\t<meta property=\"og:image:height\" content=\"308\" \/>\n\t<meta property=\"og:image:type\" content=\"image\/png\" \/>\n<meta name=\"twitter:card\" content=\"summary_large_image\" \/>\n<meta name=\"twitter:label1\" content=\"Estimated reading time\" \/>\n\t<meta name=\"twitter:data1\" content=\"1 minute\" \/>\n<script type=\"application\/ld+json\" class=\"yoast-schema-graph\">{\"@context\":\"https:\/\/schema.org\",\"@graph\":[{\"@type\":\"WebPage\",\"@id\":\"https:\/\/rebranding-africa.com\/accreditation-media\/\",\"url\":\"https:\/\/rebranding-africa.com\/accreditation-media\/\",\"name\":\"Accr\u00e9ditation M\u00e9dia - REBRANDING AFRICA FORUM\",\"isPartOf\":{\"@id\":\"https:\/\/rebranding-africa.com\/#website\"},\"primaryImageOfPage\":{\"@id\":\"https:\/\/rebranding-africa.com\/accreditation-media\/#primaryimage\"},\"image\":{\"@id\":\"https:\/\/rebranding-africa.com\/accreditation-media\/#primaryimage\"},\"thumbnailUrl\":\"https:\/\/rebranding-africa.com\/wp-content\/uploads\/2025\/09\/image11.png\",\"datePublished\":\"2025-08-08T07:02:05+00:00\",\"dateModified\":\"2025-12-17T12:21:43+00:00\",\"breadcrumb\":{\"@id\":\"https:\/\/rebranding-africa.com\/accreditation-media\/#breadcrumb\"},\"inLanguage\":\"en-GB\",\"potentialAction\":[{\"@type\":\"ReadAction\",\"target\":[\"https:\/\/rebranding-africa.com\/accreditation-media\/\"]}]},{\"@type\":\"ImageObject\",\"inLanguage\":\"en-GB\",\"@id\":\"https:\/\/rebranding-africa.com\/accreditation-media\/#primaryimage\",\"url\":\"https:\/\/rebranding-africa.com\/wp-content\/uploads\/2025\/09\/image11.png\",\"contentUrl\":\"https:\/\/rebranding-africa.com\/wp-content\/uploads\/2025\/09\/image11.png\"},{\"@type\":\"BreadcrumbList\",\"@id\":\"https:\/\/rebranding-africa.com\/accreditation-media\/#breadcrumb\",\"itemListElement\":[{\"@type\":\"ListItem\",\"position\":1,\"name\":\"Accueil\",\"item\":\"https:\/\/rebranding-africa.com\/\"},{\"@type\":\"ListItem\",\"position\":2,\"name\":\"Accr\u00e9ditation M\u00e9dia\"}]},{\"@type\":\"WebSite\",\"@id\":\"https:\/\/rebranding-africa.com\/#website\",\"url\":\"https:\/\/rebranding-africa.com\/\",\"name\":\"REBRANDING AFRICA FORUM\",\"description\":\"\",\"publisher\":{\"@id\":\"https:\/\/rebranding-africa.com\/#organization\"},\"potentialAction\":[{\"@type\":\"SearchAction\",\"target\":{\"@type\":\"EntryPoint\",\"urlTemplate\":\"https:\/\/rebranding-africa.com\/?s={search_term_string}\"},\"query-input\":{\"@type\":\"PropertyValueSpecification\",\"valueRequired\":true,\"valueName\":\"search_term_string\"}}],\"inLanguage\":\"en-GB\"},{\"@type\":\"Organization\",\"@id\":\"https:\/\/rebranding-africa.com\/#organization\",\"name\":\"REBRANDING AFRICA FORUM\",\"url\":\"https:\/\/rebranding-africa.com\/\",\"logo\":{\"@type\":\"ImageObject\",\"inLanguage\":\"en-GB\",\"@id\":\"https:\/\/rebranding-africa.com\/#\/schema\/logo\/image\/\",\"url\":\"https:\/\/rebranding-africa.com\/wp-content\/uploads\/2025\/07\/Logo.webp\",\"contentUrl\":\"https:\/\/rebranding-africa.com\/wp-content\/uploads\/2025\/07\/Logo.webp\",\"width\":340,\"height\":149,\"caption\":\"REBRANDING AFRICA FORUM\"},\"image\":{\"@id\":\"https:\/\/rebranding-africa.com\/#\/schema\/logo\/image\/\"}}]}<\/script>\n<!-- \/ Yoast SEO plugin. -->","yoast_head_json":{"title":"Accr\u00e9ditation M\u00e9dia - REBRANDING AFRICA FORUM","robots":{"index":"index","follow":"follow","max-snippet":"max-snippet:-1","max-image-preview":"max-image-preview:large","max-video-preview":"max-video-preview:-1"},"canonical":"https:\/\/rebranding-africa.com\/en\/accreditation-media\/","og_locale":"en_GB","og_type":"article","og_title":"Accr\u00e9ditation M\u00e9dia - REBRANDING AFRICA FORUM","og_description":"Accr\u00e9ditation M\u00e9dia Le Rebranding Africa Forum offre aux professionnels des m\u00e9dias un acc\u00e8s privil\u00e9gi\u00e9 pour couvrir l\u2019\u00e9v\u00e9nement. Compl\u00e9tez le formulaire ci-dessous pour soumettre\u00a0votre demande d\u2019accr\u00e9ditation et b\u00e9n\u00e9ficier d\u2019un acc\u00e8s aux espaces presse et aux sessions officielles.\u00a0","og_url":"https:\/\/rebranding-africa.com\/en\/accreditation-media\/","og_site_name":"REBRANDING AFRICA FORUM","article_modified_time":"2025-12-17T12:21:43+00:00","og_image":[{"width":461,"height":308,"url":"https:\/\/rebranding-africa.com\/wp-content\/uploads\/2025\/09\/image11.png","type":"image\/png"}],"twitter_card":"summary_large_image","twitter_misc":{"Estimated reading time":"1 minute"},"schema":{"@context":"https:\/\/schema.org","@graph":[{"@type":"WebPage","@id":"https:\/\/rebranding-africa.com\/accreditation-media\/","url":"https:\/\/rebranding-africa.com\/accreditation-media\/","name":"Accr\u00e9ditation M\u00e9dia - REBRANDING AFRICA FORUM","isPartOf":{"@id":"https:\/\/rebranding-africa.com\/#website"},"primaryImageOfPage":{"@id":"https:\/\/rebranding-africa.com\/accreditation-media\/#primaryimage"},"image":{"@id":"https:\/\/rebranding-africa.com\/accreditation-media\/#primaryimage"},"thumbnailUrl":"https:\/\/rebranding-africa.com\/wp-content\/uploads\/2025\/09\/image11.png","datePublished":"2025-08-08T07:02:05+00:00","dateModified":"2025-12-17T12:21:43+00:00","breadcrumb":{"@id":"https:\/\/rebranding-africa.com\/accreditation-media\/#breadcrumb"},"inLanguage":"en-GB","potentialAction":[{"@type":"ReadAction","target":["https:\/\/rebranding-africa.com\/accreditation-media\/"]}]},{"@type":"ImageObject","inLanguage":"en-GB","@id":"https:\/\/rebranding-africa.com\/accreditation-media\/#primaryimage","url":"https:\/\/rebranding-africa.com\/wp-content\/uploads\/2025\/09\/image11.png","contentUrl":"https:\/\/rebranding-africa.com\/wp-content\/uploads\/2025\/09\/image11.png"},{"@type":"BreadcrumbList","@id":"https:\/\/rebranding-africa.com\/accreditation-media\/#breadcrumb","itemListElement":[{"@type":"ListItem","position":1,"name":"Accueil","item":"https:\/\/rebranding-africa.com\/"},{"@type":"ListItem","position":2,"name":"Accr\u00e9ditation M\u00e9dia"}]},{"@type":"WebSite","@id":"https:\/\/rebranding-africa.com\/#website","url":"https:\/\/rebranding-africa.com\/","name":"REBRANDING AFRICA FORUM","description":"","publisher":{"@id":"https:\/\/rebranding-africa.com\/#organization"},"potentialAction":[{"@type":"SearchAction","target":{"@type":"EntryPoint","urlTemplate":"https:\/\/rebranding-africa.com\/?s={search_term_string}"},"query-input":{"@type":"PropertyValueSpecification","valueRequired":true,"valueName":"search_term_string"}}],"inLanguage":"en-GB"},{"@type":"Organization","@id":"https:\/\/rebranding-africa.com\/#organization","name":"REBRANDING AFRICA FORUM","url":"https:\/\/rebranding-africa.com\/","logo":{"@type":"ImageObject","inLanguage":"en-GB","@id":"https:\/\/rebranding-africa.com\/#\/schema\/logo\/image\/","url":"https:\/\/rebranding-africa.com\/wp-content\/uploads\/2025\/07\/Logo.webp","contentUrl":"https:\/\/rebranding-africa.com\/wp-content\/uploads\/2025\/07\/Logo.webp","width":340,"height":149,"caption":"REBRANDING AFRICA FORUM"},"image":{"@id":"https:\/\/rebranding-africa.com\/#\/schema\/logo\/image\/"}}]}},"_links":{"self":[{"href":"https:\/\/rebranding-africa.com\/en\/wp-json\/wp\/v2\/pages\/2184","targetHints":{"allow":["GET"]}}],"collection":[{"href":"https:\/\/rebranding-africa.com\/en\/wp-json\/wp\/v2\/pages"}],"about":[{"href":"https:\/\/rebranding-africa.com\/en\/wp-json\/wp\/v2\/types\/page"}],"author":[{"embeddable":true,"href":"https:\/\/rebranding-africa.com\/en\/wp-json\/wp\/v2\/users\/1"}],"replies":[{"embeddable":true,"href":"https:\/\/rebranding-africa.com\/en\/wp-json\/wp\/v2\/comments?post=2184"}],"version-history":[{"count":82,"href":"https:\/\/rebranding-africa.com\/en\/wp-json\/wp\/v2\/pages\/2184\/revisions"}],"predecessor-version":[{"id":9465,"href":"https:\/\/rebranding-africa.com\/en\/wp-json\/wp\/v2\/pages\/2184\/revisions\/9465"}],"wp:attachment":[{"href":"https:\/\/rebranding-africa.com\/en\/wp-json\/wp\/v2\/media?parent=2184"}],"curies":[{"name":"wp","href":"https:\/\/api.w.org\/{rel}","templated":true}]}}