{"id":2578,"date":"2025-08-12T19:58:00","date_gmt":"2025-08-12T19:58:00","guid":{"rendered":"https:\/\/rebranding-africa.com\/?page_id=2578"},"modified":"2025-09-08T12:59:24","modified_gmt":"2025-09-08T12:59:24","slug":"temoignages","status":"publish","type":"page","link":"https:\/\/rebranding-africa.com\/en\/temoignages\/","title":{"rendered":"T\u00e9moignages"},"content":{"rendered":"<div data-elementor-type=\"wp-page\" data-elementor-id=\"2578\" class=\"elementor elementor-2578\" data-elementor-post-type=\"page\">\n\t\t\t\t<div class=\"elementor-element elementor-element-925f1b7 hero e-flex e-con-boxed e-con e-parent\" data-id=\"925f1b7\" data-element_type=\"container\" data-e-type=\"container\" data-settings=\"{&quot;background_background&quot;:&quot;classic&quot;}\">\n\t\t\t\t\t<div class=\"e-con-inner\">\n\t\t<div class=\"elementor-element elementor-element-836d1ce e-con-full e-flex e-con e-child\" data-id=\"836d1ce\" data-element_type=\"container\" data-e-type=\"container\">\n\t\t<div class=\"elementor-element elementor-element-af45ed1 e-con-full e-flex e-con e-child\" data-id=\"af45ed1\" data-element_type=\"container\" data-e-type=\"container\">\n\t\t\t\t<div class=\"elementor-element elementor-element-94bb688 elementor-widget elementor-widget-heading\" data-id=\"94bb688\" data-element_type=\"widget\" data-e-type=\"widget\" data-widget_type=\"heading.default\">\n\t\t\t\t\t<h1 class=\"elementor-heading-title elementor-size-default\">T\u00e9moignages<\/h1>\t\t\t\t<\/div>\n\t\t\t\t<\/div>\n\t\t\t\t<\/div>\n\t\t<div class=\"elementor-element elementor-element-eafcc7d e-con-full e-flex e-con e-child\" data-id=\"eafcc7d\" data-element_type=\"container\" data-e-type=\"container\">\n\t\t\t\t<div class=\"elementor-element elementor-element-18c357b elementor-widget elementor-widget-image\" data-id=\"18c357b\" data-element_type=\"widget\" data-e-type=\"widget\" data-widget_type=\"image.default\">\n\t\t\t\t\t\t\t\t\t\t\t\t\t\t\t<img fetchpriority=\"high\" decoding=\"async\" width=\"461\" height=\"308\" src=\"https:\/\/rebranding-africa.com\/wp-content\/uploads\/2025\/09\/image11.png\" class=\"attachment-large size-large wp-image-4167\" alt=\"\" srcset=\"https:\/\/rebranding-africa.com\/wp-content\/uploads\/2025\/09\/image11.png 461w, https:\/\/rebranding-africa.com\/wp-content\/uploads\/2025\/09\/image11-300x200.png 300w, https:\/\/rebranding-africa.com\/wp-content\/uploads\/2025\/09\/image11-200x134.png 200w\" sizes=\"(max-width: 461px) 100vw, 461px\" \/>\t\t\t\t\t\t\t\t\t\t\t\t\t\t\t<\/div>\n\t\t\t\t<\/div>\n\t\t\t\t\t<\/div>\n\t\t\t\t<\/div>\n\t\t<div class=\"elementor-element elementor-element-a4d9dd3 section-3 e-flex e-con-boxed e-con e-parent\" data-id=\"a4d9dd3\" data-element_type=\"container\" data-e-type=\"container\" data-settings=\"{&quot;background_background&quot;:&quot;classic&quot;}\">\n\t\t\t\t\t<div class=\"e-con-inner\">\n\t\t\t\t<div class=\"elementor-element elementor-element-29072b6 titre-section-1 animated-slow elementor-invisible elementor-widget elementor-widget-heading\" data-id=\"29072b6\" data-element_type=\"widget\" data-e-type=\"widget\" data-settings=\"{&quot;_animation&quot;:&quot;fadeInUp&quot;}\" data-widget_type=\"heading.default\">\n\t\t\t\t\t<h2 class=\"elementor-heading-title elementor-size-default\">T\u00e9moignages de nos <em class=\"gradient-text\">Participants VIP<\/em> des \u00e9ditions pr\u00e9c\u00e9dentes<\/h2>\t\t\t\t<\/div>\n\t\t\t\t<div class=\"elementor-element elementor-element-508d21a text-section-1 animated-slow elementor-invisible elementor-widget elementor-widget-text-editor\" data-id=\"508d21a\" data-element_type=\"widget\" data-e-type=\"widget\" data-settings=\"{&quot;_animation&quot;:&quot;fadeInUp&quot;}\" data-widget_type=\"text-editor.default\">\n\t\t\t\t\t\t\t\t\t<p>D\u00e9couvrez les impressions de nos invit\u00e9s VIP qui ont particip\u00e9 aux pr\u00e9c\u00e9dentes \u00e9ditions et partag\u00e9 leur exp\u00e9rience unique.<\/p>\t\t\t\t\t\t\t\t<\/div>\n\t\t\t\t<div class=\"elementor-element elementor-element-d500e9c temoignages animated-slow elementor-invisible elementor-widget elementor-widget-ucaddon_responsive_testemonial_carousel\" data-id=\"d500e9c\" data-element_type=\"widget\" data-e-type=\"widget\" data-settings=\"{&quot;_animation&quot;:&quot;fadeInUp&quot;}\" data-widget_type=\"ucaddon_responsive_testemonial_carousel.default\">\n\t\t\t\t<div class=\"elementor-widget-container\">\n\t\t\t\t\t\n<!-- start Testimonial Carousel -->\n\t\t<link id='font-awesome-css' href='https:\/\/rebranding-africa.com\/wp-content\/plugins\/unlimited-elements-for-elementor-premium\/assets_libraries\/font-awesome6\/fontawesome-all.min.css' type='text\/css' rel='stylesheet' >\n\t\t<link id='font-awesome-4-shim-css' href='https:\/\/rebranding-africa.com\/wp-content\/plugins\/unlimited-elements-for-elementor-premium\/assets_libraries\/font-awesome6\/fontawesome-v4-shims.min.css' type='text\/css' rel='stylesheet' >\n\t\t<link id='owl-carousel-css' href='https:\/\/rebranding-africa.com\/wp-content\/plugins\/unlimited-elements-for-elementor-premium\/assets_libraries\/owl-carousel-new\/assets\/owl.carousel.css' type='text\/css' rel='stylesheet' >\n\n<style>\/* widget: Testimonial Carousel *\/\n\n\/* general styles *\/\n.uc_quote_slider{\n  min-height:1px;\n}\n\n#uc_responsive_testemonial_carousel_elementor_d500e9c *{\n  box-sizing:border-box;\n}\n\n#uc_responsive_testemonial_carousel_elementor_d500e9c .uc_quote_info .uc_author_avatar {\n  width: 100%;\n}\n\n#uc_responsive_testemonial_carousel_elementor_d500e9c .uc_quote_info .uc_author {\n  display: inline-flex;\n  align-items: flex-start; \n  }\n\n#uc_responsive_testemonial_carousel_elementor_d500e9c .uc_stars{\n  display:flex;\n}\n\n#uc_responsive_testemonial_carousel_elementor_d500e9c .uc_quote_info{\n  display:flex;\n}\n\n#uc_responsive_testemonial_carousel_elementor_d500e9c *{\n  outline:none;\n}\n\n#uc_responsive_testemonial_carousel_elementor_d500e9c .ue-image{\n  flex-grow:0;\n  flex-shrink:0;\n}\n\n#uc_responsive_testemonial_carousel_elementor_d500e9c .uc_quote_info .uc_author_info .uc_company {\n    color: ;\n}\n\n#uc_responsive_testemonial_carousel_elementor_d500e9c .ue-image-spacing{\n  flex-grow:0;\n  flex-shrink:0;\n}\n\n#uc_responsive_testemonial_carousel_elementor_d500e9c .ue-icon{\n  display:inline-flex;\n  justify-content:center;\n  align-items:center;\n}\n\n#uc_responsive_testemonial_carousel_elementor_d500e9c .ue-icon svg{\n  width:1em;\n  height:1em;\n}\n\n#uc_responsive_testemonial_carousel_elementor_d500e9c .uc_quote_item,\n#uc_responsive_testemonial_carousel_elementor_d500e9c .ue-flip-item-content{\n  transition: all .3s;\n}\n\n\/* end general styles *\/\n\n\/* carousel type owl *\/\n\/* end carousel type owl *\/\n\n\/* carosuel type grid *\/\n #uc_responsive_testemonial_carousel_elementor_d500e9c.team_member_grid{\n      position:relative;\n    display:grid;\n  }\n\n #uc_responsive_testemonial_carousel_elementor_d500e9c.team_member_grid .ue_grid_item{\n      position:relative;\n    display:flex;\n    flex-direction:column;\n  \t\n}\n\/* end carousel type grid *\/\n\n\n<\/style>\n\n<div class=\"uc_quote_slider\" style=\"direction:ltr\" >  \n  <!-- carousel type owl -->\n    <!-- end carousel type owl -->\n\n  <!-- carousel type marquee -->\n    <!-- end carousel type marquee -->\n\n  <!-- carousel type coverflow -->\n    <!-- end carousel type coverflow -->\n\n  <!-- carousel type swipe -->\n    <!-- end carousel type swipe -->\n\n  <!-- carousel type grid -->\n  \t<div id=\"uc_responsive_testemonial_carousel_elementor_d500e9c\" class=\"team_member_grid uc-items-wrapper\" >\n      \n\t<div class=\"uc_quote_item ue-item   ue_grid_item  elementor-repeater-item-7133541\">\n    <div class=\"uc_quote_info\">\n                \n\t  <div class=\"uc_author\">\n                  <div class=\"ue-image\">\n\t        <img decoding=\"async\" class=\"uc_author_avatar\" src=\"https:\/\/rebranding-africa.com\/wp-content\/uploads\/ac_assets\/responsive_testemonial_carousel\/user.jpg\" height=\"48\" width=\"48\" alt=\"\" \/>\n          <\/div>\n          <div class=\"ue-image-spacing\"><\/div>\n                          \n\t\t<div class=\"uc_author_info\">\n\t\t  <div class=\"ue_title\">Alex<\/div>\t\t  <div class=\"ue_subtitle\">Bruxelles<\/div>\t\t<\/div>\n        \n\t  <\/div>      <!-- end of credentials -->\n              \n      <div class=\"ue-text\"><p>Lorem ipsum dolor sit amet, consectetur adipiscing elit. Nullam porttitor tortor turpis, vel semper massa hendrerit eu.<\/p><\/div>              \n      \t        \n                    \n\t<\/div>   <\/div>\n<!-- end of block item -->\n\n\t<div class=\"uc_quote_item ue-item   ue_grid_item  elementor-repeater-item-8f13e60\">\n    <div class=\"uc_quote_info\">\n                \n\t  <div class=\"uc_author\">\n                  <div class=\"ue-image\">\n\t        <img decoding=\"async\" class=\"uc_author_avatar\" src=\"https:\/\/rebranding-africa.com\/wp-content\/uploads\/ac_assets\/responsive_testemonial_carousel\/userpics\/1.jpg\" height=\"48\" width=\"48\" alt=\"\" \/>\n          <\/div>\n          <div class=\"ue-image-spacing\"><\/div>\n                          \n\t\t<div class=\"uc_author_info\">\n\t\t  <div class=\"ue_title\">Ron<\/div>\t\t  <div class=\"ue_subtitle\">Ohaine<\/div>\t\t<\/div>\n        \n\t  <\/div>      <!-- end of credentials -->\n              \n      <div class=\"ue-text\"><p>Lorem ipsum dolor sit amet, consectetur adipiscing elit. Nullam porttitor tortor turpis, vel semper massa hendrerit eu.<\/p><\/div>              \n      \t        \n                    \n\t<\/div>   <\/div>\n<!-- end of block item -->\n\n\t<div class=\"uc_quote_item ue-item   ue_grid_item  elementor-repeater-item-abb7a5d\">\n    <div class=\"uc_quote_info\">\n                \n\t  <div class=\"uc_author\">\n                  <div class=\"ue-image\">\n\t        <img loading=\"lazy\" decoding=\"async\" class=\"uc_author_avatar\" src=\"https:\/\/rebranding-africa.com\/wp-content\/uploads\/ac_assets\/responsive_testemonial_carousel\/userpics\/3.jpg\" height=\"48\" width=\"48\" alt=\"\" \/>\n          <\/div>\n          <div class=\"ue-image-spacing\"><\/div>\n                          \n\t\t<div class=\"uc_author_info\">\n\t\t  <div class=\"ue_title\">Kasey<\/div>\t\t  <div class=\"ue_subtitle\">Belgique<\/div>\t\t<\/div>\n        \n\t  <\/div>      <!-- end of credentials -->\n              \n      <div class=\"ue-text\"><p>Lorem ipsum dolor sit amet, consectetur adipiscing elit. Nullam porttitor tortor turpis, vel semper massa hendrerit eu.<\/p><\/div>              \n      \t        \n                    \n\t<\/div>   <\/div>\n<!-- end of block item -->\n\n\t<div class=\"uc_quote_item ue-item   ue_grid_item  elementor-repeater-item-5a1ddad\">\n    <div class=\"uc_quote_info\">\n                \n\t  <div class=\"uc_author\">\n                  <div class=\"ue-image\">\n\t        <img loading=\"lazy\" decoding=\"async\" class=\"uc_author_avatar\" src=\"https:\/\/rebranding-africa.com\/wp-content\/uploads\/ac_assets\/responsive_testemonial_carousel\/userpics\/3.jpg\" height=\"48\" width=\"48\" alt=\"\" \/>\n          <\/div>\n          <div class=\"ue-image-spacing\"><\/div>\n                          \n\t\t<div class=\"uc_author_info\">\n\t\t  <div class=\"ue_title\">Kasey<\/div>\t\t  <div class=\"ue_subtitle\">Belgique<\/div>\t\t<\/div>\n        \n\t  <\/div>      <!-- end of credentials -->\n              \n      <div class=\"ue-text\"><p>Lorem ipsum dolor sit amet, consectetur adipiscing elit. Nullam porttitor tortor turpis, vel semper massa hendrerit eu.<\/p><\/div>              \n      \t        \n                    \n\t<\/div>   <\/div>\n<!-- end of block item -->\n\n\t<div class=\"uc_quote_item ue-item   ue_grid_item  elementor-repeater-item-a2825fe\">\n    <div class=\"uc_quote_info\">\n                \n\t  <div class=\"uc_author\">\n                  <div class=\"ue-image\">\n\t        <img loading=\"lazy\" decoding=\"async\" class=\"uc_author_avatar\" src=\"https:\/\/rebranding-africa.com\/wp-content\/uploads\/ac_assets\/responsive_testemonial_carousel\/userpics\/3.jpg\" height=\"48\" width=\"48\" alt=\"\" \/>\n          <\/div>\n          <div class=\"ue-image-spacing\"><\/div>\n                          \n\t\t<div class=\"uc_author_info\">\n\t\t  <div class=\"ue_title\">Kasey<\/div>\t\t  <div class=\"ue_subtitle\">Belgique<\/div>\t\t<\/div>\n        \n\t  <\/div>      <!-- end of credentials -->\n              \n      <div class=\"ue-text\"><p>Lorem ipsum dolor sit amet, consectetur adipiscing elit. Nullam porttitor tortor turpis, vel semper massa hendrerit eu.<\/p><\/div>              \n      \t        \n                    \n\t<\/div>   <\/div>\n<!-- end of block item -->\n\n\t<div class=\"uc_quote_item ue-item   ue_grid_item  elementor-repeater-item-8938df9\">\n    <div class=\"uc_quote_info\">\n                \n\t  <div class=\"uc_author\">\n                  <div class=\"ue-image\">\n\t        <img loading=\"lazy\" decoding=\"async\" class=\"uc_author_avatar\" src=\"https:\/\/rebranding-africa.com\/wp-content\/uploads\/ac_assets\/responsive_testemonial_carousel\/userpics\/3.jpg\" height=\"48\" width=\"48\" alt=\"\" \/>\n          <\/div>\n          <div class=\"ue-image-spacing\"><\/div>\n                          \n\t\t<div class=\"uc_author_info\">\n\t\t  <div class=\"ue_title\">Kasey<\/div>\t\t  <div class=\"ue_subtitle\">Belgique<\/div>\t\t<\/div>\n        \n\t  <\/div>      <!-- end of credentials -->\n              \n      <div class=\"ue-text\"><p>Lorem ipsum dolor sit amet, consectetur adipiscing elit. Nullam porttitor tortor turpis, vel semper massa hendrerit eu.<\/p><\/div>              \n      \t        \n                    \n\t<\/div>   <\/div>\n<!-- end of block item -->\n\n\t<\/div>\n    <!-- end carousel type grid -->\n\n<\/div>\n<!-- end Testimonial Carousel -->\t\t\t\t<\/div>\n\t\t\t\t<\/div>\n\t\t\t\t<div class=\"elementor-element elementor-element-5218830 text-section-1 animated-slow elementor-invisible elementor-widget elementor-widget-text-editor\" data-id=\"5218830\" data-element_type=\"widget\" data-e-type=\"widget\" data-settings=\"{&quot;_animation&quot;:&quot;fadeInUp&quot;}\" data-widget_type=\"text-editor.default\">\n\t\t\t\t\t\t\t\t\t<p>Rejoignez ces leaders exceptionnels lors de nos prochains \u00e9v\u00e9nements<\/p>\t\t\t\t\t\t\t\t<\/div>\n\t\t\t\t<div class=\"elementor-element elementor-element-557bec3 elementor-align-center animated-slow elementor-invisible elementor-widget elementor-widget-button\" data-id=\"557bec3\" data-element_type=\"widget\" data-e-type=\"widget\" data-settings=\"{&quot;_animation&quot;:&quot;fadeInUp&quot;}\" data-widget_type=\"button.default\">\n\t\t\t\t\t\t\t\t\t\t<a class=\"elementor-button elementor-button-link elementor-size-sm\" href=\"#\">\n\t\t\t\t\t\t<span class=\"elementor-button-content-wrapper\">\n\t\t\t\t\t\t<span class=\"elementor-button-icon\">\n\t\t\t\t<i aria-hidden=\"true\" class=\"wb wb-arrow-right\"><\/i>\t\t\t<\/span>\n\t\t\t\t\t\t\t\t\t<span class=\"elementor-button-text\">Devenir Participant VIP<\/span>\n\t\t\t\t\t<\/span>\n\t\t\t\t\t<\/a>\n\t\t\t\t\t\t\t\t<\/div>\n\t\t\t\t\t<\/div>\n\t\t\t\t<\/div>\n\t\t\t\t<\/div>","protected":false},"excerpt":{"rendered":"<p>T\u00e9moignages de nos Participants VIP des \u00e9ditions pr\u00e9c\u00e9dentes D\u00e9couvrez les impressions de nos invit\u00e9s VIP qui ont particip\u00e9 aux pr\u00e9c\u00e9dentes \u00e9ditions et partag\u00e9 leur exp\u00e9rience unique. Alex Bruxelles Lorem ipsum dolor sit amet, consectetur adipiscing elit. Nullam porttitor tortor turpis, vel semper massa hendrerit eu. Ron Ohaine Lorem ipsum dolor sit amet, consectetur adipiscing elit. [&hellip;]<\/p>","protected":false},"author":1,"featured_media":0,"parent":0,"menu_order":0,"comment_status":"closed","ping_status":"closed","template":"","meta":{"_acf_changed":false,"footnotes":""},"class_list":["post-2578","page","type-page","status-publish","hentry"],"acf":[],"yoast_head":"<!-- This site is optimized with the Yoast SEO plugin v27.2 - https:\/\/yoast.com\/product\/yoast-seo-wordpress\/ -->\n<title>T\u00e9moignages - REBRANDING AFRICA FORUM<\/title>\n<meta name=\"robots\" content=\"index, follow, max-snippet:-1, max-image-preview:large, max-video-preview:-1\" \/>\n<link rel=\"canonical\" href=\"https:\/\/rebranding-africa.com\/en\/temoignages\/\" \/>\n<meta property=\"og:locale\" content=\"en_GB\" \/>\n<meta property=\"og:type\" content=\"article\" \/>\n<meta property=\"og:title\" content=\"T\u00e9moignages - REBRANDING AFRICA FORUM\" \/>\n<meta property=\"og:description\" content=\"T\u00e9moignages de nos Participants VIP des \u00e9ditions pr\u00e9c\u00e9dentes D\u00e9couvrez les impressions de nos invit\u00e9s VIP qui ont particip\u00e9 aux pr\u00e9c\u00e9dentes \u00e9ditions et partag\u00e9 leur exp\u00e9rience unique. Alex Bruxelles Lorem ipsum dolor sit amet, consectetur adipiscing elit. Nullam porttitor tortor turpis, vel semper massa hendrerit eu. Ron Ohaine Lorem ipsum dolor sit amet, consectetur adipiscing elit. [&hellip;]\" \/>\n<meta property=\"og:url\" content=\"https:\/\/rebranding-africa.com\/en\/temoignages\/\" \/>\n<meta property=\"og:site_name\" content=\"REBRANDING AFRICA FORUM\" \/>\n<meta property=\"article:modified_time\" content=\"2025-09-08T12:59:24+00:00\" \/>\n<meta property=\"og:image\" content=\"https:\/\/rebranding-africa.com\/wp-content\/uploads\/2025\/09\/image11.png\" \/>\n\t<meta property=\"og:image:width\" content=\"461\" \/>\n\t<meta property=\"og:image:height\" content=\"308\" \/>\n\t<meta property=\"og:image:type\" content=\"image\/png\" \/>\n<meta name=\"twitter:card\" content=\"summary_large_image\" \/>\n<meta name=\"twitter:label1\" content=\"Estimated reading time\" \/>\n\t<meta name=\"twitter:data1\" content=\"2 minutes\" \/>\n<script type=\"application\/ld+json\" class=\"yoast-schema-graph\">{\"@context\":\"https:\/\/schema.org\",\"@graph\":[{\"@type\":\"WebPage\",\"@id\":\"https:\/\/rebranding-africa.com\/temoignages\/\",\"url\":\"https:\/\/rebranding-africa.com\/temoignages\/\",\"name\":\"T\u00e9moignages - REBRANDING AFRICA FORUM\",\"isPartOf\":{\"@id\":\"https:\/\/rebranding-africa.com\/#website\"},\"primaryImageOfPage\":{\"@id\":\"https:\/\/rebranding-africa.com\/temoignages\/#primaryimage\"},\"image\":{\"@id\":\"https:\/\/rebranding-africa.com\/temoignages\/#primaryimage\"},\"thumbnailUrl\":\"https:\/\/rebranding-africa.com\/wp-content\/uploads\/2025\/09\/image11.png\",\"datePublished\":\"2025-08-12T19:58:00+00:00\",\"dateModified\":\"2025-09-08T12:59:24+00:00\",\"breadcrumb\":{\"@id\":\"https:\/\/rebranding-africa.com\/temoignages\/#breadcrumb\"},\"inLanguage\":\"en-GB\",\"potentialAction\":[{\"@type\":\"ReadAction\",\"target\":[\"https:\/\/rebranding-africa.com\/temoignages\/\"]}]},{\"@type\":\"ImageObject\",\"inLanguage\":\"en-GB\",\"@id\":\"https:\/\/rebranding-africa.com\/temoignages\/#primaryimage\",\"url\":\"https:\/\/rebranding-africa.com\/wp-content\/uploads\/2025\/09\/image11.png\",\"contentUrl\":\"https:\/\/rebranding-africa.com\/wp-content\/uploads\/2025\/09\/image11.png\"},{\"@type\":\"BreadcrumbList\",\"@id\":\"https:\/\/rebranding-africa.com\/temoignages\/#breadcrumb\",\"itemListElement\":[{\"@type\":\"ListItem\",\"position\":1,\"name\":\"Accueil\",\"item\":\"https:\/\/rebranding-africa.com\/\"},{\"@type\":\"ListItem\",\"position\":2,\"name\":\"T\u00e9moignages\"}]},{\"@type\":\"WebSite\",\"@id\":\"https:\/\/rebranding-africa.com\/#website\",\"url\":\"https:\/\/rebranding-africa.com\/\",\"name\":\"REBRANDING AFRICA FORUM\",\"description\":\"\",\"publisher\":{\"@id\":\"https:\/\/rebranding-africa.com\/#organization\"},\"potentialAction\":[{\"@type\":\"SearchAction\",\"target\":{\"@type\":\"EntryPoint\",\"urlTemplate\":\"https:\/\/rebranding-africa.com\/?s={search_term_string}\"},\"query-input\":{\"@type\":\"PropertyValueSpecification\",\"valueRequired\":true,\"valueName\":\"search_term_string\"}}],\"inLanguage\":\"en-GB\"},{\"@type\":\"Organization\",\"@id\":\"https:\/\/rebranding-africa.com\/#organization\",\"name\":\"REBRANDING AFRICA FORUM\",\"url\":\"https:\/\/rebranding-africa.com\/\",\"logo\":{\"@type\":\"ImageObject\",\"inLanguage\":\"en-GB\",\"@id\":\"https:\/\/rebranding-africa.com\/#\/schema\/logo\/image\/\",\"url\":\"https:\/\/rebranding-africa.com\/wp-content\/uploads\/2025\/07\/Logo.webp\",\"contentUrl\":\"https:\/\/rebranding-africa.com\/wp-content\/uploads\/2025\/07\/Logo.webp\",\"width\":340,\"height\":149,\"caption\":\"REBRANDING AFRICA FORUM\"},\"image\":{\"@id\":\"https:\/\/rebranding-africa.com\/#\/schema\/logo\/image\/\"}}]}<\/script>\n<!-- \/ Yoast SEO plugin. -->","yoast_head_json":{"title":"T\u00e9moignages - REBRANDING AFRICA FORUM","robots":{"index":"index","follow":"follow","max-snippet":"max-snippet:-1","max-image-preview":"max-image-preview:large","max-video-preview":"max-video-preview:-1"},"canonical":"https:\/\/rebranding-africa.com\/en\/temoignages\/","og_locale":"en_GB","og_type":"article","og_title":"T\u00e9moignages - REBRANDING AFRICA FORUM","og_description":"T\u00e9moignages de nos Participants VIP des \u00e9ditions pr\u00e9c\u00e9dentes D\u00e9couvrez les impressions de nos invit\u00e9s VIP qui ont particip\u00e9 aux pr\u00e9c\u00e9dentes \u00e9ditions et partag\u00e9 leur exp\u00e9rience unique. Alex Bruxelles Lorem ipsum dolor sit amet, consectetur adipiscing elit. Nullam porttitor tortor turpis, vel semper massa hendrerit eu. Ron Ohaine Lorem ipsum dolor sit amet, consectetur adipiscing elit. [&hellip;]","og_url":"https:\/\/rebranding-africa.com\/en\/temoignages\/","og_site_name":"REBRANDING AFRICA FORUM","article_modified_time":"2025-09-08T12:59:24+00:00","og_image":[{"width":461,"height":308,"url":"https:\/\/rebranding-africa.com\/wp-content\/uploads\/2025\/09\/image11.png","type":"image\/png"}],"twitter_card":"summary_large_image","twitter_misc":{"Estimated reading time":"2 minutes"},"schema":{"@context":"https:\/\/schema.org","@graph":[{"@type":"WebPage","@id":"https:\/\/rebranding-africa.com\/temoignages\/","url":"https:\/\/rebranding-africa.com\/temoignages\/","name":"T\u00e9moignages - REBRANDING AFRICA FORUM","isPartOf":{"@id":"https:\/\/rebranding-africa.com\/#website"},"primaryImageOfPage":{"@id":"https:\/\/rebranding-africa.com\/temoignages\/#primaryimage"},"image":{"@id":"https:\/\/rebranding-africa.com\/temoignages\/#primaryimage"},"thumbnailUrl":"https:\/\/rebranding-africa.com\/wp-content\/uploads\/2025\/09\/image11.png","datePublished":"2025-08-12T19:58:00+00:00","dateModified":"2025-09-08T12:59:24+00:00","breadcrumb":{"@id":"https:\/\/rebranding-africa.com\/temoignages\/#breadcrumb"},"inLanguage":"en-GB","potentialAction":[{"@type":"ReadAction","target":["https:\/\/rebranding-africa.com\/temoignages\/"]}]},{"@type":"ImageObject","inLanguage":"en-GB","@id":"https:\/\/rebranding-africa.com\/temoignages\/#primaryimage","url":"https:\/\/rebranding-africa.com\/wp-content\/uploads\/2025\/09\/image11.png","contentUrl":"https:\/\/rebranding-africa.com\/wp-content\/uploads\/2025\/09\/image11.png"},{"@type":"BreadcrumbList","@id":"https:\/\/rebranding-africa.com\/temoignages\/#breadcrumb","itemListElement":[{"@type":"ListItem","position":1,"name":"Accueil","item":"https:\/\/rebranding-africa.com\/"},{"@type":"ListItem","position":2,"name":"T\u00e9moignages"}]},{"@type":"WebSite","@id":"https:\/\/rebranding-africa.com\/#website","url":"https:\/\/rebranding-africa.com\/","name":"REBRANDING AFRICA FORUM","description":"","publisher":{"@id":"https:\/\/rebranding-africa.com\/#organization"},"potentialAction":[{"@type":"SearchAction","target":{"@type":"EntryPoint","urlTemplate":"https:\/\/rebranding-africa.com\/?s={search_term_string}"},"query-input":{"@type":"PropertyValueSpecification","valueRequired":true,"valueName":"search_term_string"}}],"inLanguage":"en-GB"},{"@type":"Organization","@id":"https:\/\/rebranding-africa.com\/#organization","name":"REBRANDING AFRICA FORUM","url":"https:\/\/rebranding-africa.com\/","logo":{"@type":"ImageObject","inLanguage":"en-GB","@id":"https:\/\/rebranding-africa.com\/#\/schema\/logo\/image\/","url":"https:\/\/rebranding-africa.com\/wp-content\/uploads\/2025\/07\/Logo.webp","contentUrl":"https:\/\/rebranding-africa.com\/wp-content\/uploads\/2025\/07\/Logo.webp","width":340,"height":149,"caption":"REBRANDING AFRICA FORUM"},"image":{"@id":"https:\/\/rebranding-africa.com\/#\/schema\/logo\/image\/"}}]}},"_links":{"self":[{"href":"https:\/\/rebranding-africa.com\/en\/wp-json\/wp\/v2\/pages\/2578","targetHints":{"allow":["GET"]}}],"collection":[{"href":"https:\/\/rebranding-africa.com\/en\/wp-json\/wp\/v2\/pages"}],"about":[{"href":"https:\/\/rebranding-africa.com\/en\/wp-json\/wp\/v2\/types\/page"}],"author":[{"embeddable":true,"href":"https:\/\/rebranding-africa.com\/en\/wp-json\/wp\/v2\/users\/1"}],"replies":[{"embeddable":true,"href":"https:\/\/rebranding-africa.com\/en\/wp-json\/wp\/v2\/comments?post=2578"}],"version-history":[{"count":31,"href":"https:\/\/rebranding-africa.com\/en\/wp-json\/wp\/v2\/pages\/2578\/revisions"}],"predecessor-version":[{"id":4367,"href":"https:\/\/rebranding-africa.com\/en\/wp-json\/wp\/v2\/pages\/2578\/revisions\/4367"}],"wp:attachment":[{"href":"https:\/\/rebranding-africa.com\/en\/wp-json\/wp\/v2\/media?parent=2578"}],"curies":[{"name":"wp","href":"https:\/\/api.w.org\/{rel}","templated":true}]}}