{"id":619,"date":"2025-07-10T08:13:14","date_gmt":"2025-07-10T08:13:14","guid":{"rendered":"https:\/\/rebranding-africa.com\/?page_id=619"},"modified":"2025-11-10T07:13:11","modified_gmt":"2025-11-10T07:13:11","slug":"concept-note","status":"publish","type":"page","link":"https:\/\/rebranding-africa.com\/en\/raf-2026\/concept-note\/","title":{"rendered":"Concept note"},"content":{"rendered":"<div data-elementor-type=\"wp-page\" data-elementor-id=\"619\" class=\"elementor elementor-619\" data-elementor-post-type=\"page\">\n\t\t\t\t<div class=\"elementor-element elementor-element-48314ce hero e-flex e-con-boxed e-con e-parent\" data-id=\"48314ce\" data-element_type=\"container\" data-e-type=\"container\" data-settings=\"{&quot;background_background&quot;:&quot;classic&quot;}\">\n\t\t\t\t\t<div class=\"e-con-inner\">\n\t\t<div class=\"elementor-element elementor-element-4f36d0f e-con-full e-flex e-con e-child\" data-id=\"4f36d0f\" data-element_type=\"container\" data-e-type=\"container\">\n\t\t<div class=\"elementor-element elementor-element-77c09d2 e-con-full e-flex e-con e-child\" data-id=\"77c09d2\" data-element_type=\"container\" data-e-type=\"container\">\n\t\t\t\t<div class=\"elementor-element elementor-element-a87fe9e elementor-widget elementor-widget-heading\" data-id=\"a87fe9e\" data-element_type=\"widget\" data-e-type=\"widget\" data-widget_type=\"heading.default\">\n\t\t\t\t\t<h1 class=\"elementor-heading-title elementor-size-default\">Concept note 2025<\/h1>\t\t\t\t<\/div>\n\t\t\t\t<\/div>\n\t\t\t\t<\/div>\n\t\t<div class=\"elementor-element elementor-element-c68419a e-con-full e-flex e-con e-child\" data-id=\"c68419a\" data-element_type=\"container\" data-e-type=\"container\">\n\t\t\t\t<div class=\"elementor-element elementor-element-a77da6f elementor-widget elementor-widget-image\" data-id=\"a77da6f\" data-element_type=\"widget\" data-e-type=\"widget\" data-widget_type=\"image.default\">\n\t\t\t\t\t\t\t\t\t\t\t\t\t\t\t<img fetchpriority=\"high\" decoding=\"async\" width=\"461\" height=\"308\" src=\"https:\/\/rebranding-africa.com\/wp-content\/uploads\/2025\/09\/image11.png\" class=\"attachment-large size-large wp-image-4167\" alt=\"\" srcset=\"https:\/\/rebranding-africa.com\/wp-content\/uploads\/2025\/09\/image11.png 461w, https:\/\/rebranding-africa.com\/wp-content\/uploads\/2025\/09\/image11-300x200.png 300w, https:\/\/rebranding-africa.com\/wp-content\/uploads\/2025\/09\/image11-200x134.png 200w\" sizes=\"(max-width: 461px) 100vw, 461px\" \/>\t\t\t\t\t\t\t\t\t\t\t\t\t\t\t<\/div>\n\t\t\t\t<\/div>\n\t\t\t\t\t<\/div>\n\t\t\t\t<\/div>\n\t\t<div class=\"elementor-element elementor-element-9bae41f section-1 e-flex e-con-boxed e-con e-parent\" data-id=\"9bae41f\" data-element_type=\"container\" data-e-type=\"container\" data-settings=\"{&quot;background_background&quot;:&quot;classic&quot;}\">\n\t\t\t\t\t<div class=\"e-con-inner\">\n\t\t<div class=\"elementor-element elementor-element-1298293 e-con-full animated-slow e-flex elementor-invisible e-con e-child\" data-id=\"1298293\" data-element_type=\"container\" data-e-type=\"container\" data-settings=\"{&quot;animation&quot;:&quot;fadeInLeft&quot;}\">\n\t\t\t\t<div class=\"elementor-element elementor-element-0f11839 elementor-widget elementor-widget-image\" data-id=\"0f11839\" data-element_type=\"widget\" data-e-type=\"widget\" data-widget_type=\"image.default\">\n\t\t\t\t\t\t\t\t\t\t\t\t\t\t\t<img decoding=\"async\" width=\"800\" height=\"534\" src=\"https:\/\/rebranding-africa.com\/wp-content\/uploads\/2025\/07\/tech-support-expert-wearing-headphones-doing-checkup-ai-systems-1024x683.webp\" class=\"attachment-large size-large wp-image-671\" alt=\"\" srcset=\"https:\/\/rebranding-africa.com\/wp-content\/uploads\/2025\/07\/tech-support-expert-wearing-headphones-doing-checkup-ai-systems-1024x683.webp 1024w, https:\/\/rebranding-africa.com\/wp-content\/uploads\/2025\/07\/tech-support-expert-wearing-headphones-doing-checkup-ai-systems-300x200.webp 300w, https:\/\/rebranding-africa.com\/wp-content\/uploads\/2025\/07\/tech-support-expert-wearing-headphones-doing-checkup-ai-systems-768x512.webp 768w, https:\/\/rebranding-africa.com\/wp-content\/uploads\/2025\/07\/tech-support-expert-wearing-headphones-doing-checkup-ai-systems-1536x1024.webp 1536w, https:\/\/rebranding-africa.com\/wp-content\/uploads\/2025\/07\/tech-support-expert-wearing-headphones-doing-checkup-ai-systems-2048x1365.webp 2048w, https:\/\/rebranding-africa.com\/wp-content\/uploads\/2025\/07\/tech-support-expert-wearing-headphones-doing-checkup-ai-systems-200x133.webp 200w\" sizes=\"(max-width: 800px) 100vw, 800px\" \/>\t\t\t\t\t\t\t\t\t\t\t\t\t\t\t<\/div>\n\t\t\t\t<\/div>\n\t\t<div class=\"elementor-element elementor-element-c7a9053 e-con-full e-flex e-con e-child\" data-id=\"c7a9053\" data-element_type=\"container\" data-e-type=\"container\">\n\t\t\t\t<div class=\"elementor-element elementor-element-772aade titre-section-1 animated-slow elementor-invisible elementor-widget elementor-widget-heading\" data-id=\"772aade\" data-element_type=\"widget\" data-e-type=\"widget\" data-settings=\"{&quot;_animation&quot;:&quot;fadeInRight&quot;}\" data-widget_type=\"heading.default\">\n\t\t\t\t\t<h2 class=\"elementor-heading-title elementor-size-default\">L\u2019IA, moteur strat\u00e9gique du monde <em class=\"gradient-text\">et levier pour l\u2019Afrique <\/em><\/h2>\t\t\t\t<\/div>\n\t\t\t\t<div class=\"elementor-element elementor-element-03e298d text-section-1 animated-slow elementor-invisible elementor-widget elementor-widget-text-editor\" data-id=\"03e298d\" data-element_type=\"widget\" data-e-type=\"widget\" data-settings=\"{&quot;_animation&quot;:&quot;fadeInRight&quot;}\" data-widget_type=\"text-editor.default\">\n\t\t\t\t\t\t\t\t\t<p>D\u00e8s l\u2019entame de son mandat, le pr\u00e9sident am\u00e9ricain Donald Trump a annonc\u00e9 un investissement massif de 500 milliards de dollars dans l\u2019Intelligence Artificielle (IA) au cours des prochaines ann\u00e9es, essentiellement financ\u00e9 par les surtaxes impos\u00e9es aux produits \u00e9trangers, et avec une perspective quasi imm\u00e9diate de 100.000 emplois cr\u00e9\u00e9s. Une annonce qui plus que jamais confirme le caract\u00e8re hautement strat\u00e9gique de l\u2019IA et les enjeux multiples qu\u2019elle rev\u00eat aujourd\u2019hui. Consacr\u00e9e \u00e0 la construction commune de l\u2019Afrique, la 10e \u00e9dition du Rebranding Africa Forum (RAF) ne s\u2019y \u00e9tait en effet pas tromp\u00e9, puisque l\u2019une de ses conclusions majeures \u00e9tait que cette construction de l\u2019Afrique de demain ne pouvait se r\u00e9aliser en marge de l\u2019espace num\u00e9rique et des dynamiques mondiales impuls\u00e9es par les r\u00e9cents d\u00e9veloppements vertigineux de l\u2019Intelligence Artificielle.<\/p>\t\t\t\t\t\t\t\t<\/div>\n\t\t<div class=\"elementor-element elementor-element-73514e0 e-con-full e-flex e-con e-child\" data-id=\"73514e0\" data-element_type=\"container\" data-e-type=\"container\">\n\t\t\t\t<div class=\"elementor-element elementor-element-5d5b84b animated-slow elementor-widget elementor-widget-button\" data-id=\"5d5b84b\" data-element_type=\"widget\" data-e-type=\"widget\" data-settings=\"{&quot;_animation&quot;:&quot;none&quot;}\" data-widget_type=\"button.default\">\n\t\t\t\t\t\t\t\t\t\t<a class=\"elementor-button elementor-button-link elementor-size-sm\" href=\"https:\/\/rebranding-africa.com\/wp-content\/uploads\/2025\/10\/RAF-AGENDA-2025-FR_25092025-1.pdf\" target=\"_blank\">\n\t\t\t\t\t\t<span class=\"elementor-button-content-wrapper\">\n\t\t\t\t\t\t<span class=\"elementor-button-icon\">\n\t\t\t\t<i aria-hidden=\"true\" class=\"uic ms-Icon--CalendarWeek\"><\/i>\t\t\t<\/span>\n\t\t\t\t\t\t\t\t\t<span class=\"elementor-button-text\">Voir l'agenda<\/span>\n\t\t\t\t\t<\/span>\n\t\t\t\t\t<\/a>\n\t\t\t\t\t\t\t\t<\/div>\n\t\t\t\t<div class=\"elementor-element elementor-element-7fa2186 animated-slow elementor-widget elementor-widget-button\" data-id=\"7fa2186\" data-element_type=\"widget\" data-e-type=\"widget\" data-settings=\"{&quot;_animation&quot;:&quot;none&quot;}\" data-widget_type=\"button.default\">\n\t\t\t\t\t\t\t\t\t\t<a class=\"elementor-button elementor-button-link elementor-size-sm\" href=\"#elementor-action%3Aaction%3Dpopup%3Aopen%26settings%3DeyJpZCI6IjM5MzciLCJ0b2dnbGUiOmZhbHNlfQ%3D%3D\">\n\t\t\t\t\t\t<span class=\"elementor-button-content-wrapper\">\n\t\t\t\t\t\t<span class=\"elementor-button-icon\">\n\t\t\t\t<i aria-hidden=\"true\" class=\"hm hm-file\"><\/i>\t\t\t<\/span>\n\t\t\t\t\t\t\t\t\t<span class=\"elementor-button-text\">S'inscrire<\/span>\n\t\t\t\t\t<\/span>\n\t\t\t\t\t<\/a>\n\t\t\t\t\t\t\t\t<\/div>\n\t\t\t\t<\/div>\n\t\t\t\t<\/div>\n\t\t\t\t\t<\/div>\n\t\t\t\t<\/div>\n\t\t<div class=\"elementor-element elementor-element-772fecb section-2 e-flex e-con-boxed e-con e-parent\" data-id=\"772fecb\" data-element_type=\"container\" data-e-type=\"container\" data-settings=\"{&quot;background_background&quot;:&quot;classic&quot;}\">\n\t\t\t\t\t<div class=\"e-con-inner\">\n\t\t<div class=\"elementor-element elementor-element-e00d6aa e-con-full e-flex e-con e-child\" data-id=\"e00d6aa\" data-element_type=\"container\" data-e-type=\"container\">\n\t\t\t\t<div class=\"elementor-element elementor-element-d1812ed titre-section-1 elementor-widget elementor-widget-heading\" data-id=\"d1812ed\" data-element_type=\"widget\" data-e-type=\"widget\" data-widget_type=\"heading.default\">\n\t\t\t\t\t<h2 class=\"elementor-heading-title elementor-size-default\">L\u2019IA au c\u0153ur des transformations <em class=\"gradient-text\">et des rivalit\u00e9s du XXI\u1d49 si\u00e8cle<\/em><\/h2>\t\t\t\t<\/div>\n\t\t\t\t<div class=\"elementor-element elementor-element-4037b8a text-section-1 elementor-widget elementor-widget-text-editor\" data-id=\"4037b8a\" data-element_type=\"widget\" data-e-type=\"widget\" data-widget_type=\"text-editor.default\">\n\t\t\t\t\t\t\t\t\t<p>En assistant \u00ab intelligemment \u00bb les humains, sa derni\u00e8re-n\u00e9e, l\u2019intelligence artificielle g\u00e9n\u00e9rative, tend en effet \u00e0 investir et \u00e0 transformer profond\u00e9ment tous les domaines, la m\u00e9decine, l\u2019\u00e9ducation, la formation, la politique, l\u2019\u00e9conomie, les finances, les assurances, l\u2019industrie, l\u2019agriculture, la culture, le sport, la logistique, le management, les rapports sociaux, etc. Elle cr\u00e9e d\u2019incommensurables opportunit\u00e9s d\u2019investissements, d\u2019affaires, de contr\u00f4les ou de positionnements strat\u00e9giques dans chacun de ces domaines, par-del\u00e0 les nombreux d\u00e9fi s corr\u00e9latifs qui en r\u00e9sultent. Plus qu\u2019une technologie-cl\u00e9 de l\u2019avenir, l\u2019Intelligence Artificielle est donc aujourd\u2019hui le lieu par excellence d\u2019affrontements tous azimuts entre empires num\u00e9riques pour configurer et contr\u00f4ler le monde de demain. Le Rebranding Africa Forum 2025 se propose de placer cette question au c\u0153ur du d\u00e9bat.<\/p>\t\t\t\t\t\t\t\t<\/div>\n\t\t\t\t<\/div>\n\t\t<div class=\"elementor-element elementor-element-1f21cc4 e-con-full e-flex e-con e-child\" data-id=\"1f21cc4\" data-element_type=\"container\" data-e-type=\"container\">\n\t\t\t\t<div class=\"elementor-element elementor-element-4416cdb elementor-widget elementor-widget-image\" data-id=\"4416cdb\" data-element_type=\"widget\" data-e-type=\"widget\" data-widget_type=\"image.default\">\n\t\t\t\t\t\t\t\t\t\t\t\t\t\t\t<img decoding=\"async\" width=\"800\" height=\"450\" src=\"https:\/\/rebranding-africa.com\/wp-content\/uploads\/2025\/07\/109919-1024x576.webp\" class=\"attachment-large size-large wp-image-657\" alt=\"\" srcset=\"https:\/\/rebranding-africa.com\/wp-content\/uploads\/2025\/07\/109919-1024x576.webp 1024w, https:\/\/rebranding-africa.com\/wp-content\/uploads\/2025\/07\/109919-300x169.webp 300w, https:\/\/rebranding-africa.com\/wp-content\/uploads\/2025\/07\/109919-768x432.webp 768w, https:\/\/rebranding-africa.com\/wp-content\/uploads\/2025\/07\/109919-200x113.webp 200w, https:\/\/rebranding-africa.com\/wp-content\/uploads\/2025\/07\/109919.webp 1500w\" sizes=\"(max-width: 800px) 100vw, 800px\" \/>\t\t\t\t\t\t\t\t\t\t\t\t\t\t\t<\/div>\n\t\t\t\t<\/div>\n\t\t\t\t\t<\/div>\n\t\t\t\t<\/div>\n\t\t\t\t<\/div>","protected":false},"excerpt":{"rendered":"<p>Concept note 2025 L\u2019IA, moteur strat\u00e9gique du monde et levier pour l\u2019Afrique D\u00e8s l\u2019entame de son mandat, le pr\u00e9sident am\u00e9ricain Donald Trump a annonc\u00e9 un investissement massif de 500 milliards de dollars dans l\u2019Intelligence Artificielle (IA) au cours des prochaines ann\u00e9es, essentiellement financ\u00e9 par les surtaxes impos\u00e9es aux produits \u00e9trangers, et avec une perspective quasi [&hellip;]<\/p>","protected":false},"author":1,"featured_media":0,"parent":531,"menu_order":0,"comment_status":"closed","ping_status":"closed","template":"","meta":{"_acf_changed":false,"footnotes":""},"class_list":["post-619","page","type-page","status-publish","hentry"],"acf":[],"yoast_head":"<!-- This site is optimized with the Yoast SEO plugin v27.2 - https:\/\/yoast.com\/product\/yoast-seo-wordpress\/ -->\n<title>Concept note - REBRANDING AFRICA FORUM<\/title>\n<meta name=\"robots\" content=\"index, follow, max-snippet:-1, max-image-preview:large, max-video-preview:-1\" \/>\n<link rel=\"canonical\" href=\"https:\/\/rebranding-africa.com\/en\/raf-2026\/concept-note\/\" \/>\n<meta property=\"og:locale\" content=\"en_GB\" \/>\n<meta property=\"og:type\" content=\"article\" \/>\n<meta property=\"og:title\" content=\"Concept note - REBRANDING AFRICA FORUM\" \/>\n<meta property=\"og:description\" content=\"Concept note 2025 L\u2019IA, moteur strat\u00e9gique du monde et levier pour l\u2019Afrique D\u00e8s l\u2019entame de son mandat, le pr\u00e9sident am\u00e9ricain Donald Trump a annonc\u00e9 un investissement massif de 500 milliards de dollars dans l\u2019Intelligence Artificielle (IA) au cours des prochaines ann\u00e9es, essentiellement financ\u00e9 par les surtaxes impos\u00e9es aux produits \u00e9trangers, et avec une perspective quasi [&hellip;]\" \/>\n<meta property=\"og:url\" content=\"https:\/\/rebranding-africa.com\/en\/raf-2026\/concept-note\/\" \/>\n<meta property=\"og:site_name\" content=\"REBRANDING AFRICA FORUM\" \/>\n<meta property=\"article:modified_time\" content=\"2025-11-10T07:13:11+00:00\" \/>\n<meta property=\"og:image\" content=\"https:\/\/rebranding-africa.com\/wp-content\/uploads\/2025\/09\/image11.png\" \/>\n\t<meta property=\"og:image:width\" content=\"461\" \/>\n\t<meta property=\"og:image:height\" content=\"308\" \/>\n\t<meta property=\"og:image:type\" content=\"image\/png\" \/>\n<meta name=\"twitter:card\" content=\"summary_large_image\" \/>\n<meta name=\"twitter:label1\" content=\"Estimated reading time\" \/>\n\t<meta name=\"twitter:data1\" content=\"2 minutes\" \/>\n<script type=\"application\/ld+json\" class=\"yoast-schema-graph\">{\"@context\":\"https:\/\/schema.org\",\"@graph\":[{\"@type\":\"WebPage\",\"@id\":\"https:\/\/rebranding-africa.com\/raf-2026\/concept-note\/\",\"url\":\"https:\/\/rebranding-africa.com\/raf-2026\/concept-note\/\",\"name\":\"Concept note - REBRANDING AFRICA FORUM\",\"isPartOf\":{\"@id\":\"https:\/\/rebranding-africa.com\/#website\"},\"primaryImageOfPage\":{\"@id\":\"https:\/\/rebranding-africa.com\/raf-2026\/concept-note\/#primaryimage\"},\"image\":{\"@id\":\"https:\/\/rebranding-africa.com\/raf-2026\/concept-note\/#primaryimage\"},\"thumbnailUrl\":\"https:\/\/rebranding-africa.com\/wp-content\/uploads\/2025\/09\/image11.png\",\"datePublished\":\"2025-07-10T08:13:14+00:00\",\"dateModified\":\"2025-11-10T07:13:11+00:00\",\"breadcrumb\":{\"@id\":\"https:\/\/rebranding-africa.com\/raf-2026\/concept-note\/#breadcrumb\"},\"inLanguage\":\"en-GB\",\"potentialAction\":[{\"@type\":\"ReadAction\",\"target\":[\"https:\/\/rebranding-africa.com\/raf-2026\/concept-note\/\"]}]},{\"@type\":\"ImageObject\",\"inLanguage\":\"en-GB\",\"@id\":\"https:\/\/rebranding-africa.com\/raf-2026\/concept-note\/#primaryimage\",\"url\":\"https:\/\/rebranding-africa.com\/wp-content\/uploads\/2025\/09\/image11.png\",\"contentUrl\":\"https:\/\/rebranding-africa.com\/wp-content\/uploads\/2025\/09\/image11.png\"},{\"@type\":\"BreadcrumbList\",\"@id\":\"https:\/\/rebranding-africa.com\/raf-2026\/concept-note\/#breadcrumb\",\"itemListElement\":[{\"@type\":\"ListItem\",\"position\":1,\"name\":\"Accueil\",\"item\":\"https:\/\/rebranding-africa.com\/\"},{\"@type\":\"ListItem\",\"position\":2,\"name\":\"RAF 2026\",\"item\":\"https:\/\/rebranding-africa.com\/raf-2026\/\"},{\"@type\":\"ListItem\",\"position\":3,\"name\":\"Concept note\"}]},{\"@type\":\"WebSite\",\"@id\":\"https:\/\/rebranding-africa.com\/#website\",\"url\":\"https:\/\/rebranding-africa.com\/\",\"name\":\"REBRANDING AFRICA FORUM\",\"description\":\"\",\"publisher\":{\"@id\":\"https:\/\/rebranding-africa.com\/#organization\"},\"potentialAction\":[{\"@type\":\"SearchAction\",\"target\":{\"@type\":\"EntryPoint\",\"urlTemplate\":\"https:\/\/rebranding-africa.com\/?s={search_term_string}\"},\"query-input\":{\"@type\":\"PropertyValueSpecification\",\"valueRequired\":true,\"valueName\":\"search_term_string\"}}],\"inLanguage\":\"en-GB\"},{\"@type\":\"Organization\",\"@id\":\"https:\/\/rebranding-africa.com\/#organization\",\"name\":\"REBRANDING AFRICA FORUM\",\"url\":\"https:\/\/rebranding-africa.com\/\",\"logo\":{\"@type\":\"ImageObject\",\"inLanguage\":\"en-GB\",\"@id\":\"https:\/\/rebranding-africa.com\/#\/schema\/logo\/image\/\",\"url\":\"https:\/\/rebranding-africa.com\/wp-content\/uploads\/2025\/07\/Logo.webp\",\"contentUrl\":\"https:\/\/rebranding-africa.com\/wp-content\/uploads\/2025\/07\/Logo.webp\",\"width\":340,\"height\":149,\"caption\":\"REBRANDING AFRICA FORUM\"},\"image\":{\"@id\":\"https:\/\/rebranding-africa.com\/#\/schema\/logo\/image\/\"}}]}<\/script>\n<!-- \/ Yoast SEO plugin. -->","yoast_head_json":{"title":"Concept note - REBRANDING AFRICA FORUM","robots":{"index":"index","follow":"follow","max-snippet":"max-snippet:-1","max-image-preview":"max-image-preview:large","max-video-preview":"max-video-preview:-1"},"canonical":"https:\/\/rebranding-africa.com\/en\/raf-2026\/concept-note\/","og_locale":"en_GB","og_type":"article","og_title":"Concept note - REBRANDING AFRICA FORUM","og_description":"Concept note 2025 L\u2019IA, moteur strat\u00e9gique du monde et levier pour l\u2019Afrique D\u00e8s l\u2019entame de son mandat, le pr\u00e9sident am\u00e9ricain Donald Trump a annonc\u00e9 un investissement massif de 500 milliards de dollars dans l\u2019Intelligence Artificielle (IA) au cours des prochaines ann\u00e9es, essentiellement financ\u00e9 par les surtaxes impos\u00e9es aux produits \u00e9trangers, et avec une perspective quasi [&hellip;]","og_url":"https:\/\/rebranding-africa.com\/en\/raf-2026\/concept-note\/","og_site_name":"REBRANDING AFRICA FORUM","article_modified_time":"2025-11-10T07:13:11+00:00","og_image":[{"width":461,"height":308,"url":"https:\/\/rebranding-africa.com\/wp-content\/uploads\/2025\/09\/image11.png","type":"image\/png"}],"twitter_card":"summary_large_image","twitter_misc":{"Estimated reading time":"2 minutes"},"schema":{"@context":"https:\/\/schema.org","@graph":[{"@type":"WebPage","@id":"https:\/\/rebranding-africa.com\/raf-2026\/concept-note\/","url":"https:\/\/rebranding-africa.com\/raf-2026\/concept-note\/","name":"Concept note - REBRANDING AFRICA FORUM","isPartOf":{"@id":"https:\/\/rebranding-africa.com\/#website"},"primaryImageOfPage":{"@id":"https:\/\/rebranding-africa.com\/raf-2026\/concept-note\/#primaryimage"},"image":{"@id":"https:\/\/rebranding-africa.com\/raf-2026\/concept-note\/#primaryimage"},"thumbnailUrl":"https:\/\/rebranding-africa.com\/wp-content\/uploads\/2025\/09\/image11.png","datePublished":"2025-07-10T08:13:14+00:00","dateModified":"2025-11-10T07:13:11+00:00","breadcrumb":{"@id":"https:\/\/rebranding-africa.com\/raf-2026\/concept-note\/#breadcrumb"},"inLanguage":"en-GB","potentialAction":[{"@type":"ReadAction","target":["https:\/\/rebranding-africa.com\/raf-2026\/concept-note\/"]}]},{"@type":"ImageObject","inLanguage":"en-GB","@id":"https:\/\/rebranding-africa.com\/raf-2026\/concept-note\/#primaryimage","url":"https:\/\/rebranding-africa.com\/wp-content\/uploads\/2025\/09\/image11.png","contentUrl":"https:\/\/rebranding-africa.com\/wp-content\/uploads\/2025\/09\/image11.png"},{"@type":"BreadcrumbList","@id":"https:\/\/rebranding-africa.com\/raf-2026\/concept-note\/#breadcrumb","itemListElement":[{"@type":"ListItem","position":1,"name":"Accueil","item":"https:\/\/rebranding-africa.com\/"},{"@type":"ListItem","position":2,"name":"RAF 2026","item":"https:\/\/rebranding-africa.com\/raf-2026\/"},{"@type":"ListItem","position":3,"name":"Concept note"}]},{"@type":"WebSite","@id":"https:\/\/rebranding-africa.com\/#website","url":"https:\/\/rebranding-africa.com\/","name":"REBRANDING AFRICA FORUM","description":"","publisher":{"@id":"https:\/\/rebranding-africa.com\/#organization"},"potentialAction":[{"@type":"SearchAction","target":{"@type":"EntryPoint","urlTemplate":"https:\/\/rebranding-africa.com\/?s={search_term_string}"},"query-input":{"@type":"PropertyValueSpecification","valueRequired":true,"valueName":"search_term_string"}}],"inLanguage":"en-GB"},{"@type":"Organization","@id":"https:\/\/rebranding-africa.com\/#organization","name":"REBRANDING AFRICA FORUM","url":"https:\/\/rebranding-africa.com\/","logo":{"@type":"ImageObject","inLanguage":"en-GB","@id":"https:\/\/rebranding-africa.com\/#\/schema\/logo\/image\/","url":"https:\/\/rebranding-africa.com\/wp-content\/uploads\/2025\/07\/Logo.webp","contentUrl":"https:\/\/rebranding-africa.com\/wp-content\/uploads\/2025\/07\/Logo.webp","width":340,"height":149,"caption":"REBRANDING AFRICA FORUM"},"image":{"@id":"https:\/\/rebranding-africa.com\/#\/schema\/logo\/image\/"}}]}},"_links":{"self":[{"href":"https:\/\/rebranding-africa.com\/en\/wp-json\/wp\/v2\/pages\/619","targetHints":{"allow":["GET"]}}],"collection":[{"href":"https:\/\/rebranding-africa.com\/en\/wp-json\/wp\/v2\/pages"}],"about":[{"href":"https:\/\/rebranding-africa.com\/en\/wp-json\/wp\/v2\/types\/page"}],"author":[{"embeddable":true,"href":"https:\/\/rebranding-africa.com\/en\/wp-json\/wp\/v2\/users\/1"}],"replies":[{"embeddable":true,"href":"https:\/\/rebranding-africa.com\/en\/wp-json\/wp\/v2\/comments?post=619"}],"version-history":[{"count":118,"href":"https:\/\/rebranding-africa.com\/en\/wp-json\/wp\/v2\/pages\/619\/revisions"}],"predecessor-version":[{"id":8987,"href":"https:\/\/rebranding-africa.com\/en\/wp-json\/wp\/v2\/pages\/619\/revisions\/8987"}],"up":[{"embeddable":true,"href":"https:\/\/rebranding-africa.com\/en\/wp-json\/wp\/v2\/pages\/531"}],"wp:attachment":[{"href":"https:\/\/rebranding-africa.com\/en\/wp-json\/wp\/v2\/media?parent=619"}],"curies":[{"name":"wp","href":"https:\/\/api.w.org\/{rel}","templated":true}]}}