{"id":6729,"date":"2025-10-24T12:30:14","date_gmt":"2025-10-24T12:30:14","guid":{"rendered":"https:\/\/rebranding-africa.com\/?page_id=6729"},"modified":"2025-10-24T12:31:54","modified_gmt":"2025-10-24T12:31:54","slug":"conditions-generales-de-vente","status":"publish","type":"page","link":"https:\/\/rebranding-africa.com\/en\/conditions-generales-de-vente\/","title":{"rendered":"Conditions G\u00e9n\u00e9rales de Vente"},"content":{"rendered":"<div data-elementor-type=\"wp-page\" data-elementor-id=\"6729\" class=\"elementor elementor-6729\" data-elementor-post-type=\"page\">\n\t\t\t\t<div class=\"elementor-element elementor-element-c4da6f8 hero e-flex e-con-boxed e-con e-parent\" data-id=\"c4da6f8\" data-element_type=\"container\" data-e-type=\"container\" data-settings=\"{&quot;background_background&quot;:&quot;classic&quot;}\">\n\t\t\t\t\t<div class=\"e-con-inner\">\n\t\t<div class=\"elementor-element elementor-element-fc1dd45 e-con-full e-flex e-con e-child\" data-id=\"fc1dd45\" data-element_type=\"container\" data-e-type=\"container\">\n\t\t<div class=\"elementor-element elementor-element-6cfc014 e-con-full e-flex e-con e-child\" data-id=\"6cfc014\" data-element_type=\"container\" data-e-type=\"container\">\n\t\t\t\t<div class=\"elementor-element elementor-element-19e7c79 elementor-widget elementor-widget-heading\" data-id=\"19e7c79\" data-element_type=\"widget\" data-e-type=\"widget\" data-widget_type=\"heading.default\">\n\t\t\t\t\t<h1 class=\"elementor-heading-title elementor-size-default\">Conditions G\u00e9n\u00e9rales de Vente<\/h1>\t\t\t\t<\/div>\n\t\t\t\t<\/div>\n\t\t\t\t<\/div>\n\t\t<div class=\"elementor-element elementor-element-83200da e-con-full e-flex e-con e-child\" data-id=\"83200da\" data-element_type=\"container\" data-e-type=\"container\">\n\t\t\t\t<div class=\"elementor-element elementor-element-9965797 elementor-widget elementor-widget-image\" data-id=\"9965797\" data-element_type=\"widget\" data-e-type=\"widget\" data-widget_type=\"image.default\">\n\t\t\t\t\t\t\t\t\t\t\t\t\t\t\t<img fetchpriority=\"high\" decoding=\"async\" width=\"461\" height=\"308\" src=\"https:\/\/rebranding-africa.com\/wp-content\/uploads\/2025\/09\/image11.png\" class=\"attachment-large size-large wp-image-4167\" alt=\"\" srcset=\"https:\/\/rebranding-africa.com\/wp-content\/uploads\/2025\/09\/image11.png 461w, https:\/\/rebranding-africa.com\/wp-content\/uploads\/2025\/09\/image11-300x200.png 300w, https:\/\/rebranding-africa.com\/wp-content\/uploads\/2025\/09\/image11-200x134.png 200w\" sizes=\"(max-width: 461px) 100vw, 461px\" \/>\t\t\t\t\t\t\t\t\t\t\t\t\t\t\t<\/div>\n\t\t\t\t<\/div>\n\t\t\t\t\t<\/div>\n\t\t\t\t<\/div>\n\t\t<div class=\"elementor-element elementor-element-50b04ce section-1 e-flex e-con-boxed e-con e-parent\" data-id=\"50b04ce\" data-element_type=\"container\" data-e-type=\"container\" data-settings=\"{&quot;background_background&quot;:&quot;classic&quot;}\">\n\t\t\t\t\t<div class=\"e-con-inner\">\n\t\t\t\t<div class=\"elementor-element elementor-element-3cb293d text-section-1 elementor-widget elementor-widget-text-editor\" data-id=\"3cb293d\" data-element_type=\"widget\" data-e-type=\"widget\" data-widget_type=\"text-editor.default\">\n\t\t\t\t\t\t\t\t\t<p>Les Conditions G\u00e9n\u00e9rales de Vente (CGV) r\u00e9gissent l\u2019acc\u00e8s et la participation \u00e0 l\u2019event REBRANDING AFRICA FORUM.<\/p><p>Le droit d\u2019entr\u00e9e au \u200bREBRANDING AFRICA FORUM 2025 comprend la participation au \u200bprogramme de la journ\u00e9e en fonction de la formule choisie et la documentation distribu\u00e9e. Aucun remboursement ne pourra \u00eatre effectu\u00e9 en cas d\u2019annulation de votre participation. Vous pouvez dans ce cas vous faire repr\u00e9senter par une personne de niveau hi\u00e9rarchique \u00e9quivalent, sous r\u00e9serve de l\u2019accord express d\u200bu Comit\u00e9 d\u2019Organisation qui devra en \u00eatre inform\u00e9 au plus t\u00f4t. \u200b\u200bAucune demande ne pourra \u00eatre accept\u00e9e si elle intervient moins de 20 jours avant le d\u00e9but du Forum.<\/p><p>Les billets ne sont ni repris, ni \u00e9chang\u00e9s, et ne sont en aucun cas rembours\u00e9s, quel que soit le motif de l\u2019annulation. Le billet ne permet \u200bl\u2019\u200bacc\u00e8s qu\u2019\u00e0 un participant. \u200bEn cas d\u2019achat de billet valable pour 2 personnes, l\u2019accompagnant(e) indiqu\u00e9(e) lors de l\u2019achat, recevra un billet \u00e0 son nom avant le forum. L\u2019Organisateur peut d\u00e9cider de contr\u00f4ler l\u2019identit\u00e9 des participants \u00e0 l\u2019entr\u00e9e et exiger la pr\u00e9sentation d\u2019un justificatif (\u200bc\u200barte d\u2019identit\u00e9, passeport, permis de conduire).<\/p><p>\u200bLe comit\u00e9 d\u2019organisation du RAF se r\u00e9serve le droit d\u2019annuler ou de refuser une inscription. Dans le cas exceptionnel o\u00f9 c\u2019est le comit\u00e9 d\u2019organisation qui d\u00e9cide d\u2019annuler votre inscription, vous serez rembours\u00e9 sur le compte via lequel fut effectu\u00e9 le paiement.<\/p><p>\u200bLes frais de s\u00e9jour et de transport sont \u00e0 la charge de chaque participant\u200b\u200b.<\/p><p>Exclusivement pour l\u2019achat du forfait complet incluant le Welcome Business Cocktail, le Forum et la Soir\u00e9e de gala, si vous avez indiqu\u00e9 lors de votre inscription que vous n\u00e9cessitez une lettre d\u2019invitation, vous recevrez, une fois votre paiement effectu\u00e9 et votre inscription valid\u00e9e, une lettre de confirmation de votre inscription de la part du Comit\u00e9 d\u2019Organisation. Cette lettre pourra \u00eatre pr\u00e9sent\u00e9e aux autorit\u00e9s consulaires lors de votre demande de visa. Le RAF n\u2019est pas responsable de l\u2019obtention du visa ou de tout autre document requis pour entrer dans le pays.<\/p><p>En vous inscrivant au Rebranding Africa Forum, vous acceptez l\u2019utilisation de votre image et de vos donn\u00e9es dans le cadre des activit\u00e9s de ce Forum.<\/p><p>Votre confirmation \u200bde participation \u200bne sera d\u00e9finitive qu\u2019\u00e0\u200b la r\u00e9ception de votre r\u00e8glement complet.\u200b<\/p><p>En achetant un billet pour le \u00ab Rebranding Africa Forum \u00bb, vous acceptez automatiquement ces Conditions G\u00e9n\u00e9rales de Vente. Veuillez les lire attentivement avant d\u2019effectuer votre achat.<\/p><p>\u00a0<\/p>\t\t\t\t\t\t\t\t<\/div>\n\t\t\t\t\t<\/div>\n\t\t\t\t<\/div>\n\t\t\t\t<\/div>","protected":false},"excerpt":{"rendered":"<p>Les Conditions G\u00e9n\u00e9rales de Vente (CGV) r\u00e9gissent l\u2019acc\u00e8s et la participation \u00e0 l\u2019event REBRANDING AFRICA FORUM. Le droit d\u2019entr\u00e9e au \u200bREBRANDING AFRICA FORUM 2025 comprend la participation au \u200bprogramme de la journ\u00e9e en fonction de la formule choisie et la documentation distribu\u00e9e. Aucun remboursement ne pourra \u00eatre effectu\u00e9 en cas d\u2019annulation de votre participation. Vous [&hellip;]<\/p>","protected":false},"author":1,"featured_media":0,"parent":0,"menu_order":0,"comment_status":"closed","ping_status":"closed","template":"","meta":{"_acf_changed":false,"footnotes":""},"class_list":["post-6729","page","type-page","status-publish","hentry"],"acf":[],"yoast_head":"<!-- This site is optimized with the Yoast SEO plugin v27.2 - https:\/\/yoast.com\/product\/yoast-seo-wordpress\/ -->\n<title>Conditions G\u00e9n\u00e9rales de Vente - REBRANDING AFRICA FORUM<\/title>\n<meta name=\"robots\" content=\"index, follow, max-snippet:-1, max-image-preview:large, max-video-preview:-1\" \/>\n<link rel=\"canonical\" href=\"https:\/\/rebranding-africa.com\/en\/conditions-generales-de-vente\/\" \/>\n<meta property=\"og:locale\" content=\"en_GB\" \/>\n<meta property=\"og:type\" content=\"article\" \/>\n<meta property=\"og:title\" content=\"Conditions G\u00e9n\u00e9rales de Vente - REBRANDING AFRICA FORUM\" \/>\n<meta property=\"og:description\" content=\"Les Conditions G\u00e9n\u00e9rales de Vente (CGV) r\u00e9gissent l\u2019acc\u00e8s et la participation \u00e0 l\u2019event REBRANDING AFRICA FORUM. Le droit d\u2019entr\u00e9e au \u200bREBRANDING AFRICA FORUM 2025 comprend la participation au \u200bprogramme de la journ\u00e9e en fonction de la formule choisie et la documentation distribu\u00e9e. Aucun remboursement ne pourra \u00eatre effectu\u00e9 en cas d\u2019annulation de votre participation. Vous [&hellip;]\" \/>\n<meta property=\"og:url\" content=\"https:\/\/rebranding-africa.com\/en\/conditions-generales-de-vente\/\" \/>\n<meta property=\"og:site_name\" content=\"REBRANDING AFRICA FORUM\" \/>\n<meta property=\"article:modified_time\" content=\"2025-10-24T12:31:54+00:00\" \/>\n<meta property=\"og:image\" content=\"https:\/\/rebranding-africa.com\/wp-content\/uploads\/2025\/09\/image11.png\" \/>\n\t<meta property=\"og:image:width\" content=\"461\" \/>\n\t<meta property=\"og:image:height\" content=\"308\" \/>\n\t<meta property=\"og:image:type\" content=\"image\/png\" \/>\n<meta name=\"twitter:card\" content=\"summary_large_image\" \/>\n<script type=\"application\/ld+json\" class=\"yoast-schema-graph\">{\"@context\":\"https:\/\/schema.org\",\"@graph\":[{\"@type\":\"WebPage\",\"@id\":\"https:\/\/rebranding-africa.com\/conditions-generales-de-vente\/\",\"url\":\"https:\/\/rebranding-africa.com\/conditions-generales-de-vente\/\",\"name\":\"Conditions G\u00e9n\u00e9rales de Vente - REBRANDING AFRICA FORUM\",\"isPartOf\":{\"@id\":\"https:\/\/rebranding-africa.com\/#website\"},\"primaryImageOfPage\":{\"@id\":\"https:\/\/rebranding-africa.com\/conditions-generales-de-vente\/#primaryimage\"},\"image\":{\"@id\":\"https:\/\/rebranding-africa.com\/conditions-generales-de-vente\/#primaryimage\"},\"thumbnailUrl\":\"https:\/\/rebranding-africa.com\/wp-content\/uploads\/2025\/09\/image11.png\",\"datePublished\":\"2025-10-24T12:30:14+00:00\",\"dateModified\":\"2025-10-24T12:31:54+00:00\",\"breadcrumb\":{\"@id\":\"https:\/\/rebranding-africa.com\/conditions-generales-de-vente\/#breadcrumb\"},\"inLanguage\":\"en-GB\",\"potentialAction\":[{\"@type\":\"ReadAction\",\"target\":[\"https:\/\/rebranding-africa.com\/conditions-generales-de-vente\/\"]}]},{\"@type\":\"ImageObject\",\"inLanguage\":\"en-GB\",\"@id\":\"https:\/\/rebranding-africa.com\/conditions-generales-de-vente\/#primaryimage\",\"url\":\"https:\/\/rebranding-africa.com\/wp-content\/uploads\/2025\/09\/image11.png\",\"contentUrl\":\"https:\/\/rebranding-africa.com\/wp-content\/uploads\/2025\/09\/image11.png\"},{\"@type\":\"BreadcrumbList\",\"@id\":\"https:\/\/rebranding-africa.com\/conditions-generales-de-vente\/#breadcrumb\",\"itemListElement\":[{\"@type\":\"ListItem\",\"position\":1,\"name\":\"Accueil\",\"item\":\"https:\/\/rebranding-africa.com\/\"},{\"@type\":\"ListItem\",\"position\":2,\"name\":\"Conditions G\u00e9n\u00e9rales de Vente\"}]},{\"@type\":\"WebSite\",\"@id\":\"https:\/\/rebranding-africa.com\/#website\",\"url\":\"https:\/\/rebranding-africa.com\/\",\"name\":\"REBRANDING AFRICA FORUM\",\"description\":\"\",\"publisher\":{\"@id\":\"https:\/\/rebranding-africa.com\/#organization\"},\"potentialAction\":[{\"@type\":\"SearchAction\",\"target\":{\"@type\":\"EntryPoint\",\"urlTemplate\":\"https:\/\/rebranding-africa.com\/?s={search_term_string}\"},\"query-input\":{\"@type\":\"PropertyValueSpecification\",\"valueRequired\":true,\"valueName\":\"search_term_string\"}}],\"inLanguage\":\"en-GB\"},{\"@type\":\"Organization\",\"@id\":\"https:\/\/rebranding-africa.com\/#organization\",\"name\":\"REBRANDING AFRICA FORUM\",\"url\":\"https:\/\/rebranding-africa.com\/\",\"logo\":{\"@type\":\"ImageObject\",\"inLanguage\":\"en-GB\",\"@id\":\"https:\/\/rebranding-africa.com\/#\/schema\/logo\/image\/\",\"url\":\"https:\/\/rebranding-africa.com\/wp-content\/uploads\/2025\/07\/Logo.webp\",\"contentUrl\":\"https:\/\/rebranding-africa.com\/wp-content\/uploads\/2025\/07\/Logo.webp\",\"width\":340,\"height\":149,\"caption\":\"REBRANDING AFRICA FORUM\"},\"image\":{\"@id\":\"https:\/\/rebranding-africa.com\/#\/schema\/logo\/image\/\"}}]}<\/script>\n<!-- \/ Yoast SEO plugin. -->","yoast_head_json":{"title":"Conditions G\u00e9n\u00e9rales de Vente - REBRANDING AFRICA FORUM","robots":{"index":"index","follow":"follow","max-snippet":"max-snippet:-1","max-image-preview":"max-image-preview:large","max-video-preview":"max-video-preview:-1"},"canonical":"https:\/\/rebranding-africa.com\/en\/conditions-generales-de-vente\/","og_locale":"en_GB","og_type":"article","og_title":"Conditions G\u00e9n\u00e9rales de Vente - REBRANDING AFRICA FORUM","og_description":"Les Conditions G\u00e9n\u00e9rales de Vente (CGV) r\u00e9gissent l\u2019acc\u00e8s et la participation \u00e0 l\u2019event REBRANDING AFRICA FORUM. Le droit d\u2019entr\u00e9e au \u200bREBRANDING AFRICA FORUM 2025 comprend la participation au \u200bprogramme de la journ\u00e9e en fonction de la formule choisie et la documentation distribu\u00e9e. Aucun remboursement ne pourra \u00eatre effectu\u00e9 en cas d\u2019annulation de votre participation. Vous [&hellip;]","og_url":"https:\/\/rebranding-africa.com\/en\/conditions-generales-de-vente\/","og_site_name":"REBRANDING AFRICA FORUM","article_modified_time":"2025-10-24T12:31:54+00:00","og_image":[{"width":461,"height":308,"url":"https:\/\/rebranding-africa.com\/wp-content\/uploads\/2025\/09\/image11.png","type":"image\/png"}],"twitter_card":"summary_large_image","schema":{"@context":"https:\/\/schema.org","@graph":[{"@type":"WebPage","@id":"https:\/\/rebranding-africa.com\/conditions-generales-de-vente\/","url":"https:\/\/rebranding-africa.com\/conditions-generales-de-vente\/","name":"Conditions G\u00e9n\u00e9rales de Vente - REBRANDING AFRICA FORUM","isPartOf":{"@id":"https:\/\/rebranding-africa.com\/#website"},"primaryImageOfPage":{"@id":"https:\/\/rebranding-africa.com\/conditions-generales-de-vente\/#primaryimage"},"image":{"@id":"https:\/\/rebranding-africa.com\/conditions-generales-de-vente\/#primaryimage"},"thumbnailUrl":"https:\/\/rebranding-africa.com\/wp-content\/uploads\/2025\/09\/image11.png","datePublished":"2025-10-24T12:30:14+00:00","dateModified":"2025-10-24T12:31:54+00:00","breadcrumb":{"@id":"https:\/\/rebranding-africa.com\/conditions-generales-de-vente\/#breadcrumb"},"inLanguage":"en-GB","potentialAction":[{"@type":"ReadAction","target":["https:\/\/rebranding-africa.com\/conditions-generales-de-vente\/"]}]},{"@type":"ImageObject","inLanguage":"en-GB","@id":"https:\/\/rebranding-africa.com\/conditions-generales-de-vente\/#primaryimage","url":"https:\/\/rebranding-africa.com\/wp-content\/uploads\/2025\/09\/image11.png","contentUrl":"https:\/\/rebranding-africa.com\/wp-content\/uploads\/2025\/09\/image11.png"},{"@type":"BreadcrumbList","@id":"https:\/\/rebranding-africa.com\/conditions-generales-de-vente\/#breadcrumb","itemListElement":[{"@type":"ListItem","position":1,"name":"Accueil","item":"https:\/\/rebranding-africa.com\/"},{"@type":"ListItem","position":2,"name":"Conditions G\u00e9n\u00e9rales de Vente"}]},{"@type":"WebSite","@id":"https:\/\/rebranding-africa.com\/#website","url":"https:\/\/rebranding-africa.com\/","name":"REBRANDING AFRICA FORUM","description":"","publisher":{"@id":"https:\/\/rebranding-africa.com\/#organization"},"potentialAction":[{"@type":"SearchAction","target":{"@type":"EntryPoint","urlTemplate":"https:\/\/rebranding-africa.com\/?s={search_term_string}"},"query-input":{"@type":"PropertyValueSpecification","valueRequired":true,"valueName":"search_term_string"}}],"inLanguage":"en-GB"},{"@type":"Organization","@id":"https:\/\/rebranding-africa.com\/#organization","name":"REBRANDING AFRICA FORUM","url":"https:\/\/rebranding-africa.com\/","logo":{"@type":"ImageObject","inLanguage":"en-GB","@id":"https:\/\/rebranding-africa.com\/#\/schema\/logo\/image\/","url":"https:\/\/rebranding-africa.com\/wp-content\/uploads\/2025\/07\/Logo.webp","contentUrl":"https:\/\/rebranding-africa.com\/wp-content\/uploads\/2025\/07\/Logo.webp","width":340,"height":149,"caption":"REBRANDING AFRICA FORUM"},"image":{"@id":"https:\/\/rebranding-africa.com\/#\/schema\/logo\/image\/"}}]}},"_links":{"self":[{"href":"https:\/\/rebranding-africa.com\/en\/wp-json\/wp\/v2\/pages\/6729","targetHints":{"allow":["GET"]}}],"collection":[{"href":"https:\/\/rebranding-africa.com\/en\/wp-json\/wp\/v2\/pages"}],"about":[{"href":"https:\/\/rebranding-africa.com\/en\/wp-json\/wp\/v2\/types\/page"}],"author":[{"embeddable":true,"href":"https:\/\/rebranding-africa.com\/en\/wp-json\/wp\/v2\/users\/1"}],"replies":[{"embeddable":true,"href":"https:\/\/rebranding-africa.com\/en\/wp-json\/wp\/v2\/comments?post=6729"}],"version-history":[{"count":10,"href":"https:\/\/rebranding-africa.com\/en\/wp-json\/wp\/v2\/pages\/6729\/revisions"}],"predecessor-version":[{"id":6740,"href":"https:\/\/rebranding-africa.com\/en\/wp-json\/wp\/v2\/pages\/6729\/revisions\/6740"}],"wp:attachment":[{"href":"https:\/\/rebranding-africa.com\/en\/wp-json\/wp\/v2\/media?parent=6729"}],"curies":[{"name":"wp","href":"https:\/\/api.w.org\/{rel}","templated":true}]}}