{"id":9615,"date":"2025-12-18T18:14:31","date_gmt":"2025-12-18T18:14:31","guid":{"rendered":"https:\/\/rebranding-africa.com\/?page_id=9615"},"modified":"2025-12-19T11:32:39","modified_gmt":"2025-12-19T11:32:39","slug":"thematiques-raf","status":"publish","type":"page","link":"https:\/\/rebranding-africa.com\/en\/thematiques-raf\/","title":{"rendered":"Th\u00e9matiques RAF"},"content":{"rendered":"<div data-elementor-type=\"wp-page\" data-elementor-id=\"9615\" class=\"elementor elementor-9615\" data-elementor-post-type=\"page\">\n\t\t\t\t<div class=\"elementor-element elementor-element-8464eeb hero e-flex e-con-boxed e-con e-parent\" data-id=\"8464eeb\" data-element_type=\"container\" data-e-type=\"container\" data-settings=\"{&quot;background_background&quot;:&quot;classic&quot;}\">\n\t\t\t\t\t<div class=\"e-con-inner\">\n\t\t<div class=\"elementor-element elementor-element-ce80bec e-con-full e-flex e-con e-child\" data-id=\"ce80bec\" data-element_type=\"container\" data-e-type=\"container\">\n\t\t<div class=\"elementor-element elementor-element-26d1c7a e-con-full sad e-flex e-con e-child\" data-id=\"26d1c7a\" data-element_type=\"container\" data-e-type=\"container\">\n\t\t\t\t<div class=\"elementor-element elementor-element-7bbfec3 elementor-widget elementor-widget-heading\" data-id=\"7bbfec3\" data-element_type=\"widget\" data-e-type=\"widget\" data-widget_type=\"heading.default\">\n\t\t\t\t\t<h1 class=\"elementor-heading-title elementor-size-default\">Th\u00e9matiques RAF<\/h1>\t\t\t\t<\/div>\n\t\t\t\t<\/div>\n\t\t\t\t<\/div>\n\t\t<div class=\"elementor-element elementor-element-7c5e228 e-con-full e-flex e-con e-child\" data-id=\"7c5e228\" data-element_type=\"container\" data-e-type=\"container\">\n\t\t\t\t<div class=\"elementor-element elementor-element-dd04d54 elementor-widget elementor-widget-image\" data-id=\"dd04d54\" data-element_type=\"widget\" data-e-type=\"widget\" data-widget_type=\"image.default\">\n\t\t\t\t\t\t\t\t\t\t\t\t\t\t\t<img fetchpriority=\"high\" decoding=\"async\" width=\"461\" height=\"308\" src=\"https:\/\/rebranding-africa.com\/wp-content\/uploads\/2025\/09\/image11.png\" class=\"attachment-large size-large wp-image-4167\" alt=\"\" srcset=\"https:\/\/rebranding-africa.com\/wp-content\/uploads\/2025\/09\/image11.png 461w, https:\/\/rebranding-africa.com\/wp-content\/uploads\/2025\/09\/image11-300x200.png 300w, https:\/\/rebranding-africa.com\/wp-content\/uploads\/2025\/09\/image11-200x134.png 200w\" sizes=\"(max-width: 461px) 100vw, 461px\" \/>\t\t\t\t\t\t\t\t\t\t\t\t\t\t\t<\/div>\n\t\t\t\t<\/div>\n\t\t\t\t\t<\/div>\n\t\t\t\t<\/div>\n\t\t<div class=\"elementor-element elementor-element-60ebe4c section-3 e-flex e-con-boxed e-con e-parent\" data-id=\"60ebe4c\" data-element_type=\"container\" data-e-type=\"container\" data-settings=\"{&quot;background_background&quot;:&quot;classic&quot;}\">\n\t\t\t\t\t<div class=\"e-con-inner\">\n\t\t\t\t<div class=\"elementor-element elementor-element-f8b946b titre-section-1 elementor-widget elementor-widget-heading\" data-id=\"f8b946b\" data-element_type=\"widget\" data-e-type=\"widget\" data-widget_type=\"heading.default\">\n\t\t\t\t\t<h2 class=\"elementor-heading-title elementor-size-default\">Th\u00e8mes \u00e9ditions<em class=\"gradient-text\"> du RAF <\/em><\/h2>\t\t\t\t<\/div>\n\t\t<div class=\"elementor-element elementor-element-f7d6bef e-grid e-con-full e-con e-child\" data-id=\"f7d6bef\" data-element_type=\"container\" data-e-type=\"container\">\n\t\t\t\t<div class=\"elementor-element elementor-element-6222290 elementor-view-stacked carte1 elementor-tablet-position-block-start elementor-shape-circle elementor-position-block-start elementor-widget elementor-widget-icon-box\" data-id=\"6222290\" data-element_type=\"widget\" data-e-type=\"widget\" data-widget_type=\"icon-box.default\">\n\t\t\t\t\t\t\t<div class=\"elementor-icon-box-wrapper\">\n\n\t\t\t\t\t\t<div class=\"elementor-icon-box-icon\">\n\t\t\t\t<span  class=\"elementor-icon\">\n\t\t\t\t<i aria-hidden=\"true\" class=\"xlwpf wppb-font-file-alt\"><\/i>\t\t\t\t<\/span>\n\t\t\t<\/div>\n\t\t\t\n\t\t\t\t\t\t<div class=\"elementor-icon-box-content\">\n\n\t\t\t\t\t\t\t\t\t<h3 class=\"elementor-icon-box-title\">\n\t\t\t\t\t\t<span  >\n\t\t\t\t\t\t\tRAF 2025 \t\t\t\t\t\t<\/span>\n\t\t\t\t\t<\/h3>\n\t\t\t\t\n\t\t\t\t\t\t\t\t\t<p class=\"elementor-icon-box-description\">\n\t\t\t\t\t\t\u00ab Les enjeux de l'Intelligence Artificielle pour l'Afrique \u00bb<br> \n<b>Pays \u00e0 l'honneur : CAP VERT<\/b>\t\t\t\t\t<\/p>\n\t\t\t\t\n\t\t\t<\/div>\n\t\t\t\n\t\t<\/div>\n\t\t\t\t\t\t<\/div>\n\t\t\t\t<div class=\"elementor-element elementor-element-b703717 elementor-view-stacked carte1 elementor-tablet-position-block-start elementor-shape-circle elementor-position-block-start elementor-widget elementor-widget-icon-box\" data-id=\"b703717\" data-element_type=\"widget\" data-e-type=\"widget\" data-widget_type=\"icon-box.default\">\n\t\t\t\t\t\t\t<div class=\"elementor-icon-box-wrapper\">\n\n\t\t\t\t\t\t<div class=\"elementor-icon-box-icon\">\n\t\t\t\t<span  class=\"elementor-icon\">\n\t\t\t\t<i aria-hidden=\"true\" class=\"xlwpf wppb-font-file-alt\"><\/i>\t\t\t\t<\/span>\n\t\t\t<\/div>\n\t\t\t\n\t\t\t\t\t\t<div class=\"elementor-icon-box-content\">\n\n\t\t\t\t\t\t\t\t\t<h3 class=\"elementor-icon-box-title\">\n\t\t\t\t\t\t<span  >\n\t\t\t\t\t\t\tRAF 2024\t\t\t\t\t\t<\/span>\n\t\t\t\t\t<\/h3>\n\t\t\t\t\n\t\t\t\t\t\t\t\t\t<p class=\"elementor-icon-box-description\">\n\t\t\t\t\t\t\u00ab Ensemble, construisons l'Afrique \u00bb <br> \n<b>Pays \u00e0 l'honneur : RD CONGO <\/b>\t\t\t\t\t<\/p>\n\t\t\t\t\n\t\t\t<\/div>\n\t\t\t\n\t\t<\/div>\n\t\t\t\t\t\t<\/div>\n\t\t\t\t<div class=\"elementor-element elementor-element-33daebb elementor-view-stacked carte1 elementor-tablet-position-block-start elementor-shape-circle elementor-position-block-start elementor-widget elementor-widget-icon-box\" data-id=\"33daebb\" data-element_type=\"widget\" data-e-type=\"widget\" data-widget_type=\"icon-box.default\">\n\t\t\t\t\t\t\t<div class=\"elementor-icon-box-wrapper\">\n\n\t\t\t\t\t\t<div class=\"elementor-icon-box-icon\">\n\t\t\t\t<span  class=\"elementor-icon\">\n\t\t\t\t<i aria-hidden=\"true\" class=\"xlwpf wppb-font-file-alt\"><\/i>\t\t\t\t<\/span>\n\t\t\t<\/div>\n\t\t\t\n\t\t\t\t\t\t<div class=\"elementor-icon-box-content\">\n\n\t\t\t\t\t\t\t\t\t<h3 class=\"elementor-icon-box-title\">\n\t\t\t\t\t\t<span  >\n\t\t\t\t\t\t\tRAF 2023 \t\t\t\t\t\t<\/span>\n\t\t\t\t\t<\/h3>\n\t\t\t\t\n\t\t\t\t\t\t\t\t\t<p class=\"elementor-icon-box-description\">\n\t\t\t\t\t\t\u00ab Les syst\u00e8mes financiers africains en mutation, concilier authenticit\u00e9 et modernit\u00e9 : les chemins de l'inclusion financi\u00e8re \u00bb <br> \n<b>Pays \u00e0 l'honneur : SIERRA LEONE  <\/b>\t\t\t\t\t<\/p>\n\t\t\t\t\n\t\t\t<\/div>\n\t\t\t\n\t\t<\/div>\n\t\t\t\t\t\t<\/div>\n\t\t\t\t<div class=\"elementor-element elementor-element-b7a818a elementor-view-stacked carte1 elementor-tablet-position-block-start elementor-shape-circle elementor-position-block-start elementor-widget elementor-widget-icon-box\" data-id=\"b7a818a\" data-element_type=\"widget\" data-e-type=\"widget\" data-widget_type=\"icon-box.default\">\n\t\t\t\t\t\t\t<div class=\"elementor-icon-box-wrapper\">\n\n\t\t\t\t\t\t<div class=\"elementor-icon-box-icon\">\n\t\t\t\t<span  class=\"elementor-icon\">\n\t\t\t\t<i aria-hidden=\"true\" class=\"xlwpf wppb-font-file-alt\"><\/i>\t\t\t\t<\/span>\n\t\t\t<\/div>\n\t\t\t\n\t\t\t\t\t\t<div class=\"elementor-icon-box-content\">\n\n\t\t\t\t\t\t\t\t\t<h3 class=\"elementor-icon-box-title\">\n\t\t\t\t\t\t<span  >\n\t\t\t\t\t\t\tRAF 2022\t\t\t\t\t\t<\/span>\n\t\t\t\t\t<\/h3>\n\t\t\t\t\n\t\t\t\t\t\t\t\t\t<p class=\"elementor-icon-box-description\">\n\t\t\t\t\t\t\u00ab Quelles strat\u00e9gies d'attractivit\u00e9 pour les pays africains ? \u00bb \t\t\t\t\t<\/p>\n\t\t\t\t\n\t\t\t<\/div>\n\t\t\t\n\t\t<\/div>\n\t\t\t\t\t\t<\/div>\n\t\t\t\t<div class=\"elementor-element elementor-element-c329c47 elementor-view-stacked carte1 elementor-tablet-position-block-start elementor-shape-circle elementor-position-block-start elementor-widget elementor-widget-icon-box\" data-id=\"c329c47\" data-element_type=\"widget\" data-e-type=\"widget\" data-widget_type=\"icon-box.default\">\n\t\t\t\t\t\t\t<div class=\"elementor-icon-box-wrapper\">\n\n\t\t\t\t\t\t<div class=\"elementor-icon-box-icon\">\n\t\t\t\t<span  class=\"elementor-icon\">\n\t\t\t\t<i aria-hidden=\"true\" class=\"xlwpf wppb-font-file-alt\"><\/i>\t\t\t\t<\/span>\n\t\t\t<\/div>\n\t\t\t\n\t\t\t\t\t\t<div class=\"elementor-icon-box-content\">\n\n\t\t\t\t\t\t\t\t\t<h3 class=\"elementor-icon-box-title\">\n\t\t\t\t\t\t<span  >\n\t\t\t\t\t\t\tRAF 2021\t\t\t\t\t\t<\/span>\n\t\t\t\t\t<\/h3>\n\t\t\t\t\n\t\t\t\t\t\t\t\t\t<p class=\"elementor-icon-box-description\">\n\t\t\t\t\t\t\u00ab Les opportunit\u00e9s de la r\u00e9volution num\u00e9rique pour le continent africain \u00bb \t\t\t\t\t<\/p>\n\t\t\t\t\n\t\t\t<\/div>\n\t\t\t\n\t\t<\/div>\n\t\t\t\t\t\t<\/div>\n\t\t\t\t<div class=\"elementor-element elementor-element-b4bbc88 elementor-view-stacked carte1 elementor-tablet-position-block-start elementor-shape-circle elementor-position-block-start elementor-widget elementor-widget-icon-box\" data-id=\"b4bbc88\" data-element_type=\"widget\" data-e-type=\"widget\" data-widget_type=\"icon-box.default\">\n\t\t\t\t\t\t\t<div class=\"elementor-icon-box-wrapper\">\n\n\t\t\t\t\t\t<div class=\"elementor-icon-box-icon\">\n\t\t\t\t<span  class=\"elementor-icon\">\n\t\t\t\t<i aria-hidden=\"true\" class=\"xlwpf wppb-font-file-alt\"><\/i>\t\t\t\t<\/span>\n\t\t\t<\/div>\n\t\t\t\n\t\t\t\t\t\t<div class=\"elementor-icon-box-content\">\n\n\t\t\t\t\t\t\t\t\t<h3 class=\"elementor-icon-box-title\">\n\t\t\t\t\t\t<span  >\n\t\t\t\t\t\t\tRAF 2019\t\t\t\t\t\t<\/span>\n\t\t\t\t\t<\/h3>\n\t\t\t\t\n\t\t\t\t\t\t\t\t\t<p class=\"elementor-icon-box-description\">\n\t\t\t\t\t\t\u00ab Enjeux socio-\u00e9conomiques de l'exploitation mini\u00e8re en Afrique \u00bb \t\t\t\t\t<\/p>\n\t\t\t\t\n\t\t\t<\/div>\n\t\t\t\n\t\t<\/div>\n\t\t\t\t\t\t<\/div>\n\t\t\t\t<div class=\"elementor-element elementor-element-5d08f52 elementor-view-stacked carte1 elementor-tablet-position-block-start elementor-shape-circle elementor-position-block-start elementor-widget elementor-widget-icon-box\" data-id=\"5d08f52\" data-element_type=\"widget\" data-e-type=\"widget\" data-widget_type=\"icon-box.default\">\n\t\t\t\t\t\t\t<div class=\"elementor-icon-box-wrapper\">\n\n\t\t\t\t\t\t<div class=\"elementor-icon-box-icon\">\n\t\t\t\t<span  class=\"elementor-icon\">\n\t\t\t\t<i aria-hidden=\"true\" class=\"xlwpf wppb-font-file-alt\"><\/i>\t\t\t\t<\/span>\n\t\t\t<\/div>\n\t\t\t\n\t\t\t\t\t\t<div class=\"elementor-icon-box-content\">\n\n\t\t\t\t\t\t\t\t\t<h3 class=\"elementor-icon-box-title\">\n\t\t\t\t\t\t<span  >\n\t\t\t\t\t\t\tRAF 2018\t\t\t\t\t\t<\/span>\n\t\t\t\t\t<\/h3>\n\t\t\t\t\n\t\t\t\t\t\t\t\t\t<p class=\"elementor-icon-box-description\">\n\t\t\t\t\t\t\u00ab D\u00e9fis et opportunit\u00e9s de l'\u00e9nergie verte en Afrique \u00bb \t\t\t\t\t<\/p>\n\t\t\t\t\n\t\t\t<\/div>\n\t\t\t\n\t\t<\/div>\n\t\t\t\t\t\t<\/div>\n\t\t\t\t<div class=\"elementor-element elementor-element-f6cd615 elementor-view-stacked carte1 elementor-tablet-position-block-start elementor-shape-circle elementor-position-block-start elementor-widget elementor-widget-icon-box\" data-id=\"f6cd615\" data-element_type=\"widget\" data-e-type=\"widget\" data-widget_type=\"icon-box.default\">\n\t\t\t\t\t\t\t<div class=\"elementor-icon-box-wrapper\">\n\n\t\t\t\t\t\t<div class=\"elementor-icon-box-icon\">\n\t\t\t\t<span  class=\"elementor-icon\">\n\t\t\t\t<i aria-hidden=\"true\" class=\"xlwpf wppb-font-file-alt\"><\/i>\t\t\t\t<\/span>\n\t\t\t<\/div>\n\t\t\t\n\t\t\t\t\t\t<div class=\"elementor-icon-box-content\">\n\n\t\t\t\t\t\t\t\t\t<h3 class=\"elementor-icon-box-title\">\n\t\t\t\t\t\t<span  >\n\t\t\t\t\t\t\tRAF 2017\t\t\t\t\t\t<\/span>\n\t\t\t\t\t<\/h3>\n\t\t\t\t\n\t\t\t\t\t\t\t\t\t<p class=\"elementor-icon-box-description\">\n\t\t\t\t\t\t\u00ab Enjeux et d\u00e9fis des syst\u00e8mes financiers africains face au dividende d\u00e9mographique \u00bb \t\t\t\t\t<\/p>\n\t\t\t\t\n\t\t\t<\/div>\n\t\t\t\n\t\t<\/div>\n\t\t\t\t\t\t<\/div>\n\t\t\t\t<div class=\"elementor-element elementor-element-1b1abda elementor-view-stacked carte1 elementor-tablet-position-block-start elementor-shape-circle elementor-position-block-start elementor-widget elementor-widget-icon-box\" data-id=\"1b1abda\" data-element_type=\"widget\" data-e-type=\"widget\" data-widget_type=\"icon-box.default\">\n\t\t\t\t\t\t\t<div class=\"elementor-icon-box-wrapper\">\n\n\t\t\t\t\t\t<div class=\"elementor-icon-box-icon\">\n\t\t\t\t<span  class=\"elementor-icon\">\n\t\t\t\t<i aria-hidden=\"true\" class=\"xlwpf wppb-font-file-alt\"><\/i>\t\t\t\t<\/span>\n\t\t\t<\/div>\n\t\t\t\n\t\t\t\t\t\t<div class=\"elementor-icon-box-content\">\n\n\t\t\t\t\t\t\t\t\t<h3 class=\"elementor-icon-box-title\">\n\t\t\t\t\t\t<span  >\n\t\t\t\t\t\t\tRAF 2016 \t\t\t\t\t\t<\/span>\n\t\t\t\t\t<\/h3>\n\t\t\t\t\n\t\t\t\t\t\t\t\t\t<p class=\"elementor-icon-box-description\">\n\t\t\t\t\t\t\u00ab Relever le d\u00e9fi de l'industrialisation de l'Afrique \u00bb  <br> \n<b>Pays \u00e0 l'honneur : BURKINA FASO  <\/b>\t\t\t\t\t<\/p>\n\t\t\t\t\n\t\t\t<\/div>\n\t\t\t\n\t\t<\/div>\n\t\t\t\t\t\t<\/div>\n\t\t\t\t<div class=\"elementor-element elementor-element-1f8ec99 elementor-view-stacked carte1 elementor-tablet-position-block-start elementor-shape-circle elementor-position-block-start elementor-widget elementor-widget-icon-box\" data-id=\"1f8ec99\" data-element_type=\"widget\" data-e-type=\"widget\" data-widget_type=\"icon-box.default\">\n\t\t\t\t\t\t\t<div class=\"elementor-icon-box-wrapper\">\n\n\t\t\t\t\t\t<div class=\"elementor-icon-box-icon\">\n\t\t\t\t<span  class=\"elementor-icon\">\n\t\t\t\t<i aria-hidden=\"true\" class=\"xlwpf wppb-font-file-alt\"><\/i>\t\t\t\t<\/span>\n\t\t\t<\/div>\n\t\t\t\n\t\t\t\t\t\t<div class=\"elementor-icon-box-content\">\n\n\t\t\t\t\t\t\t\t\t<h3 class=\"elementor-icon-box-title\">\n\t\t\t\t\t\t<span  >\n\t\t\t\t\t\t\tRAF 2015\t\t\t\t\t\t<\/span>\n\t\t\t\t\t<\/h3>\n\t\t\t\t\n\t\t\t\t\t\t\t\t\t<p class=\"elementor-icon-box-description\">\n\t\t\t\t\t\t\u00ab Investir en Afrique, entreprendre pour l'Afrique \u00bb \t\t\t\t\t<\/p>\n\t\t\t\t\n\t\t\t<\/div>\n\t\t\t\n\t\t<\/div>\n\t\t\t\t\t\t<\/div>\n\t\t\t\t<div class=\"elementor-element elementor-element-e5f614c elementor-view-stacked carte1 elementor-tablet-position-block-start elementor-shape-circle elementor-position-block-start elementor-widget elementor-widget-icon-box\" data-id=\"e5f614c\" data-element_type=\"widget\" data-e-type=\"widget\" data-widget_type=\"icon-box.default\">\n\t\t\t\t\t\t\t<div class=\"elementor-icon-box-wrapper\">\n\n\t\t\t\t\t\t<div class=\"elementor-icon-box-icon\">\n\t\t\t\t<span  class=\"elementor-icon\">\n\t\t\t\t<i aria-hidden=\"true\" class=\"xlwpf wppb-font-file-alt\"><\/i>\t\t\t\t<\/span>\n\t\t\t<\/div>\n\t\t\t\n\t\t\t\t\t\t<div class=\"elementor-icon-box-content\">\n\n\t\t\t\t\t\t\t\t\t<h3 class=\"elementor-icon-box-title\">\n\t\t\t\t\t\t<span  >\n\t\t\t\t\t\t\tRAF 2014\t\t\t\t\t\t<\/span>\n\t\t\t\t\t<\/h3>\n\t\t\t\t\n\t\t\t\t\t\t\t\t\t<p class=\"elementor-icon-box-description\">\n\t\t\t\t\t\t\u00ab L'\u00e9mergence de l'Afrique \u00e0 quel prix ? \u00bb \t\t\t\t\t<\/p>\n\t\t\t\t\n\t\t\t<\/div>\n\t\t\t\n\t\t<\/div>\n\t\t\t\t\t\t<\/div>\n\t\t\t\t<\/div>\n\t\t\t\t\t<\/div>\n\t\t\t\t<\/div>\n\t\t\t\t<\/div>","protected":false},"excerpt":{"rendered":"<p>Th\u00e8mes \u00e9ditions du RAF RAF 2025 \u00ab Les enjeux de l&#8217;Intelligence Artificielle pour l&#8217;Afrique \u00bb Pays \u00e0 l&#8217;honneur : CAP VERT RAF 2024 \u00ab Ensemble, construisons l&#8217;Afrique \u00bb Pays \u00e0 l&#8217;honneur : RD CONGO RAF 2023 \u00ab Les syst\u00e8mes financiers africains en mutation, concilier authenticit\u00e9 et modernit\u00e9 : les chemins de l&#8217;inclusion financi\u00e8re \u00bb Pays [&hellip;]<\/p>","protected":false},"author":1,"featured_media":0,"parent":0,"menu_order":0,"comment_status":"closed","ping_status":"closed","template":"","meta":{"_acf_changed":false,"footnotes":""},"class_list":["post-9615","page","type-page","status-publish","hentry"],"acf":[],"yoast_head":"<!-- This site is optimized with the Yoast SEO plugin v27.2 - https:\/\/yoast.com\/product\/yoast-seo-wordpress\/ -->\n<title>Th\u00e9matiques RAF - REBRANDING AFRICA FORUM<\/title>\n<meta name=\"robots\" content=\"index, follow, max-snippet:-1, max-image-preview:large, max-video-preview:-1\" \/>\n<link rel=\"canonical\" href=\"https:\/\/rebranding-africa.com\/en\/thematiques-raf\/\" \/>\n<meta property=\"og:locale\" content=\"en_GB\" \/>\n<meta property=\"og:type\" content=\"article\" \/>\n<meta property=\"og:title\" content=\"Th\u00e9matiques RAF - REBRANDING AFRICA FORUM\" \/>\n<meta property=\"og:description\" content=\"Th\u00e8mes \u00e9ditions du RAF RAF 2025 \u00ab Les enjeux de l&#8217;Intelligence Artificielle pour l&#8217;Afrique \u00bb Pays \u00e0 l&#8217;honneur : CAP VERT RAF 2024 \u00ab Ensemble, construisons l&#8217;Afrique \u00bb Pays \u00e0 l&#8217;honneur : RD CONGO RAF 2023 \u00ab Les syst\u00e8mes financiers africains en mutation, concilier authenticit\u00e9 et modernit\u00e9 : les chemins de l&#8217;inclusion financi\u00e8re \u00bb Pays [&hellip;]\" \/>\n<meta property=\"og:url\" content=\"https:\/\/rebranding-africa.com\/en\/thematiques-raf\/\" \/>\n<meta property=\"og:site_name\" content=\"REBRANDING AFRICA FORUM\" \/>\n<meta property=\"article:modified_time\" content=\"2025-12-19T11:32:39+00:00\" \/>\n<meta property=\"og:image\" content=\"https:\/\/rebranding-africa.com\/wp-content\/uploads\/2025\/09\/image11.png\" \/>\n\t<meta property=\"og:image:width\" content=\"461\" \/>\n\t<meta property=\"og:image:height\" content=\"308\" \/>\n\t<meta property=\"og:image:type\" content=\"image\/png\" \/>\n<meta name=\"twitter:card\" content=\"summary_large_image\" \/>\n<meta name=\"twitter:label1\" content=\"Estimated reading time\" \/>\n\t<meta name=\"twitter:data1\" content=\"1 minute\" \/>\n<script type=\"application\/ld+json\" class=\"yoast-schema-graph\">{\"@context\":\"https:\/\/schema.org\",\"@graph\":[{\"@type\":\"WebPage\",\"@id\":\"https:\/\/rebranding-africa.com\/thematiques-raf\/\",\"url\":\"https:\/\/rebranding-africa.com\/thematiques-raf\/\",\"name\":\"Th\u00e9matiques RAF - REBRANDING AFRICA FORUM\",\"isPartOf\":{\"@id\":\"https:\/\/rebranding-africa.com\/#website\"},\"primaryImageOfPage\":{\"@id\":\"https:\/\/rebranding-africa.com\/thematiques-raf\/#primaryimage\"},\"image\":{\"@id\":\"https:\/\/rebranding-africa.com\/thematiques-raf\/#primaryimage\"},\"thumbnailUrl\":\"https:\/\/rebranding-africa.com\/wp-content\/uploads\/2025\/09\/image11.png\",\"datePublished\":\"2025-12-18T18:14:31+00:00\",\"dateModified\":\"2025-12-19T11:32:39+00:00\",\"breadcrumb\":{\"@id\":\"https:\/\/rebranding-africa.com\/thematiques-raf\/#breadcrumb\"},\"inLanguage\":\"en-GB\",\"potentialAction\":[{\"@type\":\"ReadAction\",\"target\":[\"https:\/\/rebranding-africa.com\/thematiques-raf\/\"]}]},{\"@type\":\"ImageObject\",\"inLanguage\":\"en-GB\",\"@id\":\"https:\/\/rebranding-africa.com\/thematiques-raf\/#primaryimage\",\"url\":\"https:\/\/rebranding-africa.com\/wp-content\/uploads\/2025\/09\/image11.png\",\"contentUrl\":\"https:\/\/rebranding-africa.com\/wp-content\/uploads\/2025\/09\/image11.png\"},{\"@type\":\"BreadcrumbList\",\"@id\":\"https:\/\/rebranding-africa.com\/thematiques-raf\/#breadcrumb\",\"itemListElement\":[{\"@type\":\"ListItem\",\"position\":1,\"name\":\"Accueil\",\"item\":\"https:\/\/rebranding-africa.com\/\"},{\"@type\":\"ListItem\",\"position\":2,\"name\":\"Th\u00e9matiques RAF\"}]},{\"@type\":\"WebSite\",\"@id\":\"https:\/\/rebranding-africa.com\/#website\",\"url\":\"https:\/\/rebranding-africa.com\/\",\"name\":\"REBRANDING AFRICA FORUM\",\"description\":\"\",\"publisher\":{\"@id\":\"https:\/\/rebranding-africa.com\/#organization\"},\"potentialAction\":[{\"@type\":\"SearchAction\",\"target\":{\"@type\":\"EntryPoint\",\"urlTemplate\":\"https:\/\/rebranding-africa.com\/?s={search_term_string}\"},\"query-input\":{\"@type\":\"PropertyValueSpecification\",\"valueRequired\":true,\"valueName\":\"search_term_string\"}}],\"inLanguage\":\"en-GB\"},{\"@type\":\"Organization\",\"@id\":\"https:\/\/rebranding-africa.com\/#organization\",\"name\":\"REBRANDING AFRICA FORUM\",\"url\":\"https:\/\/rebranding-africa.com\/\",\"logo\":{\"@type\":\"ImageObject\",\"inLanguage\":\"en-GB\",\"@id\":\"https:\/\/rebranding-africa.com\/#\/schema\/logo\/image\/\",\"url\":\"https:\/\/rebranding-africa.com\/wp-content\/uploads\/2025\/07\/Logo.webp\",\"contentUrl\":\"https:\/\/rebranding-africa.com\/wp-content\/uploads\/2025\/07\/Logo.webp\",\"width\":340,\"height\":149,\"caption\":\"REBRANDING AFRICA FORUM\"},\"image\":{\"@id\":\"https:\/\/rebranding-africa.com\/#\/schema\/logo\/image\/\"}}]}<\/script>\n<!-- \/ Yoast SEO plugin. -->","yoast_head_json":{"title":"Th\u00e9matiques RAF - REBRANDING AFRICA FORUM","robots":{"index":"index","follow":"follow","max-snippet":"max-snippet:-1","max-image-preview":"max-image-preview:large","max-video-preview":"max-video-preview:-1"},"canonical":"https:\/\/rebranding-africa.com\/en\/thematiques-raf\/","og_locale":"en_GB","og_type":"article","og_title":"Th\u00e9matiques RAF - REBRANDING AFRICA FORUM","og_description":"Th\u00e8mes \u00e9ditions du RAF RAF 2025 \u00ab Les enjeux de l&#8217;Intelligence Artificielle pour l&#8217;Afrique \u00bb Pays \u00e0 l&#8217;honneur : CAP VERT RAF 2024 \u00ab Ensemble, construisons l&#8217;Afrique \u00bb Pays \u00e0 l&#8217;honneur : RD CONGO RAF 2023 \u00ab Les syst\u00e8mes financiers africains en mutation, concilier authenticit\u00e9 et modernit\u00e9 : les chemins de l&#8217;inclusion financi\u00e8re \u00bb Pays [&hellip;]","og_url":"https:\/\/rebranding-africa.com\/en\/thematiques-raf\/","og_site_name":"REBRANDING AFRICA FORUM","article_modified_time":"2025-12-19T11:32:39+00:00","og_image":[{"width":461,"height":308,"url":"https:\/\/rebranding-africa.com\/wp-content\/uploads\/2025\/09\/image11.png","type":"image\/png"}],"twitter_card":"summary_large_image","twitter_misc":{"Estimated reading time":"1 minute"},"schema":{"@context":"https:\/\/schema.org","@graph":[{"@type":"WebPage","@id":"https:\/\/rebranding-africa.com\/thematiques-raf\/","url":"https:\/\/rebranding-africa.com\/thematiques-raf\/","name":"Th\u00e9matiques RAF - REBRANDING AFRICA FORUM","isPartOf":{"@id":"https:\/\/rebranding-africa.com\/#website"},"primaryImageOfPage":{"@id":"https:\/\/rebranding-africa.com\/thematiques-raf\/#primaryimage"},"image":{"@id":"https:\/\/rebranding-africa.com\/thematiques-raf\/#primaryimage"},"thumbnailUrl":"https:\/\/rebranding-africa.com\/wp-content\/uploads\/2025\/09\/image11.png","datePublished":"2025-12-18T18:14:31+00:00","dateModified":"2025-12-19T11:32:39+00:00","breadcrumb":{"@id":"https:\/\/rebranding-africa.com\/thematiques-raf\/#breadcrumb"},"inLanguage":"en-GB","potentialAction":[{"@type":"ReadAction","target":["https:\/\/rebranding-africa.com\/thematiques-raf\/"]}]},{"@type":"ImageObject","inLanguage":"en-GB","@id":"https:\/\/rebranding-africa.com\/thematiques-raf\/#primaryimage","url":"https:\/\/rebranding-africa.com\/wp-content\/uploads\/2025\/09\/image11.png","contentUrl":"https:\/\/rebranding-africa.com\/wp-content\/uploads\/2025\/09\/image11.png"},{"@type":"BreadcrumbList","@id":"https:\/\/rebranding-africa.com\/thematiques-raf\/#breadcrumb","itemListElement":[{"@type":"ListItem","position":1,"name":"Accueil","item":"https:\/\/rebranding-africa.com\/"},{"@type":"ListItem","position":2,"name":"Th\u00e9matiques RAF"}]},{"@type":"WebSite","@id":"https:\/\/rebranding-africa.com\/#website","url":"https:\/\/rebranding-africa.com\/","name":"REBRANDING AFRICA FORUM","description":"","publisher":{"@id":"https:\/\/rebranding-africa.com\/#organization"},"potentialAction":[{"@type":"SearchAction","target":{"@type":"EntryPoint","urlTemplate":"https:\/\/rebranding-africa.com\/?s={search_term_string}"},"query-input":{"@type":"PropertyValueSpecification","valueRequired":true,"valueName":"search_term_string"}}],"inLanguage":"en-GB"},{"@type":"Organization","@id":"https:\/\/rebranding-africa.com\/#organization","name":"REBRANDING AFRICA FORUM","url":"https:\/\/rebranding-africa.com\/","logo":{"@type":"ImageObject","inLanguage":"en-GB","@id":"https:\/\/rebranding-africa.com\/#\/schema\/logo\/image\/","url":"https:\/\/rebranding-africa.com\/wp-content\/uploads\/2025\/07\/Logo.webp","contentUrl":"https:\/\/rebranding-africa.com\/wp-content\/uploads\/2025\/07\/Logo.webp","width":340,"height":149,"caption":"REBRANDING AFRICA FORUM"},"image":{"@id":"https:\/\/rebranding-africa.com\/#\/schema\/logo\/image\/"}}]}},"_links":{"self":[{"href":"https:\/\/rebranding-africa.com\/en\/wp-json\/wp\/v2\/pages\/9615","targetHints":{"allow":["GET"]}}],"collection":[{"href":"https:\/\/rebranding-africa.com\/en\/wp-json\/wp\/v2\/pages"}],"about":[{"href":"https:\/\/rebranding-africa.com\/en\/wp-json\/wp\/v2\/types\/page"}],"author":[{"embeddable":true,"href":"https:\/\/rebranding-africa.com\/en\/wp-json\/wp\/v2\/users\/1"}],"replies":[{"embeddable":true,"href":"https:\/\/rebranding-africa.com\/en\/wp-json\/wp\/v2\/comments?post=9615"}],"version-history":[{"count":34,"href":"https:\/\/rebranding-africa.com\/en\/wp-json\/wp\/v2\/pages\/9615\/revisions"}],"predecessor-version":[{"id":9731,"href":"https:\/\/rebranding-africa.com\/en\/wp-json\/wp\/v2\/pages\/9615\/revisions\/9731"}],"wp:attachment":[{"href":"https:\/\/rebranding-africa.com\/en\/wp-json\/wp\/v2\/media?parent=9615"}],"curies":[{"name":"wp","href":"https:\/\/api.w.org\/{rel}","templated":true}]}}