{"id":1576,"date":"2025-07-23T08:53:40","date_gmt":"2025-07-23T08:53:40","guid":{"rendered":"https:\/\/rebranding-africa.com\/?page_id=1576"},"modified":"2025-07-23T14:20:53","modified_gmt":"2025-07-23T14:20:53","slug":"video-2018","status":"publish","type":"page","link":"https:\/\/rebranding-africa.com\/pt\/r4f-tv\/video-2018\/","title":{"rendered":"Vid\u00e9o 2018"},"content":{"rendered":"<div data-elementor-type=\"wp-page\" data-elementor-id=\"1576\" class=\"elementor elementor-1576\" data-elementor-post-type=\"page\">\n\t\t\t\t<div class=\"elementor-element elementor-element-4288f79 e-flex e-con-boxed e-con e-parent\" data-id=\"4288f79\" data-element_type=\"container\" data-e-type=\"container\" data-settings=\"{&quot;background_background&quot;:&quot;classic&quot;}\">\n\t\t\t\t\t<div class=\"e-con-inner\">\n\t\t\t\t<div class=\"elementor-element elementor-element-58e3279 elementor-widget elementor-widget-heading\" data-id=\"58e3279\" data-element_type=\"widget\" data-e-type=\"widget\" data-widget_type=\"heading.default\">\n\t\t\t\t\t<h1 class=\"elementor-heading-title elementor-size-default\">Vid\u00e9os 2018<\/h1>\t\t\t\t<\/div>\n\t\t\t\t<div class=\"elementor-element elementor-element-2b3db3b elementor-align-center elementor-widget elementor-widget-breadcrumbs\" data-id=\"2b3db3b\" data-element_type=\"widget\" data-e-type=\"widget\" data-widget_type=\"breadcrumbs.default\">\n\t\t\t\t\t<p id=\"breadcrumbs\"><span><span><a href=\"https:\/\/rebranding-africa.com\/pt\/\">Accueil<\/a><\/span><\/span><\/p>\t\t\t\t<\/div>\n\t\t\t\t\t<\/div>\n\t\t\t\t<\/div>\n\t\t<div class=\"elementor-element elementor-element-baf72de section-1 e-flex e-con-boxed e-con e-parent\" data-id=\"baf72de\" data-element_type=\"container\" data-e-type=\"container\" data-settings=\"{&quot;background_background&quot;:&quot;classic&quot;}\">\n\t\t\t\t\t<div class=\"e-con-inner\">\n\t\t<div class=\"elementor-element elementor-element-096ac33 e-grid e-con-full e-con e-child\" data-id=\"096ac33\" data-element_type=\"container\" data-e-type=\"container\">\n\t\t\t\t<div class=\"elementor-element elementor-element-3bfca49 elementor-widget elementor-widget-video\" data-id=\"3bfca49\" data-element_type=\"widget\" data-e-type=\"widget\" data-settings=\"{&quot;youtube_url&quot;:&quot;https:\\\/\\\/www.youtube.com\\\/watch?v=l6Iu2pgIUyw&amp;feature=youtu.be&quot;,&quot;video_type&quot;:&quot;youtube&quot;,&quot;controls&quot;:&quot;yes&quot;}\" data-widget_type=\"video.default\">\n\t\t\t\t\t\t\t<div class=\"elementor-wrapper elementor-open-inline\">\n\t\t\t<div class=\"elementor-video\"><\/div>\t\t<\/div>\n\t\t\t\t\t\t<\/div>\n\t\t\t\t<\/div>\n\t\t\t\t\t<\/div>\n\t\t\t\t<\/div>\n\t\t<div class=\"elementor-element elementor-element-9b1ff85 section-3 e-flex e-con-boxed e-con e-parent\" data-id=\"9b1ff85\" data-element_type=\"container\" data-e-type=\"container\" data-settings=\"{&quot;background_background&quot;:&quot;classic&quot;}\">\n\t\t\t\t\t<div class=\"e-con-inner\">\n\t\t\t\t<div class=\"elementor-element elementor-element-e487fa9 titre-section-1 elementor-widget elementor-widget-heading\" data-id=\"e487fa9\" data-element_type=\"widget\" data-e-type=\"widget\" data-widget_type=\"heading.default\">\n\t\t\t\t\t<h2 class=\"elementor-heading-title elementor-size-default\">T\u00e9moignages de nos <em class=\"gradient-text\">Participants VIP<\/em><\/h2>\t\t\t\t<\/div>\n\t\t\t\t<div class=\"elementor-element elementor-element-e4a24ed text-section-1 elementor-widget elementor-widget-text-editor\" data-id=\"e4a24ed\" data-element_type=\"widget\" data-e-type=\"widget\" data-widget_type=\"text-editor.default\">\n\t\t\t\t\t\t\t\t\t<p>D\u00e9couvrez les impressions de nos invit\u00e9s VIP qui ont particip\u00e9 aux pr\u00e9c\u00e9dentes \u00e9ditions et partag\u00e9 leur exp\u00e9rience unique.<\/p>\t\t\t\t\t\t\t\t<\/div>\n\t\t\t\t<div class=\"elementor-element elementor-element-b853785 temoignages elementor-widget elementor-widget-ucaddon_responsive_testemonial_carousel\" data-id=\"b853785\" data-element_type=\"widget\" data-e-type=\"widget\" data-widget_type=\"ucaddon_responsive_testemonial_carousel.default\">\n\t\t\t\t<div class=\"elementor-widget-container\">\n\t\t\t\t\t\n<!-- start Testimonial Carousel -->\n\t\t<link id='font-awesome-css' href='https:\/\/rebranding-africa.com\/wp-content\/plugins\/unlimited-elements-for-elementor-premium\/assets_libraries\/font-awesome6\/fontawesome-all.min.css' type='text\/css' rel='stylesheet' >\n\t\t<link id='font-awesome-4-shim-css' href='https:\/\/rebranding-africa.com\/wp-content\/plugins\/unlimited-elements-for-elementor-premium\/assets_libraries\/font-awesome6\/fontawesome-v4-shims.min.css' type='text\/css' rel='stylesheet' >\n\t\t<link id='owl-carousel-css' href='https:\/\/rebranding-africa.com\/wp-content\/plugins\/unlimited-elements-for-elementor-premium\/assets_libraries\/owl-carousel-new\/assets\/owl.carousel.css' type='text\/css' rel='stylesheet' >\n\n<style>\/* widget: Testimonial Carousel *\/\n\n\/* general styles *\/\n.uc_quote_slider{\n  min-height:1px;\n}\n\n#uc_responsive_testemonial_carousel_elementor_b853785 *{\n  box-sizing:border-box;\n}\n\n#uc_responsive_testemonial_carousel_elementor_b853785 .uc_quote_info .uc_author_avatar {\n  width: 100%;\n}\n\n#uc_responsive_testemonial_carousel_elementor_b853785 .uc_quote_info .uc_author {\n  display: inline-flex;\n  align-items: flex-start; \n  }\n\n#uc_responsive_testemonial_carousel_elementor_b853785 .uc_stars{\n  display:flex;\n}\n\n#uc_responsive_testemonial_carousel_elementor_b853785 .uc_quote_info{\n  display:flex;\n}\n\n#uc_responsive_testemonial_carousel_elementor_b853785 *{\n  outline:none;\n}\n\n#uc_responsive_testemonial_carousel_elementor_b853785 .ue-image{\n  flex-grow:0;\n  flex-shrink:0;\n}\n\n#uc_responsive_testemonial_carousel_elementor_b853785 .uc_quote_info .uc_author_info .uc_company {\n    color: ;\n}\n\n#uc_responsive_testemonial_carousel_elementor_b853785 .ue-image-spacing{\n  flex-grow:0;\n  flex-shrink:0;\n}\n\n#uc_responsive_testemonial_carousel_elementor_b853785 .ue-icon{\n  display:inline-flex;\n  justify-content:center;\n  align-items:center;\n}\n\n#uc_responsive_testemonial_carousel_elementor_b853785 .ue-icon svg{\n  width:1em;\n  height:1em;\n}\n\n#uc_responsive_testemonial_carousel_elementor_b853785 .uc_quote_item,\n#uc_responsive_testemonial_carousel_elementor_b853785 .ue-flip-item-content{\n  transition: all .3s;\n}\n\n\/* end general styles *\/\n\n\/* carousel type owl *\/\n  #uc_responsive_testemonial_carousel_elementor_b853785 .owl-dots {\n    overflow:hidden;\n  }\n\n  #uc_responsive_testemonial_carousel_elementor_b853785 .owl-dot {\n    display:inline-block;\n  }\n\n  #uc_responsive_testemonial_carousel_elementor_b853785 .owl-nav .owl-prev,\n  #uc_responsive_testemonial_carousel_elementor_b853785 .owl-nav .owl-next{\n      position:absolute;\n      display:inline-block;\n      text-align:center;\n  }\n\n  \n  \n\n\/* end carousel type owl *\/\n\n\n\n<\/style>\n\n<div class=\"uc_quote_slider\" style=\"direction:ltr\" >  \n  <!-- carousel type owl -->\n  \t<div class=\"uc_carousel owl-carousel owl-theme uc-items-wrapper\" id=\"uc_responsive_testemonial_carousel_elementor_b853785\"  >\n      \n\t<div class=\"uc_quote_item ue-item     elementor-repeater-item-7133541\">\n    <div class=\"uc_quote_info\">\n                \n\t  <div class=\"uc_author\">\n                  <div class=\"ue-image\">\n\t        <img decoding=\"async\" class=\"uc_author_avatar\" src=\"https:\/\/rebranding-africa.com\/wp-content\/uploads\/ac_assets\/responsive_testemonial_carousel\/user.jpg\" height=\"48\" width=\"48\" alt=\"\" \/>\n          <\/div>\n          <div class=\"ue-image-spacing\"><\/div>\n                          \n\t\t<div class=\"uc_author_info\">\n\t\t  <div class=\"ue_title\">Alex<\/div>\t\t  <div class=\"ue_subtitle\">Bruxelles<\/div>\t\t<\/div>\n        \n\t  <\/div>      <!-- end of credentials -->\n              \n      <div class=\"ue-text\"><p>Lorem ipsum dolor sit amet, consectetur adipiscing elit. Nullam porttitor tortor turpis, vel semper massa hendrerit eu.<\/p><\/div>              \n              <div class=\"uc_stars\">\n          <div class=\"ue_rate\"><i class='fas fa-star'><\/i><\/div><div class=\"ue_rate\"><i class='fas fa-star'><\/i><\/div><div class=\"ue_rate\"><i class='fas fa-star'><\/i><\/div><div class=\"ue_rate\"><i class='fas fa-star'><\/i><\/div><div class=\"ue_rate\"><i class='fas fa-star'><\/i><\/div>                                                                                        <\/div>      \t        \n                    \n\t<\/div>   <\/div>\n<!-- end of block item -->\n\n\t<div class=\"uc_quote_item ue-item     elementor-repeater-item-8f13e60\">\n    <div class=\"uc_quote_info\">\n                \n\t  <div class=\"uc_author\">\n                  <div class=\"ue-image\">\n\t        <img decoding=\"async\" class=\"uc_author_avatar\" src=\"https:\/\/rebranding-africa.com\/wp-content\/uploads\/ac_assets\/responsive_testemonial_carousel\/userpics\/1.jpg\" height=\"48\" width=\"48\" alt=\"\" \/>\n          <\/div>\n          <div class=\"ue-image-spacing\"><\/div>\n                          \n\t\t<div class=\"uc_author_info\">\n\t\t  <div class=\"ue_title\">Ron<\/div>\t\t  <div class=\"ue_subtitle\">Ohaine<\/div>\t\t<\/div>\n        \n\t  <\/div>      <!-- end of credentials -->\n              \n      <div class=\"ue-text\"><p>Lorem ipsum dolor sit amet, consectetur adipiscing elit. Nullam porttitor tortor turpis, vel semper massa hendrerit eu.<\/p><\/div>              \n              <div class=\"uc_stars\">\n          <div class=\"ue_rate\"><i class='fas fa-star'><\/i><\/div><div class=\"ue_rate\"><i class='fas fa-star'><\/i><\/div><div class=\"ue_rate\"><i class='fas fa-star'><\/i><\/div><div class=\"ue_rate\"><i class='fas fa-star'><\/i><\/div><div class=\"ue_rate\"><i class='fas fa-star'><\/i><\/div>                                                                                        <\/div>      \t        \n                    \n\t<\/div>   <\/div>\n<!-- end of block item -->\n\n\t<div class=\"uc_quote_item ue-item     elementor-repeater-item-abb7a5d\">\n    <div class=\"uc_quote_info\">\n                \n\t  <div class=\"uc_author\">\n                  <div class=\"ue-image\">\n\t        <img decoding=\"async\" class=\"uc_author_avatar\" src=\"https:\/\/rebranding-africa.com\/wp-content\/uploads\/ac_assets\/responsive_testemonial_carousel\/userpics\/3.jpg\" height=\"48\" width=\"48\" alt=\"\" \/>\n          <\/div>\n          <div class=\"ue-image-spacing\"><\/div>\n                          \n\t\t<div class=\"uc_author_info\">\n\t\t  <div class=\"ue_title\">Kasey<\/div>\t\t  <div class=\"ue_subtitle\">Belgique<\/div>\t\t<\/div>\n        \n\t  <\/div>      <!-- end of credentials -->\n              \n      <div class=\"ue-text\"><p>Lorem ipsum dolor sit amet, consectetur adipiscing elit. Nullam porttitor tortor turpis, vel semper massa hendrerit eu.<\/p><\/div>              \n              <div class=\"uc_stars\">\n          <div class=\"ue_rate\"><i class='fas fa-star'><\/i><\/div><div class=\"ue_rate\"><i class='fas fa-star'><\/i><\/div><div class=\"ue_rate\"><i class='fas fa-star'><\/i><\/div><div class=\"ue_rate\"><i class='fas fa-star'><\/i><\/div><div class=\"ue_rate\"><i class='fas fa-star'><\/i><\/div>                                                                                        <\/div>      \t        \n                    \n\t<\/div>   <\/div>\n<!-- end of block item -->\n\n\t<div class=\"uc_quote_item ue-item     elementor-repeater-item-70a717b\">\n    <div class=\"uc_quote_info\">\n                \n\t  <div class=\"uc_author\">\n                  <div class=\"ue-image\">\n\t        <img loading=\"lazy\" decoding=\"async\" class=\"uc_author_avatar\" src=\"https:\/\/rebranding-africa.com\/wp-content\/uploads\/ac_assets\/responsive_testemonial_carousel\/userpics\/4.jpg\" height=\"48\" width=\"48\" alt=\"\" \/>\n          <\/div>\n          <div class=\"ue-image-spacing\"><\/div>\n                          \n\t\t<div class=\"uc_author_info\">\n\t\t  <div class=\"ue_title\">Amber<\/div>\t\t  <div class=\"ue_subtitle\">Li\u00e8ge<\/div>\t\t<\/div>\n        \n\t  <\/div>      <!-- end of credentials -->\n              \n      <div class=\"ue-text\"><p>Lorem ipsum dolor sit amet, consectetur adipiscing elit. Nullam porttitor tortor turpis, vel semper massa hendrerit eu.<\/p><\/div>              \n              <div class=\"uc_stars\">\n          <div class=\"ue_rate\"><i class='fas fa-star'><\/i><\/div><div class=\"ue_rate\"><i class='fas fa-star'><\/i><\/div><div class=\"ue_rate\"><i class='fas fa-star'><\/i><\/div><div class=\"ue_rate\"><i class='fas fa-star'><\/i><\/div><div class=\"ue_rate\"><i class='fas fa-star'><\/i><\/div>                                                                                        <\/div>      \t        \n                    \n\t<\/div>   <\/div>\n<!-- end of block item -->\n\n    <\/div>\t\t\n    <!-- end carousel type owl -->\n\n  <!-- carousel type marquee -->\n    <!-- end carousel type marquee -->\n\n  <!-- carousel type coverflow -->\n    <!-- end carousel type coverflow -->\n\n  <!-- carousel type swipe -->\n    <!-- end carousel type swipe -->\n\n  <!-- carousel type grid -->\n    <!-- end carousel type grid -->\n\n<\/div>\n<!-- end Testimonial Carousel -->\t\t\t\t<\/div>\n\t\t\t\t<\/div>\n\t\t\t\t<div class=\"elementor-element elementor-element-e84e23b text-section-1 elementor-widget elementor-widget-text-editor\" data-id=\"e84e23b\" data-element_type=\"widget\" data-e-type=\"widget\" data-widget_type=\"text-editor.default\">\n\t\t\t\t\t\t\t\t\t<p>Rejoignez ces leaders exceptionnels lors de nos prochains \u00e9v\u00e9nements<\/p>\t\t\t\t\t\t\t\t<\/div>\n\t\t\t\t<div class=\"elementor-element elementor-element-22195f9 elementor-align-center elementor-widget elementor-widget-button\" data-id=\"22195f9\" data-element_type=\"widget\" data-e-type=\"widget\" data-widget_type=\"button.default\">\n\t\t\t\t\t\t\t\t\t\t<a class=\"elementor-button elementor-button-link elementor-size-sm\" href=\"#\">\n\t\t\t\t\t\t<span class=\"elementor-button-content-wrapper\">\n\t\t\t\t\t\t<span class=\"elementor-button-icon\">\n\t\t\t\t<i aria-hidden=\"true\" class=\"wb wb-arrow-right\"><\/i>\t\t\t<\/span>\n\t\t\t\t\t\t\t\t\t<span class=\"elementor-button-text\">Devenir Participant VIP<\/span>\n\t\t\t\t\t<\/span>\n\t\t\t\t\t<\/a>\n\t\t\t\t\t\t\t\t<\/div>\n\t\t\t\t\t<\/div>\n\t\t\t\t<\/div>\n\t\t\t\t<\/div>","protected":false},"excerpt":{"rendered":"<p>Vid\u00e9os 2018 https:\/\/www.youtube.com\/watch?v=l6Iu2pgIUyw&#038;feature=youtu.be T\u00e9moignages de nos Participants VIP D\u00e9couvrez les impressions de nos invit\u00e9s VIP qui ont particip\u00e9 aux pr\u00e9c\u00e9dentes \u00e9ditions et partag\u00e9 leur exp\u00e9rience unique. Alex Bruxelles Lorem ipsum dolor sit amet, consectetur adipiscing elit. Nullam porttitor tortor turpis, vel semper massa hendrerit eu. Ron Ohaine Lorem ipsum dolor sit amet, consectetur adipiscing elit. [&hellip;]<\/p>\n","protected":false},"author":3,"featured_media":0,"parent":20,"menu_order":0,"comment_status":"closed","ping_status":"closed","template":"","meta":{"_acf_changed":false,"footnotes":""},"class_list":["post-1576","page","type-page","status-publish","hentry"],"acf":[],"yoast_head":"<!-- This site is optimized with the Yoast SEO plugin v27.5 - https:\/\/yoast.com\/product\/yoast-seo-wordpress\/ -->\n<title>Vid\u00e9o 2018 - REBRANDING AFRICA FORUM<\/title>\n<meta name=\"robots\" content=\"index, follow, max-snippet:-1, max-image-preview:large, max-video-preview:-1\" \/>\n<link rel=\"canonical\" href=\"https:\/\/rebranding-africa.com\/pt\/r4f-tv\/video-2018\/\" \/>\n<meta property=\"og:locale\" content=\"pt_PT\" \/>\n<meta property=\"og:type\" content=\"article\" \/>\n<meta property=\"og:title\" content=\"Vid\u00e9o 2018 - REBRANDING AFRICA FORUM\" \/>\n<meta property=\"og:description\" content=\"Vid\u00e9os 2018 https:\/\/www.youtube.com\/watch?v=l6Iu2pgIUyw&#038;feature=youtu.be T\u00e9moignages de nos Participants VIP D\u00e9couvrez les impressions de nos invit\u00e9s VIP qui ont particip\u00e9 aux pr\u00e9c\u00e9dentes \u00e9ditions et partag\u00e9 leur exp\u00e9rience unique. Alex Bruxelles Lorem ipsum dolor sit amet, consectetur adipiscing elit. Nullam porttitor tortor turpis, vel semper massa hendrerit eu. Ron Ohaine Lorem ipsum dolor sit amet, consectetur adipiscing elit. [&hellip;]\" \/>\n<meta property=\"og:url\" content=\"https:\/\/rebranding-africa.com\/pt\/r4f-tv\/video-2018\/\" \/>\n<meta property=\"og:site_name\" content=\"REBRANDING AFRICA FORUM\" \/>\n<meta property=\"article:modified_time\" content=\"2025-07-23T14:20:53+00:00\" \/>\n<meta property=\"og:image\" content=\"https:\/\/rebranding-africa.com\/wp-content\/uploads\/ac_assets\/responsive_testemonial_carousel\/user.jpg\" \/>\n<meta name=\"twitter:card\" content=\"summary_large_image\" \/>\n<meta name=\"twitter:label1\" content=\"Tempo estimado de leitura\" \/>\n\t<meta name=\"twitter:data1\" content=\"3 minutos\" \/>\n<script type=\"application\/ld+json\" class=\"yoast-schema-graph\">{\"@context\":\"https:\\\/\\\/schema.org\",\"@graph\":[{\"@type\":\"WebPage\",\"@id\":\"https:\\\/\\\/rebranding-africa.com\\\/r4f-tv\\\/video-2018\\\/\",\"url\":\"https:\\\/\\\/rebranding-africa.com\\\/r4f-tv\\\/video-2018\\\/\",\"name\":\"Vid\u00e9o 2018 - REBRANDING AFRICA FORUM\",\"isPartOf\":{\"@id\":\"https:\\\/\\\/rebranding-africa.com\\\/#website\"},\"primaryImageOfPage\":{\"@id\":\"https:\\\/\\\/rebranding-africa.com\\\/r4f-tv\\\/video-2018\\\/#primaryimage\"},\"image\":{\"@id\":\"https:\\\/\\\/rebranding-africa.com\\\/r4f-tv\\\/video-2018\\\/#primaryimage\"},\"thumbnailUrl\":\"https:\\\/\\\/rebranding-africa.com\\\/wp-content\\\/uploads\\\/ac_assets\\\/responsive_testemonial_carousel\\\/user.jpg\",\"datePublished\":\"2025-07-23T08:53:40+00:00\",\"dateModified\":\"2025-07-23T14:20:53+00:00\",\"breadcrumb\":{\"@id\":\"https:\\\/\\\/rebranding-africa.com\\\/r4f-tv\\\/video-2018\\\/#breadcrumb\"},\"inLanguage\":\"pt-PT\",\"potentialAction\":[{\"@type\":\"ReadAction\",\"target\":[\"https:\\\/\\\/rebranding-africa.com\\\/r4f-tv\\\/video-2018\\\/\"]}]},{\"@type\":\"ImageObject\",\"inLanguage\":\"pt-PT\",\"@id\":\"https:\\\/\\\/rebranding-africa.com\\\/r4f-tv\\\/video-2018\\\/#primaryimage\",\"url\":\"https:\\\/\\\/rebranding-africa.com\\\/wp-content\\\/uploads\\\/ac_assets\\\/responsive_testemonial_carousel\\\/user.jpg\",\"contentUrl\":\"https:\\\/\\\/rebranding-africa.com\\\/wp-content\\\/uploads\\\/ac_assets\\\/responsive_testemonial_carousel\\\/user.jpg\"},{\"@type\":\"BreadcrumbList\",\"@id\":\"https:\\\/\\\/rebranding-africa.com\\\/r4f-tv\\\/video-2018\\\/#breadcrumb\",\"itemListElement\":[{\"@type\":\"ListItem\",\"position\":1,\"name\":\"Accueil\",\"item\":\"https:\\\/\\\/rebranding-africa.com\\\/\"},{\"@type\":\"ListItem\",\"position\":2,\"name\":\"RAF TV\",\"item\":\"https:\\\/\\\/rebranding-africa.com\\\/r4f-tv\\\/\"},{\"@type\":\"ListItem\",\"position\":3,\"name\":\"Vid\u00e9o 2018\"}]},{\"@type\":\"WebSite\",\"@id\":\"https:\\\/\\\/rebranding-africa.com\\\/#website\",\"url\":\"https:\\\/\\\/rebranding-africa.com\\\/\",\"name\":\"REBRANDING AFRICA FORUM\",\"description\":\"\",\"publisher\":{\"@id\":\"https:\\\/\\\/rebranding-africa.com\\\/#organization\"},\"potentialAction\":[{\"@type\":\"SearchAction\",\"target\":{\"@type\":\"EntryPoint\",\"urlTemplate\":\"https:\\\/\\\/rebranding-africa.com\\\/?s={search_term_string}\"},\"query-input\":{\"@type\":\"PropertyValueSpecification\",\"valueRequired\":true,\"valueName\":\"search_term_string\"}}],\"inLanguage\":\"pt-PT\"},{\"@type\":\"Organization\",\"@id\":\"https:\\\/\\\/rebranding-africa.com\\\/#organization\",\"name\":\"REBRANDING AFRICA FORUM\",\"url\":\"https:\\\/\\\/rebranding-africa.com\\\/\",\"logo\":{\"@type\":\"ImageObject\",\"inLanguage\":\"pt-PT\",\"@id\":\"https:\\\/\\\/rebranding-africa.com\\\/#\\\/schema\\\/logo\\\/image\\\/\",\"url\":\"https:\\\/\\\/rebranding-africa.com\\\/wp-content\\\/uploads\\\/2025\\\/07\\\/Logo.webp\",\"contentUrl\":\"https:\\\/\\\/rebranding-africa.com\\\/wp-content\\\/uploads\\\/2025\\\/07\\\/Logo.webp\",\"width\":340,\"height\":149,\"caption\":\"REBRANDING AFRICA FORUM\"},\"image\":{\"@id\":\"https:\\\/\\\/rebranding-africa.com\\\/#\\\/schema\\\/logo\\\/image\\\/\"}}]}<\/script>\n<!-- \/ Yoast SEO plugin. -->","yoast_head_json":{"title":"Vid\u00e9o 2018 - REBRANDING AFRICA FORUM","robots":{"index":"index","follow":"follow","max-snippet":"max-snippet:-1","max-image-preview":"max-image-preview:large","max-video-preview":"max-video-preview:-1"},"canonical":"https:\/\/rebranding-africa.com\/pt\/r4f-tv\/video-2018\/","og_locale":"pt_PT","og_type":"article","og_title":"Vid\u00e9o 2018 - REBRANDING AFRICA FORUM","og_description":"Vid\u00e9os 2018 https:\/\/www.youtube.com\/watch?v=l6Iu2pgIUyw&#038;feature=youtu.be T\u00e9moignages de nos Participants VIP D\u00e9couvrez les impressions de nos invit\u00e9s VIP qui ont particip\u00e9 aux pr\u00e9c\u00e9dentes \u00e9ditions et partag\u00e9 leur exp\u00e9rience unique. Alex Bruxelles Lorem ipsum dolor sit amet, consectetur adipiscing elit. Nullam porttitor tortor turpis, vel semper massa hendrerit eu. Ron Ohaine Lorem ipsum dolor sit amet, consectetur adipiscing elit. [&hellip;]","og_url":"https:\/\/rebranding-africa.com\/pt\/r4f-tv\/video-2018\/","og_site_name":"REBRANDING AFRICA FORUM","article_modified_time":"2025-07-23T14:20:53+00:00","og_image":[{"url":"https:\/\/rebranding-africa.com\/wp-content\/uploads\/ac_assets\/responsive_testemonial_carousel\/user.jpg","type":"","width":"","height":""}],"twitter_card":"summary_large_image","twitter_misc":{"Tempo estimado de leitura":"3 minutos"},"schema":{"@context":"https:\/\/schema.org","@graph":[{"@type":"WebPage","@id":"https:\/\/rebranding-africa.com\/r4f-tv\/video-2018\/","url":"https:\/\/rebranding-africa.com\/r4f-tv\/video-2018\/","name":"Vid\u00e9o 2018 - REBRANDING AFRICA FORUM","isPartOf":{"@id":"https:\/\/rebranding-africa.com\/#website"},"primaryImageOfPage":{"@id":"https:\/\/rebranding-africa.com\/r4f-tv\/video-2018\/#primaryimage"},"image":{"@id":"https:\/\/rebranding-africa.com\/r4f-tv\/video-2018\/#primaryimage"},"thumbnailUrl":"https:\/\/rebranding-africa.com\/wp-content\/uploads\/ac_assets\/responsive_testemonial_carousel\/user.jpg","datePublished":"2025-07-23T08:53:40+00:00","dateModified":"2025-07-23T14:20:53+00:00","breadcrumb":{"@id":"https:\/\/rebranding-africa.com\/r4f-tv\/video-2018\/#breadcrumb"},"inLanguage":"pt-PT","potentialAction":[{"@type":"ReadAction","target":["https:\/\/rebranding-africa.com\/r4f-tv\/video-2018\/"]}]},{"@type":"ImageObject","inLanguage":"pt-PT","@id":"https:\/\/rebranding-africa.com\/r4f-tv\/video-2018\/#primaryimage","url":"https:\/\/rebranding-africa.com\/wp-content\/uploads\/ac_assets\/responsive_testemonial_carousel\/user.jpg","contentUrl":"https:\/\/rebranding-africa.com\/wp-content\/uploads\/ac_assets\/responsive_testemonial_carousel\/user.jpg"},{"@type":"BreadcrumbList","@id":"https:\/\/rebranding-africa.com\/r4f-tv\/video-2018\/#breadcrumb","itemListElement":[{"@type":"ListItem","position":1,"name":"Accueil","item":"https:\/\/rebranding-africa.com\/"},{"@type":"ListItem","position":2,"name":"RAF TV","item":"https:\/\/rebranding-africa.com\/r4f-tv\/"},{"@type":"ListItem","position":3,"name":"Vid\u00e9o 2018"}]},{"@type":"WebSite","@id":"https:\/\/rebranding-africa.com\/#website","url":"https:\/\/rebranding-africa.com\/","name":"REBRANDING AFRICA FORUM","description":"","publisher":{"@id":"https:\/\/rebranding-africa.com\/#organization"},"potentialAction":[{"@type":"SearchAction","target":{"@type":"EntryPoint","urlTemplate":"https:\/\/rebranding-africa.com\/?s={search_term_string}"},"query-input":{"@type":"PropertyValueSpecification","valueRequired":true,"valueName":"search_term_string"}}],"inLanguage":"pt-PT"},{"@type":"Organization","@id":"https:\/\/rebranding-africa.com\/#organization","name":"REBRANDING AFRICA FORUM","url":"https:\/\/rebranding-africa.com\/","logo":{"@type":"ImageObject","inLanguage":"pt-PT","@id":"https:\/\/rebranding-africa.com\/#\/schema\/logo\/image\/","url":"https:\/\/rebranding-africa.com\/wp-content\/uploads\/2025\/07\/Logo.webp","contentUrl":"https:\/\/rebranding-africa.com\/wp-content\/uploads\/2025\/07\/Logo.webp","width":340,"height":149,"caption":"REBRANDING AFRICA FORUM"},"image":{"@id":"https:\/\/rebranding-africa.com\/#\/schema\/logo\/image\/"}}]}},"_links":{"self":[{"href":"https:\/\/rebranding-africa.com\/pt\/wp-json\/wp\/v2\/pages\/1576","targetHints":{"allow":["GET"]}}],"collection":[{"href":"https:\/\/rebranding-africa.com\/pt\/wp-json\/wp\/v2\/pages"}],"about":[{"href":"https:\/\/rebranding-africa.com\/pt\/wp-json\/wp\/v2\/types\/page"}],"author":[{"embeddable":true,"href":"https:\/\/rebranding-africa.com\/pt\/wp-json\/wp\/v2\/users\/3"}],"replies":[{"embeddable":true,"href":"https:\/\/rebranding-africa.com\/pt\/wp-json\/wp\/v2\/comments?post=1576"}],"version-history":[{"count":4,"href":"https:\/\/rebranding-africa.com\/pt\/wp-json\/wp\/v2\/pages\/1576\/revisions"}],"predecessor-version":[{"id":1659,"href":"https:\/\/rebranding-africa.com\/pt\/wp-json\/wp\/v2\/pages\/1576\/revisions\/1659"}],"up":[{"embeddable":true,"href":"https:\/\/rebranding-africa.com\/pt\/wp-json\/wp\/v2\/pages\/20"}],"wp:attachment":[{"href":"https:\/\/rebranding-africa.com\/pt\/wp-json\/wp\/v2\/media?parent=1576"}],"curies":[{"name":"wp","href":"https:\/\/api.w.org\/{rel}","templated":true}]}}